{"id":4889,"date":"2023-08-10T17:05:49","date_gmt":"2023-08-10T15:05:49","guid":{"rendered":"https:\/\/nereamendizabal.eus\/?post_type=product&#038;p=4889"},"modified":"2023-08-10T17:56:08","modified_gmt":"2023-08-10T15:56:08","slug":"una-educacion-que-enriquece-la-vida-la-comunicacion-noviolenta-ayuda-a-las-escuelas-a-mejorar-el-rendimiento-reducir-los-conflictos-y-enriquecer-las-relaciones-marshall-b-rosenberg","status":"publish","type":"product","link":"https:\/\/nereamendizabal.eus\/es\/producto\/una-educacion-que-enriquece-la-vida-la-comunicacion-noviolenta-ayuda-a-las-escuelas-a-mejorar-el-rendimiento-reducir-los-conflictos-y-enriquecer-las-relaciones-marshall-b-rosenberg\/","title":{"rendered":"Una educaci\u00f3n que enriquece la vida La comunicaci\u00f3n NoViolenta ayuda a las escuelas a mejorar el rendimiento, reducir los conflictos y enriquecer las relaciones Marshall B.Rosenberg"},"content":{"rendered":"<p>Hace falta un nuevo enfoque de la educaci\u00f3n, uno al servicio de la vida de todas las personas involucradas en la comunidad educativa. Marshall Rosenberg plasma su visi\u00f3n de ese enfoque en Una educaci\u00f3n que enriquece la vida. Una perspectiva de la educaci\u00f3n basada en relaciones de respeto mutuo entre estudiantes, docentes, equipo directivo y familias. Se trata de que las personas conecten entre s\u00ed de una forma nueva y poderosa para crear escuelas extraordinarias que cubran las necesidades de todas las partes.<\/p>\n<p><strong>&nbsp;<\/strong><\/p>\n<p style=\"padding-left: 40px;\" data-mce-style=\"padding-left: 40px;\"><strong>Cap\u00edtulo 1: hacia una educaci\u00f3n&nbsp; que enriquece la vida<\/strong><br \/><strong>Cap\u00edtulo 2: expresar mensajes que enriquecen la vida<\/strong><\/p>\n<p style=\"padding-left: 40px;\" data-mce-style=\"padding-left: 40px;\"><strong>Cap\u00edtulo 3: escuchar los mensajes con empat\u00eda<\/strong><\/p>\n<p style=\"padding-left: 40px;\" data-mce-style=\"padding-left: 40px;\"><strong>Cap\u00edtulo 4: crear relaciones de colaboraci\u00f3n entre alumnado y profesorado<\/strong><br \/><strong>Cap\u00edtulo 5: crear una comunidad de aprendizaje interdependiente<\/strong><\/p>\n<p style=\"padding-left: 40px;\" data-mce-style=\"padding-left: 40px;\"><strong>Cap\u00edtulo 6: transformar las escuelas<\/strong><\/p>\n<p><strong>&nbsp;<\/strong><\/p>\n","protected":false},"excerpt":{"rendered":"<p><em>La comunicaci\u00f3n NoViolenta ayuda a las escuelas a mejorar el rendimiento, reducir los conflictos y enriquecer las relaciones<\/em><\/p>\n<p>Estudiantes a los que les encanta aprender<br \/>y docentes a los que les encanta ense\u00f1ar\u2026<\/p>\n<ul>\n<li>15,2 x 22,8 cm<\/li>\n<li>203 p\u00e1ginas<\/li>\n<\/ul>\n","protected":false},"featured_media":4892,"template":"","meta":{"om_disable_all_campaigns":false},"product_brand":[],"product_cat":[94],"product_tag":[],"class_list":{"0":"post-4889","1":"product","2":"type-product","3":"status-publish","4":"has-post-thumbnail","6":"product_cat-libros","7":"product_shipping_class-envio-normal","8":"pa_hizkuntza-castellano-es","10":"first","11":"instock","12":"taxable","13":"shipping-taxable","14":"purchasable","15":"product-type-variable"},"yoast_head":"<!-- This site is optimized with the Yoast SEO plugin v27.5 - https:\/\/yoast.com\/product\/yoast-seo-wordpress\/ -->\n<title>Una educaci\u00f3n que enriquece la vida La comunicaci\u00f3n NoViolenta ayuda a las escuelas a mejorar el rendimiento, reducir los conflictos y enriquecer las relaciones Marshall B.Rosenberg - Nerea Mendizabal<\/title>\n<meta name=\"description\" content=\"la educacion\" \/>\n<meta name=\"robots\" content=\"index, follow, max-snippet:-1, max-image-preview:large, max-video-preview:-1\" \/>\n<link rel=\"canonical\" href=\"https:\/\/nereamendizabal.eus\/es\/producto\/una-educacion-que-enriquece-la-vida-la-comunicacion-noviolenta-ayuda-a-las-escuelas-a-mejorar-el-rendimiento-reducir-los-conflictos-y-enriquecer-las-relaciones-marshall-b-rosenberg\/\" \/>\n<meta property=\"og:locale\" content=\"es_ES\" \/>\n<meta property=\"og:type\" content=\"article\" \/>\n<meta property=\"og:title\" content=\"Una educaci\u00f3n que enriquece la vida La comunicaci\u00f3n NoViolenta ayuda a las escuelas a mejorar el rendimiento, reducir los conflictos y enriquecer las relaciones Marshall B.Rosenberg - Nerea Mendizabal\" \/>\n<meta property=\"og:description\" content=\"la educacion\" \/>\n<meta property=\"og:url\" content=\"https:\/\/nereamendizabal.eus\/es\/producto\/una-educacion-que-enriquece-la-vida-la-comunicacion-noviolenta-ayuda-a-las-escuelas-a-mejorar-el-rendimiento-reducir-los-conflictos-y-enriquecer-las-relaciones-marshall-b-rosenberg\/\" \/>\n<meta property=\"og:site_name\" content=\"Nerea Mendizabal\" \/>\n<meta property=\"article:modified_time\" content=\"2023-08-10T15:56:08+00:00\" \/>\n<meta property=\"og:image\" content=\"https:\/\/nereamendizabal.eus\/wp-content\/uploads\/2023\/08\/la-educacion.jpg\" \/>\n\t<meta property=\"og:image:width\" content=\"305\" \/>\n\t<meta property=\"og:image:height\" content=\"460\" \/>\n\t<meta property=\"og:image:type\" content=\"image\/jpeg\" \/>\n<meta name=\"twitter:card\" content=\"summary_large_image\" \/>\n<meta name=\"twitter:label1\" content=\"Tiempo de lectura\" \/>\n\t<meta name=\"twitter:data1\" content=\"1 minuto\" \/>\n<script type=\"application\/ld+json\" class=\"yoast-schema-graph\">{\"@context\":\"https:\\\/\\\/schema.org\",\"@graph\":[{\"@type\":\"WebPage\",\"@id\":\"https:\\\/\\\/nereamendizabal.eus\\\/es\\\/producto\\\/una-educacion-que-enriquece-la-vida-la-comunicacion-noviolenta-ayuda-a-las-escuelas-a-mejorar-el-rendimiento-reducir-los-conflictos-y-enriquecer-las-relaciones-marshall-b-rosenberg\\\/\",\"url\":\"https:\\\/\\\/nereamendizabal.eus\\\/es\\\/producto\\\/una-educacion-que-enriquece-la-vida-la-comunicacion-noviolenta-ayuda-a-las-escuelas-a-mejorar-el-rendimiento-reducir-los-conflictos-y-enriquecer-las-relaciones-marshall-b-rosenberg\\\/\",\"name\":\"Una educaci\u00f3n que enriquece la vida La comunicaci\u00f3n NoViolenta ayuda a las escuelas a mejorar el rendimiento, reducir los conflictos y enriquecer las relaciones Marshall B.Rosenberg - Nerea Mendizabal\",\"isPartOf\":{\"@id\":\"https:\\\/\\\/nereamendizabal.eus\\\/es\\\/#website\"},\"primaryImageOfPage\":{\"@id\":\"https:\\\/\\\/nereamendizabal.eus\\\/es\\\/producto\\\/una-educacion-que-enriquece-la-vida-la-comunicacion-noviolenta-ayuda-a-las-escuelas-a-mejorar-el-rendimiento-reducir-los-conflictos-y-enriquecer-las-relaciones-marshall-b-rosenberg\\\/#primaryimage\"},\"image\":{\"@id\":\"https:\\\/\\\/nereamendizabal.eus\\\/es\\\/producto\\\/una-educacion-que-enriquece-la-vida-la-comunicacion-noviolenta-ayuda-a-las-escuelas-a-mejorar-el-rendimiento-reducir-los-conflictos-y-enriquecer-las-relaciones-marshall-b-rosenberg\\\/#primaryimage\"},\"thumbnailUrl\":\"https:\\\/\\\/nereamendizabal.eus\\\/wp-content\\\/uploads\\\/2023\\\/08\\\/la-educacion.jpg\",\"datePublished\":\"2023-08-10T15:05:49+00:00\",\"dateModified\":\"2023-08-10T15:56:08+00:00\",\"description\":\"la educacion\",\"breadcrumb\":{\"@id\":\"https:\\\/\\\/nereamendizabal.eus\\\/es\\\/producto\\\/una-educacion-que-enriquece-la-vida-la-comunicacion-noviolenta-ayuda-a-las-escuelas-a-mejorar-el-rendimiento-reducir-los-conflictos-y-enriquecer-las-relaciones-marshall-b-rosenberg\\\/#breadcrumb\"},\"inLanguage\":\"es\",\"potentialAction\":[{\"@type\":\"ReadAction\",\"target\":[\"https:\\\/\\\/nereamendizabal.eus\\\/es\\\/producto\\\/una-educacion-que-enriquece-la-vida-la-comunicacion-noviolenta-ayuda-a-las-escuelas-a-mejorar-el-rendimiento-reducir-los-conflictos-y-enriquecer-las-relaciones-marshall-b-rosenberg\\\/\"]}]},{\"@type\":\"ImageObject\",\"inLanguage\":\"es\",\"@id\":\"https:\\\/\\\/nereamendizabal.eus\\\/es\\\/producto\\\/una-educacion-que-enriquece-la-vida-la-comunicacion-noviolenta-ayuda-a-las-escuelas-a-mejorar-el-rendimiento-reducir-los-conflictos-y-enriquecer-las-relaciones-marshall-b-rosenberg\\\/#primaryimage\",\"url\":\"https:\\\/\\\/nereamendizabal.eus\\\/wp-content\\\/uploads\\\/2023\\\/08\\\/la-educacion.jpg\",\"contentUrl\":\"https:\\\/\\\/nereamendizabal.eus\\\/wp-content\\\/uploads\\\/2023\\\/08\\\/la-educacion.jpg\",\"width\":305,\"height\":460},{\"@type\":\"BreadcrumbList\",\"@id\":\"https:\\\/\\\/nereamendizabal.eus\\\/es\\\/producto\\\/una-educacion-que-enriquece-la-vida-la-comunicacion-noviolenta-ayuda-a-las-escuelas-a-mejorar-el-rendimiento-reducir-los-conflictos-y-enriquecer-las-relaciones-marshall-b-rosenberg\\\/#breadcrumb\",\"itemListElement\":[{\"@type\":\"ListItem\",\"position\":1,\"name\":\"Portada\",\"item\":\"https:\\\/\\\/nereamendizabal.eus\\\/es\\\/\"},{\"@type\":\"ListItem\",\"position\":2,\"name\":\"Tienda\",\"item\":\"https:\\\/\\\/nereamendizabal.eus\\\/es\\\/tienda\\\/\"},{\"@type\":\"ListItem\",\"position\":3,\"name\":\"Una educaci\u00f3n que enriquece la vida La comunicaci\u00f3n NoViolenta ayuda a las escuelas a mejorar el rendimiento, reducir los conflictos y enriquecer las relaciones Marshall B.Rosenberg\"}]},{\"@type\":\"WebSite\",\"@id\":\"https:\\\/\\\/nereamendizabal.eus\\\/es\\\/#website\",\"url\":\"https:\\\/\\\/nereamendizabal.eus\\\/es\\\/\",\"name\":\"Nerea Mendizabal\",\"description\":\"Comunicaci\u00f3n No Violenta\",\"publisher\":{\"@id\":\"https:\\\/\\\/nereamendizabal.eus\\\/es\\\/#\\\/schema\\\/person\\\/bd256c9b2004cb1f2b7810545da489b1\"},\"potentialAction\":[{\"@type\":\"SearchAction\",\"target\":{\"@type\":\"EntryPoint\",\"urlTemplate\":\"https:\\\/\\\/nereamendizabal.eus\\\/es\\\/?s={search_term_string}\"},\"query-input\":{\"@type\":\"PropertyValueSpecification\",\"valueRequired\":true,\"valueName\":\"search_term_string\"}}],\"inLanguage\":\"es\"},{\"@type\":[\"Person\",\"Organization\"],\"@id\":\"https:\\\/\\\/nereamendizabal.eus\\\/es\\\/#\\\/schema\\\/person\\\/bd256c9b2004cb1f2b7810545da489b1\",\"name\":\"Nerea Mendizabal (Zestoa, 1976)\",\"image\":{\"@type\":\"ImageObject\",\"inLanguage\":\"es\",\"@id\":\"https:\\\/\\\/nereamendizabal.eus\\\/wp-content\\\/uploads\\\/2019\\\/12\\\/Logo-Nerea-Mendizabal-movil-1x.png\",\"url\":\"https:\\\/\\\/nereamendizabal.eus\\\/wp-content\\\/uploads\\\/2019\\\/12\\\/Logo-Nerea-Mendizabal-movil-1x.png\",\"contentUrl\":\"https:\\\/\\\/nereamendizabal.eus\\\/wp-content\\\/uploads\\\/2019\\\/12\\\/Logo-Nerea-Mendizabal-movil-1x.png\",\"width\":237,\"height\":56,\"caption\":\"Nerea Mendizabal (Zestoa, 1976)\"},\"logo\":{\"@id\":\"https:\\\/\\\/nereamendizabal.eus\\\/wp-content\\\/uploads\\\/2019\\\/12\\\/Logo-Nerea-Mendizabal-movil-1x.png\"},\"description\":\"Psikopedagogia, Gizarte hezkuntza eta Komunikazio Ez Bortitzeko ikasketei urte batzuk eskaini nizkion. Nor naizen jakiteko bidean jarraitzen dut eta jarraituko dut, erlazioetan elikatu nahian eta besteen aurkikuntza prozesuetan bidelagun izatearekin batera. Pasioa eta ogibidea bat eginda bizitzearen pribilegioa bizi dut. Azken hamarkadan materialen sorkuntzak ere biziki harrapatu nau, \u201cZutani\u201d jolas didaktikoa, \u201cZutani, bizitzako altxor kutxa\u201d aplikazioa, \u201cElkarrekin hazi\u201d eta \u201cJirafa hizkuntza\u201d liburuak, \u201cKira jirafa eta haserrearen diamanteak\u201d ipuinekin formatu desberdinetan erlazioetarako euskarriak sortuz. Eta orain oharkabean, ahots eta musikaz baliatzeak, hitzez azaldu nahi dudana kodigo sentituagoetara eraman nau. Musikak, kantuak, gitarra jotzeak eta dantzak barruko espazioetara eramaten naute, gozamena eta bizitzeko gogoa nigan bizitu egiten direlarik. Dediqu\u00e9 unos cuantos a\u00f1os a los estudios de Psicopedagog\u00eda, Educaci\u00f3n Social y Comunicaci\u00f3n No Violenta. Sigo y seguir\u00e9 en el camino de saber qui\u00e9n soy, queriendo nutrirme de las relaciones que me rodean, a la vez que acompa\u00f1o a las personas que acuden a m\u00ed en sus procesos de descubrimiento. Vivo con toda mi entrega el privilegio de unir la pasi\u00f3n y el oficio. En la \u00faltima d\u00e9cada tambi\u00e9n me he volcado en la creaci\u00f3n de materiales, como el juego did\u00e1ctico Zutani, la aplicaci\u00f3n Zutani, bizitzako altxor kutxa, los libros Crecer juntos y Lenguaje jirafa y el cuento La jirafa Kira y los diamantes del enfado, a\u00f1adiendo, en diferentes formatos, soportes complementarios que mejoren el funcionamiento de las relaciones. Y ahora, me lanzo a expresar en otro registro, ya que la expresi\u00f3n a trav\u00e9s de la m\u00fasica, el canto, la guitarra y la danza me conducen a espacios interiores m\u00e1s amplios, donde pongo en valor el disfrute y las ganas de vivir que se apoderan de m\u00ed. \u2063\"}]}<\/script>\n<!-- \/ Yoast SEO plugin. -->","yoast_head_json":{"title":"Una educaci\u00f3n que enriquece la vida La comunicaci\u00f3n NoViolenta ayuda a las escuelas a mejorar el rendimiento, reducir los conflictos y enriquecer las relaciones Marshall B.Rosenberg - Nerea Mendizabal","description":"la educacion","robots":{"index":"index","follow":"follow","max-snippet":"max-snippet:-1","max-image-preview":"max-image-preview:large","max-video-preview":"max-video-preview:-1"},"canonical":"https:\/\/nereamendizabal.eus\/es\/producto\/una-educacion-que-enriquece-la-vida-la-comunicacion-noviolenta-ayuda-a-las-escuelas-a-mejorar-el-rendimiento-reducir-los-conflictos-y-enriquecer-las-relaciones-marshall-b-rosenberg\/","og_locale":"es_ES","og_type":"article","og_title":"Una educaci\u00f3n que enriquece la vida La comunicaci\u00f3n NoViolenta ayuda a las escuelas a mejorar el rendimiento, reducir los conflictos y enriquecer las relaciones Marshall B.Rosenberg - Nerea Mendizabal","og_description":"la educacion","og_url":"https:\/\/nereamendizabal.eus\/es\/producto\/una-educacion-que-enriquece-la-vida-la-comunicacion-noviolenta-ayuda-a-las-escuelas-a-mejorar-el-rendimiento-reducir-los-conflictos-y-enriquecer-las-relaciones-marshall-b-rosenberg\/","og_site_name":"Nerea Mendizabal","article_modified_time":"2023-08-10T15:56:08+00:00","og_image":[{"width":305,"height":460,"url":"https:\/\/nereamendizabal.eus\/wp-content\/uploads\/2023\/08\/la-educacion.jpg","type":"image\/jpeg"}],"twitter_card":"summary_large_image","twitter_misc":{"Tiempo de lectura":"1 minuto"},"schema":{"@context":"https:\/\/schema.org","@graph":[{"@type":"WebPage","@id":"https:\/\/nereamendizabal.eus\/es\/producto\/una-educacion-que-enriquece-la-vida-la-comunicacion-noviolenta-ayuda-a-las-escuelas-a-mejorar-el-rendimiento-reducir-los-conflictos-y-enriquecer-las-relaciones-marshall-b-rosenberg\/","url":"https:\/\/nereamendizabal.eus\/es\/producto\/una-educacion-que-enriquece-la-vida-la-comunicacion-noviolenta-ayuda-a-las-escuelas-a-mejorar-el-rendimiento-reducir-los-conflictos-y-enriquecer-las-relaciones-marshall-b-rosenberg\/","name":"Una educaci\u00f3n que enriquece la vida La comunicaci\u00f3n NoViolenta ayuda a las escuelas a mejorar el rendimiento, reducir los conflictos y enriquecer las relaciones Marshall B.Rosenberg - Nerea Mendizabal","isPartOf":{"@id":"https:\/\/nereamendizabal.eus\/es\/#website"},"primaryImageOfPage":{"@id":"https:\/\/nereamendizabal.eus\/es\/producto\/una-educacion-que-enriquece-la-vida-la-comunicacion-noviolenta-ayuda-a-las-escuelas-a-mejorar-el-rendimiento-reducir-los-conflictos-y-enriquecer-las-relaciones-marshall-b-rosenberg\/#primaryimage"},"image":{"@id":"https:\/\/nereamendizabal.eus\/es\/producto\/una-educacion-que-enriquece-la-vida-la-comunicacion-noviolenta-ayuda-a-las-escuelas-a-mejorar-el-rendimiento-reducir-los-conflictos-y-enriquecer-las-relaciones-marshall-b-rosenberg\/#primaryimage"},"thumbnailUrl":"https:\/\/nereamendizabal.eus\/wp-content\/uploads\/2023\/08\/la-educacion.jpg","datePublished":"2023-08-10T15:05:49+00:00","dateModified":"2023-08-10T15:56:08+00:00","description":"la educacion","breadcrumb":{"@id":"https:\/\/nereamendizabal.eus\/es\/producto\/una-educacion-que-enriquece-la-vida-la-comunicacion-noviolenta-ayuda-a-las-escuelas-a-mejorar-el-rendimiento-reducir-los-conflictos-y-enriquecer-las-relaciones-marshall-b-rosenberg\/#breadcrumb"},"inLanguage":"es","potentialAction":[{"@type":"ReadAction","target":["https:\/\/nereamendizabal.eus\/es\/producto\/una-educacion-que-enriquece-la-vida-la-comunicacion-noviolenta-ayuda-a-las-escuelas-a-mejorar-el-rendimiento-reducir-los-conflictos-y-enriquecer-las-relaciones-marshall-b-rosenberg\/"]}]},{"@type":"ImageObject","inLanguage":"es","@id":"https:\/\/nereamendizabal.eus\/es\/producto\/una-educacion-que-enriquece-la-vida-la-comunicacion-noviolenta-ayuda-a-las-escuelas-a-mejorar-el-rendimiento-reducir-los-conflictos-y-enriquecer-las-relaciones-marshall-b-rosenberg\/#primaryimage","url":"https:\/\/nereamendizabal.eus\/wp-content\/uploads\/2023\/08\/la-educacion.jpg","contentUrl":"https:\/\/nereamendizabal.eus\/wp-content\/uploads\/2023\/08\/la-educacion.jpg","width":305,"height":460},{"@type":"BreadcrumbList","@id":"https:\/\/nereamendizabal.eus\/es\/producto\/una-educacion-que-enriquece-la-vida-la-comunicacion-noviolenta-ayuda-a-las-escuelas-a-mejorar-el-rendimiento-reducir-los-conflictos-y-enriquecer-las-relaciones-marshall-b-rosenberg\/#breadcrumb","itemListElement":[{"@type":"ListItem","position":1,"name":"Portada","item":"https:\/\/nereamendizabal.eus\/es\/"},{"@type":"ListItem","position":2,"name":"Tienda","item":"https:\/\/nereamendizabal.eus\/es\/tienda\/"},{"@type":"ListItem","position":3,"name":"Una educaci\u00f3n que enriquece la vida La comunicaci\u00f3n NoViolenta ayuda a las escuelas a mejorar el rendimiento, reducir los conflictos y enriquecer las relaciones Marshall B.Rosenberg"}]},{"@type":"WebSite","@id":"https:\/\/nereamendizabal.eus\/es\/#website","url":"https:\/\/nereamendizabal.eus\/es\/","name":"Nerea Mendizabal","description":"Comunicaci\u00f3n No Violenta","publisher":{"@id":"https:\/\/nereamendizabal.eus\/es\/#\/schema\/person\/bd256c9b2004cb1f2b7810545da489b1"},"potentialAction":[{"@type":"SearchAction","target":{"@type":"EntryPoint","urlTemplate":"https:\/\/nereamendizabal.eus\/es\/?s={search_term_string}"},"query-input":{"@type":"PropertyValueSpecification","valueRequired":true,"valueName":"search_term_string"}}],"inLanguage":"es"},{"@type":["Person","Organization"],"@id":"https:\/\/nereamendizabal.eus\/es\/#\/schema\/person\/bd256c9b2004cb1f2b7810545da489b1","name":"Nerea Mendizabal (Zestoa, 1976)","image":{"@type":"ImageObject","inLanguage":"es","@id":"https:\/\/nereamendizabal.eus\/wp-content\/uploads\/2019\/12\/Logo-Nerea-Mendizabal-movil-1x.png","url":"https:\/\/nereamendizabal.eus\/wp-content\/uploads\/2019\/12\/Logo-Nerea-Mendizabal-movil-1x.png","contentUrl":"https:\/\/nereamendizabal.eus\/wp-content\/uploads\/2019\/12\/Logo-Nerea-Mendizabal-movil-1x.png","width":237,"height":56,"caption":"Nerea Mendizabal (Zestoa, 1976)"},"logo":{"@id":"https:\/\/nereamendizabal.eus\/wp-content\/uploads\/2019\/12\/Logo-Nerea-Mendizabal-movil-1x.png"},"description":"Psikopedagogia, Gizarte hezkuntza eta Komunikazio Ez Bortitzeko ikasketei urte batzuk eskaini nizkion. Nor naizen jakiteko bidean jarraitzen dut eta jarraituko dut, erlazioetan elikatu nahian eta besteen aurkikuntza prozesuetan bidelagun izatearekin batera. Pasioa eta ogibidea bat eginda bizitzearen pribilegioa bizi dut. Azken hamarkadan materialen sorkuntzak ere biziki harrapatu nau, \u201cZutani\u201d jolas didaktikoa, \u201cZutani, bizitzako altxor kutxa\u201d aplikazioa, \u201cElkarrekin hazi\u201d eta \u201cJirafa hizkuntza\u201d liburuak, \u201cKira jirafa eta haserrearen diamanteak\u201d ipuinekin formatu desberdinetan erlazioetarako euskarriak sortuz. Eta orain oharkabean, ahots eta musikaz baliatzeak, hitzez azaldu nahi dudana kodigo sentituagoetara eraman nau. Musikak, kantuak, gitarra jotzeak eta dantzak barruko espazioetara eramaten naute, gozamena eta bizitzeko gogoa nigan bizitu egiten direlarik. Dediqu\u00e9 unos cuantos a\u00f1os a los estudios de Psicopedagog\u00eda, Educaci\u00f3n Social y Comunicaci\u00f3n No Violenta. Sigo y seguir\u00e9 en el camino de saber qui\u00e9n soy, queriendo nutrirme de las relaciones que me rodean, a la vez que acompa\u00f1o a las personas que acuden a m\u00ed en sus procesos de descubrimiento. Vivo con toda mi entrega el privilegio de unir la pasi\u00f3n y el oficio. En la \u00faltima d\u00e9cada tambi\u00e9n me he volcado en la creaci\u00f3n de materiales, como el juego did\u00e1ctico Zutani, la aplicaci\u00f3n Zutani, bizitzako altxor kutxa, los libros Crecer juntos y Lenguaje jirafa y el cuento La jirafa Kira y los diamantes del enfado, a\u00f1adiendo, en diferentes formatos, soportes complementarios que mejoren el funcionamiento de las relaciones. Y ahora, me lanzo a expresar en otro registro, ya que la expresi\u00f3n a trav\u00e9s de la m\u00fasica, el canto, la guitarra y la danza me conducen a espacios interiores m\u00e1s amplios, donde pongo en valor el disfrute y las ganas de vivir que se apoderan de m\u00ed. \u2063"}]}},"publishpress_future_action":{"enabled":false,"date":"2026-05-09 05:18:46","action":"change-status","newStatus":"draft","terms":[],"taxonomy":"product_brand","extraData":[]},"publishpress_future_workflow_manual_trigger":{"enabledWorkflows":[]},"_links":{"self":[{"href":"https:\/\/nereamendizabal.eus\/es\/wp-json\/wp\/v2\/product\/4889","targetHints":{"allow":["GET"]}}],"collection":[{"href":"https:\/\/nereamendizabal.eus\/es\/wp-json\/wp\/v2\/product"}],"about":[{"href":"https:\/\/nereamendizabal.eus\/es\/wp-json\/wp\/v2\/types\/product"}],"wp:featuredmedia":[{"embeddable":true,"href":"https:\/\/nereamendizabal.eus\/es\/wp-json\/wp\/v2\/media\/4892"}],"wp:attachment":[{"href":"https:\/\/nereamendizabal.eus\/es\/wp-json\/wp\/v2\/media?parent=4889"}],"wp:term":[{"taxonomy":"product_brand","embeddable":true,"href":"https:\/\/nereamendizabal.eus\/es\/wp-json\/wp\/v2\/product_brand?post=4889"},{"taxonomy":"product_cat","embeddable":true,"href":"https:\/\/nereamendizabal.eus\/es\/wp-json\/wp\/v2\/product_cat?post=4889"},{"taxonomy":"product_tag","embeddable":true,"href":"https:\/\/nereamendizabal.eus\/es\/wp-json\/wp\/v2\/product_tag?post=4889"}],"curies":[{"name":"wp","href":"https:\/\/api.w.org\/{rel}","templated":true}]}}