{"id":4882,"date":"2023-08-10T16:55:44","date_gmt":"2023-08-10T14:55:44","guid":{"rendered":"https:\/\/nereamendizabal.eus\/?post_type=product&#038;p=4882"},"modified":"2023-08-10T17:56:57","modified_gmt":"2023-08-10T15:56:57","slug":"amarte-sin-dejar-de-amarme-guia-practica-para-unas-relaciones-plenas-y-satisfactorias-marshall-b-rosenberg","status":"publish","type":"product","link":"https:\/\/nereamendizabal.eus\/es\/producto\/amarte-sin-dejar-de-amarme-guia-practica-para-unas-relaciones-plenas-y-satisfactorias-marshall-b-rosenberg\/","title":{"rendered":"Amarte sin dejar de amarme Gu\u00eda pr\u00e1ctica para unas relaciones plenas y satisfactorias Marshall B.Rosenberg"},"content":{"rendered":"<p>Muchas personas pensamos en el amor como en una emoci\u00f3n intensa, un sentimiento que tenemos por otra persona. La Comunicaci\u00f3n NoViolenta de Marshall B. Rosenberg nos ayuda a considerar el amor de una forma completamente diferente y que enriquece la vida. El amor es algo que \u201cse hace\u201d, algo que se da libremente, desde el coraz\u00f3n. Aprende a expresarte abierta y honestamente con tu pareja, amistades, familiares, sin otro prop\u00f3sito que revelar lo que est\u00e1 vivo en ti. El amor que anhelas experimentar es una conexi\u00f3n de coraz\u00f3n a coraz\u00f3n, fortalecida por el gozo de dar y recibir libremente.<\/p>\n<p>En estas ricas p\u00e1ginas, Rosenberg nos ayuda a aprender c\u00f3mo dar y aceptar amor voluntariamente, sin culpa ni obligaci\u00f3n. A descubrir el regalo de conectar con lo que est\u00e1 presente o vivo en la otra persona, a recibirlo emp\u00e1ticamente, a conectar solo con lo que ha expresado y lo que le gustar\u00eda. A desarrollar relaciones plenas donde no se exigen pruebas de amor en forma de atenci\u00f3n, halagos o afecto f\u00edsico. Este dar y recibir es una manifestaci\u00f3n aut\u00e9ntica y gozosa del amor, mucho m\u00e1s profunda que cualquier sentimiento transitorio.<\/p>\n<p>La Comunicaci\u00f3n NoViolenta (CNV) es un potente proceso para inspirar la conexi\u00f3n y la acci\u00f3n desde la compasi\u00f3n. La formaci\u00f3n en CNV puede ayudarte a facilitar la comunicaci\u00f3n y prevenir el conflicto, ayudando a que todas las personas cubran sus necesidades. Este proceso pr\u00e1ctico y de eficacia contrastada a lo largo del tiempo funciona igual de bien en la educaci\u00f3n, en la empresa, en los servicios sociales, en los conflictos pol\u00edticos, as\u00ed como en las familias y en las relaciones interpersonales.<\/p>\n","protected":false},"excerpt":{"rendered":"<p><em>Gu\u00eda pr\u00e1ctica para unas relaciones plenas y satisfactorias<\/em><\/p>\n<p>Para parejas, familia y amistades.<\/p>\n<p>Sesi\u00f3n de preguntas y respuestas con el autor<\/p>\n<ul>\n<li>13,5 x 21 cm<\/li>\n<li>96 p\u00e1ginas<\/li>\n<\/ul>\n","protected":false},"featured_media":4885,"template":"","meta":{"om_disable_all_campaigns":false},"product_brand":[],"product_cat":[94],"product_tag":[],"class_list":{"0":"post-4882","1":"product","2":"type-product","3":"status-publish","4":"has-post-thumbnail","6":"product_cat-libros","7":"product_shipping_class-envio-normal","8":"pa_hizkuntza-castellano-es","10":"first","11":"instock","12":"taxable","13":"shipping-taxable","14":"purchasable","15":"product-type-variable"},"yoast_head":"<!-- This site is optimized with the Yoast SEO plugin v27.4 - https:\/\/yoast.com\/product\/yoast-seo-wordpress\/ -->\n<title>Amarte sin dejar de amarme Gu\u00eda pr\u00e1ctica para unas relaciones plenas y satisfactorias Marshall B.Rosenberg - Nerea Mendizabal<\/title>\n<meta name=\"description\" content=\"amarte\" \/>\n<meta name=\"robots\" content=\"index, follow, max-snippet:-1, max-image-preview:large, max-video-preview:-1\" \/>\n<link rel=\"canonical\" href=\"https:\/\/nereamendizabal.eus\/es\/producto\/amarte-sin-dejar-de-amarme-guia-practica-para-unas-relaciones-plenas-y-satisfactorias-marshall-b-rosenberg\/\" \/>\n<meta property=\"og:locale\" content=\"es_ES\" \/>\n<meta property=\"og:type\" content=\"article\" \/>\n<meta property=\"og:title\" content=\"Amarte sin dejar de amarme Gu\u00eda pr\u00e1ctica para unas relaciones plenas y satisfactorias Marshall B.Rosenberg - Nerea Mendizabal\" \/>\n<meta property=\"og:description\" content=\"amarte\" \/>\n<meta property=\"og:url\" content=\"https:\/\/nereamendizabal.eus\/es\/producto\/amarte-sin-dejar-de-amarme-guia-practica-para-unas-relaciones-plenas-y-satisfactorias-marshall-b-rosenberg\/\" \/>\n<meta property=\"og:site_name\" content=\"Nerea Mendizabal\" \/>\n<meta property=\"article:modified_time\" content=\"2023-08-10T15:56:57+00:00\" \/>\n<meta property=\"og:image\" content=\"https:\/\/nereamendizabal.eus\/wp-content\/uploads\/2023\/08\/amarte.jpg\" \/>\n\t<meta property=\"og:image:width\" content=\"305\" \/>\n\t<meta property=\"og:image:height\" content=\"471\" \/>\n\t<meta property=\"og:image:type\" content=\"image\/jpeg\" \/>\n<meta name=\"twitter:card\" content=\"summary_large_image\" \/>\n<meta name=\"twitter:label1\" content=\"Tiempo de lectura\" \/>\n\t<meta name=\"twitter:data1\" content=\"1 minuto\" \/>\n<script type=\"application\/ld+json\" class=\"yoast-schema-graph\">{\"@context\":\"https:\\\/\\\/schema.org\",\"@graph\":[{\"@type\":\"WebPage\",\"@id\":\"https:\\\/\\\/nereamendizabal.eus\\\/es\\\/producto\\\/amarte-sin-dejar-de-amarme-guia-practica-para-unas-relaciones-plenas-y-satisfactorias-marshall-b-rosenberg\\\/\",\"url\":\"https:\\\/\\\/nereamendizabal.eus\\\/es\\\/producto\\\/amarte-sin-dejar-de-amarme-guia-practica-para-unas-relaciones-plenas-y-satisfactorias-marshall-b-rosenberg\\\/\",\"name\":\"Amarte sin dejar de amarme Gu\u00eda pr\u00e1ctica para unas relaciones plenas y satisfactorias Marshall B.Rosenberg - Nerea Mendizabal\",\"isPartOf\":{\"@id\":\"https:\\\/\\\/nereamendizabal.eus\\\/es\\\/#website\"},\"primaryImageOfPage\":{\"@id\":\"https:\\\/\\\/nereamendizabal.eus\\\/es\\\/producto\\\/amarte-sin-dejar-de-amarme-guia-practica-para-unas-relaciones-plenas-y-satisfactorias-marshall-b-rosenberg\\\/#primaryimage\"},\"image\":{\"@id\":\"https:\\\/\\\/nereamendizabal.eus\\\/es\\\/producto\\\/amarte-sin-dejar-de-amarme-guia-practica-para-unas-relaciones-plenas-y-satisfactorias-marshall-b-rosenberg\\\/#primaryimage\"},\"thumbnailUrl\":\"https:\\\/\\\/nereamendizabal.eus\\\/wp-content\\\/uploads\\\/2023\\\/08\\\/amarte.jpg\",\"datePublished\":\"2023-08-10T14:55:44+00:00\",\"dateModified\":\"2023-08-10T15:56:57+00:00\",\"description\":\"amarte\",\"breadcrumb\":{\"@id\":\"https:\\\/\\\/nereamendizabal.eus\\\/es\\\/producto\\\/amarte-sin-dejar-de-amarme-guia-practica-para-unas-relaciones-plenas-y-satisfactorias-marshall-b-rosenberg\\\/#breadcrumb\"},\"inLanguage\":\"es\",\"potentialAction\":[{\"@type\":\"ReadAction\",\"target\":[\"https:\\\/\\\/nereamendizabal.eus\\\/es\\\/producto\\\/amarte-sin-dejar-de-amarme-guia-practica-para-unas-relaciones-plenas-y-satisfactorias-marshall-b-rosenberg\\\/\"]}]},{\"@type\":\"ImageObject\",\"inLanguage\":\"es\",\"@id\":\"https:\\\/\\\/nereamendizabal.eus\\\/es\\\/producto\\\/amarte-sin-dejar-de-amarme-guia-practica-para-unas-relaciones-plenas-y-satisfactorias-marshall-b-rosenberg\\\/#primaryimage\",\"url\":\"https:\\\/\\\/nereamendizabal.eus\\\/wp-content\\\/uploads\\\/2023\\\/08\\\/amarte.jpg\",\"contentUrl\":\"https:\\\/\\\/nereamendizabal.eus\\\/wp-content\\\/uploads\\\/2023\\\/08\\\/amarte.jpg\",\"width\":305,\"height\":471},{\"@type\":\"BreadcrumbList\",\"@id\":\"https:\\\/\\\/nereamendizabal.eus\\\/es\\\/producto\\\/amarte-sin-dejar-de-amarme-guia-practica-para-unas-relaciones-plenas-y-satisfactorias-marshall-b-rosenberg\\\/#breadcrumb\",\"itemListElement\":[{\"@type\":\"ListItem\",\"position\":1,\"name\":\"Portada\",\"item\":\"https:\\\/\\\/nereamendizabal.eus\\\/es\\\/\"},{\"@type\":\"ListItem\",\"position\":2,\"name\":\"Tienda\",\"item\":\"https:\\\/\\\/nereamendizabal.eus\\\/es\\\/tienda\\\/\"},{\"@type\":\"ListItem\",\"position\":3,\"name\":\"Amarte sin dejar de amarme Gu\u00eda pr\u00e1ctica para unas relaciones plenas y satisfactorias Marshall B.Rosenberg\"}]},{\"@type\":\"WebSite\",\"@id\":\"https:\\\/\\\/nereamendizabal.eus\\\/es\\\/#website\",\"url\":\"https:\\\/\\\/nereamendizabal.eus\\\/es\\\/\",\"name\":\"Nerea Mendizabal\",\"description\":\"Comunicaci\u00f3n No Violenta\",\"publisher\":{\"@id\":\"https:\\\/\\\/nereamendizabal.eus\\\/es\\\/#\\\/schema\\\/person\\\/bd256c9b2004cb1f2b7810545da489b1\"},\"potentialAction\":[{\"@type\":\"SearchAction\",\"target\":{\"@type\":\"EntryPoint\",\"urlTemplate\":\"https:\\\/\\\/nereamendizabal.eus\\\/es\\\/?s={search_term_string}\"},\"query-input\":{\"@type\":\"PropertyValueSpecification\",\"valueRequired\":true,\"valueName\":\"search_term_string\"}}],\"inLanguage\":\"es\"},{\"@type\":[\"Person\",\"Organization\"],\"@id\":\"https:\\\/\\\/nereamendizabal.eus\\\/es\\\/#\\\/schema\\\/person\\\/bd256c9b2004cb1f2b7810545da489b1\",\"name\":\"Nerea Mendizabal (Zestoa, 1976)\",\"image\":{\"@type\":\"ImageObject\",\"inLanguage\":\"es\",\"@id\":\"https:\\\/\\\/nereamendizabal.eus\\\/wp-content\\\/uploads\\\/2019\\\/12\\\/Logo-Nerea-Mendizabal-movil-1x.png\",\"url\":\"https:\\\/\\\/nereamendizabal.eus\\\/wp-content\\\/uploads\\\/2019\\\/12\\\/Logo-Nerea-Mendizabal-movil-1x.png\",\"contentUrl\":\"https:\\\/\\\/nereamendizabal.eus\\\/wp-content\\\/uploads\\\/2019\\\/12\\\/Logo-Nerea-Mendizabal-movil-1x.png\",\"width\":237,\"height\":56,\"caption\":\"Nerea Mendizabal (Zestoa, 1976)\"},\"logo\":{\"@id\":\"https:\\\/\\\/nereamendizabal.eus\\\/wp-content\\\/uploads\\\/2019\\\/12\\\/Logo-Nerea-Mendizabal-movil-1x.png\"},\"description\":\"Psikopedagogia, Gizarte hezkuntza eta Komunikazio Ez Bortitzeko ikasketei urte batzuk eskaini nizkion. Nor naizen jakiteko bidean jarraitzen dut eta jarraituko dut, erlazioetan elikatu nahian eta besteen aurkikuntza prozesuetan bidelagun izatearekin batera. Pasioa eta ogibidea bat eginda bizitzearen pribilegioa bizi dut. Azken hamarkadan materialen sorkuntzak ere biziki harrapatu nau, \u201cZutani\u201d jolas didaktikoa, \u201cZutani, bizitzako altxor kutxa\u201d aplikazioa, \u201cElkarrekin hazi\u201d eta \u201cJirafa hizkuntza\u201d liburuak, \u201cKira jirafa eta haserrearen diamanteak\u201d ipuinekin formatu desberdinetan erlazioetarako euskarriak sortuz. Eta orain oharkabean, ahots eta musikaz baliatzeak, hitzez azaldu nahi dudana kodigo sentituagoetara eraman nau. Musikak, kantuak, gitarra jotzeak eta dantzak barruko espazioetara eramaten naute, gozamena eta bizitzeko gogoa nigan bizitu egiten direlarik. Dediqu\u00e9 unos cuantos a\u00f1os a los estudios de Psicopedagog\u00eda, Educaci\u00f3n Social y Comunicaci\u00f3n No Violenta. Sigo y seguir\u00e9 en el camino de saber qui\u00e9n soy, queriendo nutrirme de las relaciones que me rodean, a la vez que acompa\u00f1o a las personas que acuden a m\u00ed en sus procesos de descubrimiento. Vivo con toda mi entrega el privilegio de unir la pasi\u00f3n y el oficio. En la \u00faltima d\u00e9cada tambi\u00e9n me he volcado en la creaci\u00f3n de materiales, como el juego did\u00e1ctico Zutani, la aplicaci\u00f3n Zutani, bizitzako altxor kutxa, los libros Crecer juntos y Lenguaje jirafa y el cuento La jirafa Kira y los diamantes del enfado, a\u00f1adiendo, en diferentes formatos, soportes complementarios que mejoren el funcionamiento de las relaciones. Y ahora, me lanzo a expresar en otro registro, ya que la expresi\u00f3n a trav\u00e9s de la m\u00fasica, el canto, la guitarra y la danza me conducen a espacios interiores m\u00e1s amplios, donde pongo en valor el disfrute y las ganas de vivir que se apoderan de m\u00ed. \u2063\"}]}<\/script>\n<!-- \/ Yoast SEO plugin. -->","yoast_head_json":{"title":"Amarte sin dejar de amarme Gu\u00eda pr\u00e1ctica para unas relaciones plenas y satisfactorias Marshall B.Rosenberg - Nerea Mendizabal","description":"amarte","robots":{"index":"index","follow":"follow","max-snippet":"max-snippet:-1","max-image-preview":"max-image-preview:large","max-video-preview":"max-video-preview:-1"},"canonical":"https:\/\/nereamendizabal.eus\/es\/producto\/amarte-sin-dejar-de-amarme-guia-practica-para-unas-relaciones-plenas-y-satisfactorias-marshall-b-rosenberg\/","og_locale":"es_ES","og_type":"article","og_title":"Amarte sin dejar de amarme Gu\u00eda pr\u00e1ctica para unas relaciones plenas y satisfactorias Marshall B.Rosenberg - Nerea Mendizabal","og_description":"amarte","og_url":"https:\/\/nereamendizabal.eus\/es\/producto\/amarte-sin-dejar-de-amarme-guia-practica-para-unas-relaciones-plenas-y-satisfactorias-marshall-b-rosenberg\/","og_site_name":"Nerea Mendizabal","article_modified_time":"2023-08-10T15:56:57+00:00","og_image":[{"width":305,"height":471,"url":"https:\/\/nereamendizabal.eus\/wp-content\/uploads\/2023\/08\/amarte.jpg","type":"image\/jpeg"}],"twitter_card":"summary_large_image","twitter_misc":{"Tiempo de lectura":"1 minuto"},"schema":{"@context":"https:\/\/schema.org","@graph":[{"@type":"WebPage","@id":"https:\/\/nereamendizabal.eus\/es\/producto\/amarte-sin-dejar-de-amarme-guia-practica-para-unas-relaciones-plenas-y-satisfactorias-marshall-b-rosenberg\/","url":"https:\/\/nereamendizabal.eus\/es\/producto\/amarte-sin-dejar-de-amarme-guia-practica-para-unas-relaciones-plenas-y-satisfactorias-marshall-b-rosenberg\/","name":"Amarte sin dejar de amarme Gu\u00eda pr\u00e1ctica para unas relaciones plenas y satisfactorias Marshall B.Rosenberg - Nerea Mendizabal","isPartOf":{"@id":"https:\/\/nereamendizabal.eus\/es\/#website"},"primaryImageOfPage":{"@id":"https:\/\/nereamendizabal.eus\/es\/producto\/amarte-sin-dejar-de-amarme-guia-practica-para-unas-relaciones-plenas-y-satisfactorias-marshall-b-rosenberg\/#primaryimage"},"image":{"@id":"https:\/\/nereamendizabal.eus\/es\/producto\/amarte-sin-dejar-de-amarme-guia-practica-para-unas-relaciones-plenas-y-satisfactorias-marshall-b-rosenberg\/#primaryimage"},"thumbnailUrl":"https:\/\/nereamendizabal.eus\/wp-content\/uploads\/2023\/08\/amarte.jpg","datePublished":"2023-08-10T14:55:44+00:00","dateModified":"2023-08-10T15:56:57+00:00","description":"amarte","breadcrumb":{"@id":"https:\/\/nereamendizabal.eus\/es\/producto\/amarte-sin-dejar-de-amarme-guia-practica-para-unas-relaciones-plenas-y-satisfactorias-marshall-b-rosenberg\/#breadcrumb"},"inLanguage":"es","potentialAction":[{"@type":"ReadAction","target":["https:\/\/nereamendizabal.eus\/es\/producto\/amarte-sin-dejar-de-amarme-guia-practica-para-unas-relaciones-plenas-y-satisfactorias-marshall-b-rosenberg\/"]}]},{"@type":"ImageObject","inLanguage":"es","@id":"https:\/\/nereamendizabal.eus\/es\/producto\/amarte-sin-dejar-de-amarme-guia-practica-para-unas-relaciones-plenas-y-satisfactorias-marshall-b-rosenberg\/#primaryimage","url":"https:\/\/nereamendizabal.eus\/wp-content\/uploads\/2023\/08\/amarte.jpg","contentUrl":"https:\/\/nereamendizabal.eus\/wp-content\/uploads\/2023\/08\/amarte.jpg","width":305,"height":471},{"@type":"BreadcrumbList","@id":"https:\/\/nereamendizabal.eus\/es\/producto\/amarte-sin-dejar-de-amarme-guia-practica-para-unas-relaciones-plenas-y-satisfactorias-marshall-b-rosenberg\/#breadcrumb","itemListElement":[{"@type":"ListItem","position":1,"name":"Portada","item":"https:\/\/nereamendizabal.eus\/es\/"},{"@type":"ListItem","position":2,"name":"Tienda","item":"https:\/\/nereamendizabal.eus\/es\/tienda\/"},{"@type":"ListItem","position":3,"name":"Amarte sin dejar de amarme Gu\u00eda pr\u00e1ctica para unas relaciones plenas y satisfactorias Marshall B.Rosenberg"}]},{"@type":"WebSite","@id":"https:\/\/nereamendizabal.eus\/es\/#website","url":"https:\/\/nereamendizabal.eus\/es\/","name":"Nerea Mendizabal","description":"Comunicaci\u00f3n No Violenta","publisher":{"@id":"https:\/\/nereamendizabal.eus\/es\/#\/schema\/person\/bd256c9b2004cb1f2b7810545da489b1"},"potentialAction":[{"@type":"SearchAction","target":{"@type":"EntryPoint","urlTemplate":"https:\/\/nereamendizabal.eus\/es\/?s={search_term_string}"},"query-input":{"@type":"PropertyValueSpecification","valueRequired":true,"valueName":"search_term_string"}}],"inLanguage":"es"},{"@type":["Person","Organization"],"@id":"https:\/\/nereamendizabal.eus\/es\/#\/schema\/person\/bd256c9b2004cb1f2b7810545da489b1","name":"Nerea Mendizabal (Zestoa, 1976)","image":{"@type":"ImageObject","inLanguage":"es","@id":"https:\/\/nereamendizabal.eus\/wp-content\/uploads\/2019\/12\/Logo-Nerea-Mendizabal-movil-1x.png","url":"https:\/\/nereamendizabal.eus\/wp-content\/uploads\/2019\/12\/Logo-Nerea-Mendizabal-movil-1x.png","contentUrl":"https:\/\/nereamendizabal.eus\/wp-content\/uploads\/2019\/12\/Logo-Nerea-Mendizabal-movil-1x.png","width":237,"height":56,"caption":"Nerea Mendizabal (Zestoa, 1976)"},"logo":{"@id":"https:\/\/nereamendizabal.eus\/wp-content\/uploads\/2019\/12\/Logo-Nerea-Mendizabal-movil-1x.png"},"description":"Psikopedagogia, Gizarte hezkuntza eta Komunikazio Ez Bortitzeko ikasketei urte batzuk eskaini nizkion. Nor naizen jakiteko bidean jarraitzen dut eta jarraituko dut, erlazioetan elikatu nahian eta besteen aurkikuntza prozesuetan bidelagun izatearekin batera. Pasioa eta ogibidea bat eginda bizitzearen pribilegioa bizi dut. Azken hamarkadan materialen sorkuntzak ere biziki harrapatu nau, \u201cZutani\u201d jolas didaktikoa, \u201cZutani, bizitzako altxor kutxa\u201d aplikazioa, \u201cElkarrekin hazi\u201d eta \u201cJirafa hizkuntza\u201d liburuak, \u201cKira jirafa eta haserrearen diamanteak\u201d ipuinekin formatu desberdinetan erlazioetarako euskarriak sortuz. Eta orain oharkabean, ahots eta musikaz baliatzeak, hitzez azaldu nahi dudana kodigo sentituagoetara eraman nau. Musikak, kantuak, gitarra jotzeak eta dantzak barruko espazioetara eramaten naute, gozamena eta bizitzeko gogoa nigan bizitu egiten direlarik. Dediqu\u00e9 unos cuantos a\u00f1os a los estudios de Psicopedagog\u00eda, Educaci\u00f3n Social y Comunicaci\u00f3n No Violenta. Sigo y seguir\u00e9 en el camino de saber qui\u00e9n soy, queriendo nutrirme de las relaciones que me rodean, a la vez que acompa\u00f1o a las personas que acuden a m\u00ed en sus procesos de descubrimiento. Vivo con toda mi entrega el privilegio de unir la pasi\u00f3n y el oficio. En la \u00faltima d\u00e9cada tambi\u00e9n me he volcado en la creaci\u00f3n de materiales, como el juego did\u00e1ctico Zutani, la aplicaci\u00f3n Zutani, bizitzako altxor kutxa, los libros Crecer juntos y Lenguaje jirafa y el cuento La jirafa Kira y los diamantes del enfado, a\u00f1adiendo, en diferentes formatos, soportes complementarios que mejoren el funcionamiento de las relaciones. Y ahora, me lanzo a expresar en otro registro, ya que la expresi\u00f3n a trav\u00e9s de la m\u00fasica, el canto, la guitarra y la danza me conducen a espacios interiores m\u00e1s amplios, donde pongo en valor el disfrute y las ganas de vivir que se apoderan de m\u00ed. \u2063"}]}},"publishpress_future_action":{"enabled":false,"date":"2026-04-25 16:47:23","action":"change-status","newStatus":"draft","terms":[],"taxonomy":"product_brand","extraData":[]},"publishpress_future_workflow_manual_trigger":{"enabledWorkflows":[]},"_links":{"self":[{"href":"https:\/\/nereamendizabal.eus\/es\/wp-json\/wp\/v2\/product\/4882","targetHints":{"allow":["GET"]}}],"collection":[{"href":"https:\/\/nereamendizabal.eus\/es\/wp-json\/wp\/v2\/product"}],"about":[{"href":"https:\/\/nereamendizabal.eus\/es\/wp-json\/wp\/v2\/types\/product"}],"wp:featuredmedia":[{"embeddable":true,"href":"https:\/\/nereamendizabal.eus\/es\/wp-json\/wp\/v2\/media\/4885"}],"wp:attachment":[{"href":"https:\/\/nereamendizabal.eus\/es\/wp-json\/wp\/v2\/media?parent=4882"}],"wp:term":[{"taxonomy":"product_brand","embeddable":true,"href":"https:\/\/nereamendizabal.eus\/es\/wp-json\/wp\/v2\/product_brand?post=4882"},{"taxonomy":"product_cat","embeddable":true,"href":"https:\/\/nereamendizabal.eus\/es\/wp-json\/wp\/v2\/product_cat?post=4882"},{"taxonomy":"product_tag","embeddable":true,"href":"https:\/\/nereamendizabal.eus\/es\/wp-json\/wp\/v2\/product_tag?post=4882"}],"curies":[{"name":"wp","href":"https:\/\/api.w.org\/{rel}","templated":true}]}}