{"id":3593,"date":"2022-09-26T16:18:30","date_gmt":"2022-09-27T07:18:33","guid":{"rendered":"https:\/\/nereamendizabal.eus\/?post_type=product&#038;p=3593"},"modified":"2022-12-05T15:12:52","modified_gmt":"2022-12-05T14:12:52","slug":"crecer-juntos-audio-libro-solo-en-castellano","status":"publish","type":"product","link":"https:\/\/nereamendizabal.eus\/es\/producto\/crecer-juntos-audio-libro-solo-en-castellano\/","title":{"rendered":"CRECER JUNTOS &#8211; AUDIO LIBRO &#8211; SOLO EN CASTELLANO"},"content":{"rendered":"<p><strong>Crecer juntos<\/strong><\/p>\n<p>Comunicaci\u00f3n No Violenta. Ejercicios para conectar con nuestros hijos.<\/p>\n<p>&nbsp;<\/p>\n<p><strong>Este audio libro recoge <\/strong>los elementos te\u00f3ricos esenciales de la Comunicaci\u00f3n No Violenta adaptados al contexto familiar, de manera sencilla y clara y combinando con muchos ejemplos y ejercicios pr\u00e1cticos. Podr\u00e1s descargar los ejercicios para que la realizaci\u00f3n de estas te resulte m\u00e1s c\u00f3modo.<\/p>\n<p>&nbsp;<\/p>\n<p><strong><em>\u00bfQu\u00e9 vas a encontrar en \u201cCrecer juntos\u201d<\/em>?<\/strong><\/p>\n<p>&nbsp;<\/p>\n<p>&#8211; Vas a descubrir la ra\u00edz de tus comportamientos como la de tus hijos e hijas, para cultivar unos cimientos de respeto, comunicaci\u00f3n y confianza mutuos.<\/p>\n<p>&#8211; Podr\u00e1s ejercitarte en la expresi\u00f3n honesta y escucha emp\u00e1tica, desarrollando la capacidad de <em>observar, conocer sentimientos, identificar necesidades y realizar peticiones efectivas<\/em>.<\/p>\n<p>&#8211; Te ayudar\u00e1 a buscar acciones reales a fin de cuidarte y cuidar a los dem\u00e1s cuando te invade la culpa, la rabia o quieras poner l\u00edmites.<\/p>\n<p>&#8211; Te proporcionar\u00e1 recursos para afrontar y transformar el conflicto en una fuente de cooperaci\u00f3n, a partir de la oportunidad de aprendizaje que se presenta.<\/p>\n<p>&#8211; Encontrar\u00e1s muchas propuestas para fortalecer la autoestima de tus hijos e hijas (y la tuya propia tambi\u00e9n) para ayudar alcanzar el pleno potencial humano.<\/p>\n<p>&nbsp;<\/p>\n<p>Las herramientas de este libro pretenden promover el crecimiento mutuo. Cuidar las necesidades de todos los miembros de la familia, propiciar\u00e1 crear un ambiente familiar satisfactorio y emocionalmente seguro. Una aventura extraordinaria donde podemos crecer juntos.<\/p>\n","protected":false},"excerpt":{"rendered":"<p><strong>Crecer juntos<\/strong><\/p>\n<p>Comunicaci\u00f3n No Violenta. Ejercicios para conectar con nuestros hijos.<\/p>\n<p>&nbsp;<\/p>\n<p><strong>Este audio libro recoge <\/strong>los elementos te\u00f3ricos esenciales de la Comunicaci\u00f3n No Violenta adaptados al contexto familiar, de manera sencilla y clara y combinando con muchos ejemplos y ejercicios pr\u00e1cticos. Cuidar las necesidades de todos los miembros de la familia, propiciar\u00e1 crear un ambiente familiar satisfactorio y emocionalmente seguro.<\/p>\n","protected":false},"featured_media":3425,"template":"","meta":{"om_disable_all_campaigns":false},"product_brand":[],"product_cat":[127],"product_tag":[],"class_list":{"0":"post-3593","1":"product","2":"type-product","3":"status-publish","4":"has-post-thumbnail","6":"product_cat-productos-online-es-2","7":"product_shipping_class-envio-normal","8":"pa_hizkuntza-castellano-es","10":"first","11":"instock","12":"virtual","13":"taxable","14":"purchasable","15":"product-type-simple"},"yoast_head":"<!-- This site is optimized with the Yoast SEO plugin v27.4 - https:\/\/yoast.com\/product\/yoast-seo-wordpress\/ -->\n<title>CRECER JUNTOS - AUDIO LIBRO - SOLO EN CASTELLANO - Nerea Mendizabal<\/title>\n<meta name=\"robots\" content=\"index, follow, max-snippet:-1, max-image-preview:large, max-video-preview:-1\" \/>\n<link rel=\"canonical\" href=\"https:\/\/nereamendizabal.eus\/es\/producto\/crecer-juntos-audio-libro-solo-en-castellano\/\" \/>\n<meta property=\"og:locale\" content=\"es_ES\" \/>\n<meta property=\"og:type\" content=\"article\" \/>\n<meta property=\"og:title\" content=\"CRECER JUNTOS - AUDIO LIBRO - SOLO EN CASTELLANO - Nerea Mendizabal\" \/>\n<meta property=\"og:description\" content=\"Crecer juntos  Comunicaci\u00f3n No Violenta. Ejercicios para conectar con nuestros hijos.  &nbsp;  Este audio libro recoge los elementos te\u00f3ricos esenciales de la Comunicaci\u00f3n No Violenta adaptados al contexto familiar, de manera sencilla y clara y combinando con muchos ejemplos y ejercicios pr\u00e1cticos. Cuidar las necesidades de todos los miembros de la familia, propiciar\u00e1 crear un ambiente familiar satisfactorio y emocionalmente seguro.\" \/>\n<meta property=\"og:url\" content=\"https:\/\/nereamendizabal.eus\/es\/producto\/crecer-juntos-audio-libro-solo-en-castellano\/\" \/>\n<meta property=\"og:site_name\" content=\"Nerea Mendizabal\" \/>\n<meta property=\"article:modified_time\" content=\"2022-12-05T14:12:52+00:00\" \/>\n<meta property=\"og:image\" content=\"https:\/\/nereamendizabal.eus\/wp-content\/uploads\/2022\/09\/Portada-cascos-CAS.jpg\" \/>\n\t<meta property=\"og:image:width\" content=\"500\" \/>\n\t<meta property=\"og:image:height\" content=\"700\" \/>\n\t<meta property=\"og:image:type\" content=\"image\/jpeg\" \/>\n<meta name=\"twitter:card\" content=\"summary_large_image\" \/>\n<meta name=\"twitter:label1\" content=\"Tiempo de lectura\" \/>\n\t<meta name=\"twitter:data1\" content=\"2 minutos\" \/>\n<script type=\"application\/ld+json\" class=\"yoast-schema-graph\">{\"@context\":\"https:\\\/\\\/schema.org\",\"@graph\":[{\"@type\":\"WebPage\",\"@id\":\"https:\\\/\\\/nereamendizabal.eus\\\/es\\\/producto\\\/crecer-juntos-audio-libro-solo-en-castellano\\\/\",\"url\":\"https:\\\/\\\/nereamendizabal.eus\\\/es\\\/producto\\\/crecer-juntos-audio-libro-solo-en-castellano\\\/\",\"name\":\"CRECER JUNTOS - AUDIO LIBRO - SOLO EN CASTELLANO - Nerea Mendizabal\",\"isPartOf\":{\"@id\":\"https:\\\/\\\/nereamendizabal.eus\\\/es\\\/#website\"},\"primaryImageOfPage\":{\"@id\":\"https:\\\/\\\/nereamendizabal.eus\\\/es\\\/producto\\\/crecer-juntos-audio-libro-solo-en-castellano\\\/#primaryimage\"},\"image\":{\"@id\":\"https:\\\/\\\/nereamendizabal.eus\\\/es\\\/producto\\\/crecer-juntos-audio-libro-solo-en-castellano\\\/#primaryimage\"},\"thumbnailUrl\":\"https:\\\/\\\/nereamendizabal.eus\\\/wp-content\\\/uploads\\\/2022\\\/09\\\/Portada-cascos-CAS.jpg\",\"datePublished\":\"2022-09-27T07:18:33+00:00\",\"dateModified\":\"2022-12-05T14:12:52+00:00\",\"breadcrumb\":{\"@id\":\"https:\\\/\\\/nereamendizabal.eus\\\/es\\\/producto\\\/crecer-juntos-audio-libro-solo-en-castellano\\\/#breadcrumb\"},\"inLanguage\":\"es\",\"potentialAction\":[{\"@type\":\"ReadAction\",\"target\":[\"https:\\\/\\\/nereamendizabal.eus\\\/es\\\/producto\\\/crecer-juntos-audio-libro-solo-en-castellano\\\/\"]}]},{\"@type\":\"ImageObject\",\"inLanguage\":\"es\",\"@id\":\"https:\\\/\\\/nereamendizabal.eus\\\/es\\\/producto\\\/crecer-juntos-audio-libro-solo-en-castellano\\\/#primaryimage\",\"url\":\"https:\\\/\\\/nereamendizabal.eus\\\/wp-content\\\/uploads\\\/2022\\\/09\\\/Portada-cascos-CAS.jpg\",\"contentUrl\":\"https:\\\/\\\/nereamendizabal.eus\\\/wp-content\\\/uploads\\\/2022\\\/09\\\/Portada-cascos-CAS.jpg\",\"width\":500,\"height\":700},{\"@type\":\"BreadcrumbList\",\"@id\":\"https:\\\/\\\/nereamendizabal.eus\\\/es\\\/producto\\\/crecer-juntos-audio-libro-solo-en-castellano\\\/#breadcrumb\",\"itemListElement\":[{\"@type\":\"ListItem\",\"position\":1,\"name\":\"Portada\",\"item\":\"https:\\\/\\\/nereamendizabal.eus\\\/es\\\/\"},{\"@type\":\"ListItem\",\"position\":2,\"name\":\"Tienda\",\"item\":\"https:\\\/\\\/nereamendizabal.eus\\\/es\\\/tienda\\\/\"},{\"@type\":\"ListItem\",\"position\":3,\"name\":\"CRECER JUNTOS &#8211; AUDIO LIBRO &#8211; SOLO EN CASTELLANO\"}]},{\"@type\":\"WebSite\",\"@id\":\"https:\\\/\\\/nereamendizabal.eus\\\/es\\\/#website\",\"url\":\"https:\\\/\\\/nereamendizabal.eus\\\/es\\\/\",\"name\":\"Nerea Mendizabal\",\"description\":\"Comunicaci\u00f3n No Violenta\",\"publisher\":{\"@id\":\"https:\\\/\\\/nereamendizabal.eus\\\/es\\\/#\\\/schema\\\/person\\\/bd256c9b2004cb1f2b7810545da489b1\"},\"potentialAction\":[{\"@type\":\"SearchAction\",\"target\":{\"@type\":\"EntryPoint\",\"urlTemplate\":\"https:\\\/\\\/nereamendizabal.eus\\\/es\\\/?s={search_term_string}\"},\"query-input\":{\"@type\":\"PropertyValueSpecification\",\"valueRequired\":true,\"valueName\":\"search_term_string\"}}],\"inLanguage\":\"es\"},{\"@type\":[\"Person\",\"Organization\"],\"@id\":\"https:\\\/\\\/nereamendizabal.eus\\\/es\\\/#\\\/schema\\\/person\\\/bd256c9b2004cb1f2b7810545da489b1\",\"name\":\"Nerea Mendizabal (Zestoa, 1976)\",\"image\":{\"@type\":\"ImageObject\",\"inLanguage\":\"es\",\"@id\":\"https:\\\/\\\/nereamendizabal.eus\\\/wp-content\\\/uploads\\\/2019\\\/12\\\/Logo-Nerea-Mendizabal-movil-1x.png\",\"url\":\"https:\\\/\\\/nereamendizabal.eus\\\/wp-content\\\/uploads\\\/2019\\\/12\\\/Logo-Nerea-Mendizabal-movil-1x.png\",\"contentUrl\":\"https:\\\/\\\/nereamendizabal.eus\\\/wp-content\\\/uploads\\\/2019\\\/12\\\/Logo-Nerea-Mendizabal-movil-1x.png\",\"width\":237,\"height\":56,\"caption\":\"Nerea Mendizabal (Zestoa, 1976)\"},\"logo\":{\"@id\":\"https:\\\/\\\/nereamendizabal.eus\\\/wp-content\\\/uploads\\\/2019\\\/12\\\/Logo-Nerea-Mendizabal-movil-1x.png\"},\"description\":\"Psikopedagogia, Gizarte hezkuntza eta Komunikazio Ez Bortitzeko ikasketei urte batzuk eskaini nizkion. Nor naizen jakiteko bidean jarraitzen dut eta jarraituko dut, erlazioetan elikatu nahian eta besteen aurkikuntza prozesuetan bidelagun izatearekin batera. Pasioa eta ogibidea bat eginda bizitzearen pribilegioa bizi dut. Azken hamarkadan materialen sorkuntzak ere biziki harrapatu nau, \u201cZutani\u201d jolas didaktikoa, \u201cZutani, bizitzako altxor kutxa\u201d aplikazioa, \u201cElkarrekin hazi\u201d eta \u201cJirafa hizkuntza\u201d liburuak, \u201cKira jirafa eta haserrearen diamanteak\u201d ipuinekin formatu desberdinetan erlazioetarako euskarriak sortuz. Eta orain oharkabean, ahots eta musikaz baliatzeak, hitzez azaldu nahi dudana kodigo sentituagoetara eraman nau. Musikak, kantuak, gitarra jotzeak eta dantzak barruko espazioetara eramaten naute, gozamena eta bizitzeko gogoa nigan bizitu egiten direlarik. Dediqu\u00e9 unos cuantos a\u00f1os a los estudios de Psicopedagog\u00eda, Educaci\u00f3n Social y Comunicaci\u00f3n No Violenta. Sigo y seguir\u00e9 en el camino de saber qui\u00e9n soy, queriendo nutrirme de las relaciones que me rodean, a la vez que acompa\u00f1o a las personas que acuden a m\u00ed en sus procesos de descubrimiento. Vivo con toda mi entrega el privilegio de unir la pasi\u00f3n y el oficio. En la \u00faltima d\u00e9cada tambi\u00e9n me he volcado en la creaci\u00f3n de materiales, como el juego did\u00e1ctico Zutani, la aplicaci\u00f3n Zutani, bizitzako altxor kutxa, los libros Crecer juntos y Lenguaje jirafa y el cuento La jirafa Kira y los diamantes del enfado, a\u00f1adiendo, en diferentes formatos, soportes complementarios que mejoren el funcionamiento de las relaciones. Y ahora, me lanzo a expresar en otro registro, ya que la expresi\u00f3n a trav\u00e9s de la m\u00fasica, el canto, la guitarra y la danza me conducen a espacios interiores m\u00e1s amplios, donde pongo en valor el disfrute y las ganas de vivir que se apoderan de m\u00ed. \u2063\"}]}<\/script>\n<!-- \/ Yoast SEO plugin. -->","yoast_head_json":{"title":"CRECER JUNTOS - AUDIO LIBRO - SOLO EN CASTELLANO - Nerea Mendizabal","robots":{"index":"index","follow":"follow","max-snippet":"max-snippet:-1","max-image-preview":"max-image-preview:large","max-video-preview":"max-video-preview:-1"},"canonical":"https:\/\/nereamendizabal.eus\/es\/producto\/crecer-juntos-audio-libro-solo-en-castellano\/","og_locale":"es_ES","og_type":"article","og_title":"CRECER JUNTOS - AUDIO LIBRO - SOLO EN CASTELLANO - Nerea Mendizabal","og_description":"Crecer juntos  Comunicaci\u00f3n No Violenta. Ejercicios para conectar con nuestros hijos.  &nbsp;  Este audio libro recoge los elementos te\u00f3ricos esenciales de la Comunicaci\u00f3n No Violenta adaptados al contexto familiar, de manera sencilla y clara y combinando con muchos ejemplos y ejercicios pr\u00e1cticos. Cuidar las necesidades de todos los miembros de la familia, propiciar\u00e1 crear un ambiente familiar satisfactorio y emocionalmente seguro.","og_url":"https:\/\/nereamendizabal.eus\/es\/producto\/crecer-juntos-audio-libro-solo-en-castellano\/","og_site_name":"Nerea Mendizabal","article_modified_time":"2022-12-05T14:12:52+00:00","og_image":[{"width":500,"height":700,"url":"https:\/\/nereamendizabal.eus\/wp-content\/uploads\/2022\/09\/Portada-cascos-CAS.jpg","type":"image\/jpeg"}],"twitter_card":"summary_large_image","twitter_misc":{"Tiempo de lectura":"2 minutos"},"schema":{"@context":"https:\/\/schema.org","@graph":[{"@type":"WebPage","@id":"https:\/\/nereamendizabal.eus\/es\/producto\/crecer-juntos-audio-libro-solo-en-castellano\/","url":"https:\/\/nereamendizabal.eus\/es\/producto\/crecer-juntos-audio-libro-solo-en-castellano\/","name":"CRECER JUNTOS - AUDIO LIBRO - SOLO EN CASTELLANO - Nerea Mendizabal","isPartOf":{"@id":"https:\/\/nereamendizabal.eus\/es\/#website"},"primaryImageOfPage":{"@id":"https:\/\/nereamendizabal.eus\/es\/producto\/crecer-juntos-audio-libro-solo-en-castellano\/#primaryimage"},"image":{"@id":"https:\/\/nereamendizabal.eus\/es\/producto\/crecer-juntos-audio-libro-solo-en-castellano\/#primaryimage"},"thumbnailUrl":"https:\/\/nereamendizabal.eus\/wp-content\/uploads\/2022\/09\/Portada-cascos-CAS.jpg","datePublished":"2022-09-27T07:18:33+00:00","dateModified":"2022-12-05T14:12:52+00:00","breadcrumb":{"@id":"https:\/\/nereamendizabal.eus\/es\/producto\/crecer-juntos-audio-libro-solo-en-castellano\/#breadcrumb"},"inLanguage":"es","potentialAction":[{"@type":"ReadAction","target":["https:\/\/nereamendizabal.eus\/es\/producto\/crecer-juntos-audio-libro-solo-en-castellano\/"]}]},{"@type":"ImageObject","inLanguage":"es","@id":"https:\/\/nereamendizabal.eus\/es\/producto\/crecer-juntos-audio-libro-solo-en-castellano\/#primaryimage","url":"https:\/\/nereamendizabal.eus\/wp-content\/uploads\/2022\/09\/Portada-cascos-CAS.jpg","contentUrl":"https:\/\/nereamendizabal.eus\/wp-content\/uploads\/2022\/09\/Portada-cascos-CAS.jpg","width":500,"height":700},{"@type":"BreadcrumbList","@id":"https:\/\/nereamendizabal.eus\/es\/producto\/crecer-juntos-audio-libro-solo-en-castellano\/#breadcrumb","itemListElement":[{"@type":"ListItem","position":1,"name":"Portada","item":"https:\/\/nereamendizabal.eus\/es\/"},{"@type":"ListItem","position":2,"name":"Tienda","item":"https:\/\/nereamendizabal.eus\/es\/tienda\/"},{"@type":"ListItem","position":3,"name":"CRECER JUNTOS &#8211; AUDIO LIBRO &#8211; SOLO EN CASTELLANO"}]},{"@type":"WebSite","@id":"https:\/\/nereamendizabal.eus\/es\/#website","url":"https:\/\/nereamendizabal.eus\/es\/","name":"Nerea Mendizabal","description":"Comunicaci\u00f3n No Violenta","publisher":{"@id":"https:\/\/nereamendizabal.eus\/es\/#\/schema\/person\/bd256c9b2004cb1f2b7810545da489b1"},"potentialAction":[{"@type":"SearchAction","target":{"@type":"EntryPoint","urlTemplate":"https:\/\/nereamendizabal.eus\/es\/?s={search_term_string}"},"query-input":{"@type":"PropertyValueSpecification","valueRequired":true,"valueName":"search_term_string"}}],"inLanguage":"es"},{"@type":["Person","Organization"],"@id":"https:\/\/nereamendizabal.eus\/es\/#\/schema\/person\/bd256c9b2004cb1f2b7810545da489b1","name":"Nerea Mendizabal (Zestoa, 1976)","image":{"@type":"ImageObject","inLanguage":"es","@id":"https:\/\/nereamendizabal.eus\/wp-content\/uploads\/2019\/12\/Logo-Nerea-Mendizabal-movil-1x.png","url":"https:\/\/nereamendizabal.eus\/wp-content\/uploads\/2019\/12\/Logo-Nerea-Mendizabal-movil-1x.png","contentUrl":"https:\/\/nereamendizabal.eus\/wp-content\/uploads\/2019\/12\/Logo-Nerea-Mendizabal-movil-1x.png","width":237,"height":56,"caption":"Nerea Mendizabal (Zestoa, 1976)"},"logo":{"@id":"https:\/\/nereamendizabal.eus\/wp-content\/uploads\/2019\/12\/Logo-Nerea-Mendizabal-movil-1x.png"},"description":"Psikopedagogia, Gizarte hezkuntza eta Komunikazio Ez Bortitzeko ikasketei urte batzuk eskaini nizkion. Nor naizen jakiteko bidean jarraitzen dut eta jarraituko dut, erlazioetan elikatu nahian eta besteen aurkikuntza prozesuetan bidelagun izatearekin batera. Pasioa eta ogibidea bat eginda bizitzearen pribilegioa bizi dut. Azken hamarkadan materialen sorkuntzak ere biziki harrapatu nau, \u201cZutani\u201d jolas didaktikoa, \u201cZutani, bizitzako altxor kutxa\u201d aplikazioa, \u201cElkarrekin hazi\u201d eta \u201cJirafa hizkuntza\u201d liburuak, \u201cKira jirafa eta haserrearen diamanteak\u201d ipuinekin formatu desberdinetan erlazioetarako euskarriak sortuz. Eta orain oharkabean, ahots eta musikaz baliatzeak, hitzez azaldu nahi dudana kodigo sentituagoetara eraman nau. Musikak, kantuak, gitarra jotzeak eta dantzak barruko espazioetara eramaten naute, gozamena eta bizitzeko gogoa nigan bizitu egiten direlarik. Dediqu\u00e9 unos cuantos a\u00f1os a los estudios de Psicopedagog\u00eda, Educaci\u00f3n Social y Comunicaci\u00f3n No Violenta. Sigo y seguir\u00e9 en el camino de saber qui\u00e9n soy, queriendo nutrirme de las relaciones que me rodean, a la vez que acompa\u00f1o a las personas que acuden a m\u00ed en sus procesos de descubrimiento. Vivo con toda mi entrega el privilegio de unir la pasi\u00f3n y el oficio. En la \u00faltima d\u00e9cada tambi\u00e9n me he volcado en la creaci\u00f3n de materiales, como el juego did\u00e1ctico Zutani, la aplicaci\u00f3n Zutani, bizitzako altxor kutxa, los libros Crecer juntos y Lenguaje jirafa y el cuento La jirafa Kira y los diamantes del enfado, a\u00f1adiendo, en diferentes formatos, soportes complementarios que mejoren el funcionamiento de las relaciones. Y ahora, me lanzo a expresar en otro registro, ya que la expresi\u00f3n a trav\u00e9s de la m\u00fasica, el canto, la guitarra y la danza me conducen a espacios interiores m\u00e1s amplios, donde pongo en valor el disfrute y las ganas de vivir que se apoderan de m\u00ed. \u2063"}]}},"publishpress_future_action":{"enabled":false,"date":"2026-04-23 01:36:42","action":"change-status","newStatus":"draft","terms":[],"taxonomy":"product_brand","extraData":[]},"publishpress_future_workflow_manual_trigger":{"enabledWorkflows":[]},"_links":{"self":[{"href":"https:\/\/nereamendizabal.eus\/es\/wp-json\/wp\/v2\/product\/3593","targetHints":{"allow":["GET"]}}],"collection":[{"href":"https:\/\/nereamendizabal.eus\/es\/wp-json\/wp\/v2\/product"}],"about":[{"href":"https:\/\/nereamendizabal.eus\/es\/wp-json\/wp\/v2\/types\/product"}],"wp:featuredmedia":[{"embeddable":true,"href":"https:\/\/nereamendizabal.eus\/es\/wp-json\/wp\/v2\/media\/3425"}],"wp:attachment":[{"href":"https:\/\/nereamendizabal.eus\/es\/wp-json\/wp\/v2\/media?parent=3593"}],"wp:term":[{"taxonomy":"product_brand","embeddable":true,"href":"https:\/\/nereamendizabal.eus\/es\/wp-json\/wp\/v2\/product_brand?post=3593"},{"taxonomy":"product_cat","embeddable":true,"href":"https:\/\/nereamendizabal.eus\/es\/wp-json\/wp\/v2\/product_cat?post=3593"},{"taxonomy":"product_tag","embeddable":true,"href":"https:\/\/nereamendizabal.eus\/es\/wp-json\/wp\/v2\/product_tag?post=3593"}],"curies":[{"name":"wp","href":"https:\/\/api.w.org\/{rel}","templated":true}]}}