{"id":3204,"date":"2022-08-04T18:05:45","date_gmt":"2022-08-04T16:05:46","guid":{"rendered":"https:\/\/nereamendizabal.eus\/?post_type=product&#038;p=3204"},"modified":"2022-08-04T18:34:07","modified_gmt":"2022-08-04T16:34:07","slug":"ofrezco-respeto-recibo-respeto-sura-hart-victoria-kindle-hodson","status":"publish","type":"product","link":"https:\/\/nereamendizabal.eus\/es\/producto\/ofrezco-respeto-recibo-respeto-sura-hart-victoria-kindle-hodson\/","title":{"rendered":"Ofrezco respeto, recibo respeto- Sura Hart, Victoria Kindle Hodson"},"content":{"rendered":"<p>Con este manual, podra\u0301s ir ma\u0301s alla\u0301 de las ti\u0301picas te\u0301cnicas de disciplina positiva y comenzar a crear en su hogar un entorno basado en el respeto mutuo, la seguridad emocional y una comunicacio\u0301n positiva y abierta.<\/p>\n<p>Las 7 claves se acompan\u0303an de ejercicios especi\u0301ficos bien documentados y estrategias pra\u0301cticas para abordar los retos familiares, abriendo puertas que a menudo esta\u0301n cerradas y brindando mayores oportunidades de conexi\u00f3n y resoluci\u00f3n.<\/p>\n<h4><\/h4>\n","protected":false},"excerpt":{"rendered":"<p>Madres, padres y ni\u00f1os enriqueciendo sus vidas. 7 claves para la conversi\u00f3n del conflicto familiar en cooperaci\u00f3n.<\/p>\n<p>Un libro pr\u00e1ctico con 7 claves que ayudan a conseguir la colaboraci\u00f3n en el contexto familiar.<\/p>\n","protected":false},"featured_media":3208,"template":"","meta":{"om_disable_all_campaigns":false},"product_brand":[],"product_cat":[94],"product_tag":[],"class_list":{"0":"post-3204","1":"product","2":"type-product","3":"status-publish","4":"has-post-thumbnail","6":"product_cat-libros","7":"product_shipping_class-envio-normal","8":"pa_hizkuntza-castellano-es","10":"first","11":"instock","12":"taxable","13":"shipping-taxable","14":"purchasable","15":"product-type-variable"},"yoast_head":"<!-- This site is optimized with the Yoast SEO plugin v27.4 - https:\/\/yoast.com\/product\/yoast-seo-wordpress\/ -->\n<title>Ofrezco respeto, recibo respeto- Sura Hart, Victoria Kindle Hodson - Nerea Mendizabal<\/title>\n<meta name=\"description\" content=\"La gu\u00eda de Comunicaci\u00f3n No Violenta, consiste en una peque\u00f1a carpeta con los contenidos esenciales y ejemplos espec\u00edficos de este modelo.\" \/>\n<meta name=\"robots\" content=\"index, follow, max-snippet:-1, max-image-preview:large, max-video-preview:-1\" \/>\n<link rel=\"canonical\" href=\"https:\/\/nereamendizabal.eus\/es\/producto\/ofrezco-respeto-recibo-respeto-sura-hart-victoria-kindle-hodson\/\" \/>\n<meta property=\"og:locale\" content=\"es_ES\" \/>\n<meta property=\"og:type\" content=\"article\" \/>\n<meta property=\"og:title\" content=\"Ofrezco respeto, recibo respeto- Sura Hart, Victoria Kindle Hodson - Nerea Mendizabal\" \/>\n<meta property=\"og:description\" content=\"La gu\u00eda de Comunicaci\u00f3n No Violenta, consiste en una peque\u00f1a carpeta con los contenidos esenciales y ejemplos espec\u00edficos de este modelo.\" \/>\n<meta property=\"og:url\" content=\"https:\/\/nereamendizabal.eus\/es\/producto\/ofrezco-respeto-recibo-respeto-sura-hart-victoria-kindle-hodson\/\" \/>\n<meta property=\"og:site_name\" content=\"Nerea Mendizabal\" \/>\n<meta property=\"article:modified_time\" content=\"2022-08-04T16:34:07+00:00\" \/>\n<meta property=\"og:image\" content=\"https:\/\/nereamendizabal.eus\/wp-content\/uploads\/2022\/08\/OFREZCO-1.jpg\" \/>\n\t<meta property=\"og:image:width\" content=\"660\" \/>\n\t<meta property=\"og:image:height\" content=\"660\" \/>\n\t<meta property=\"og:image:type\" content=\"image\/jpeg\" \/>\n<meta name=\"twitter:card\" content=\"summary_large_image\" \/>\n<script type=\"application\/ld+json\" class=\"yoast-schema-graph\">{\"@context\":\"https:\\\/\\\/schema.org\",\"@graph\":[{\"@type\":\"WebPage\",\"@id\":\"https:\\\/\\\/nereamendizabal.eus\\\/es\\\/producto\\\/ofrezco-respeto-recibo-respeto-sura-hart-victoria-kindle-hodson\\\/\",\"url\":\"https:\\\/\\\/nereamendizabal.eus\\\/es\\\/producto\\\/ofrezco-respeto-recibo-respeto-sura-hart-victoria-kindle-hodson\\\/\",\"name\":\"Ofrezco respeto, recibo respeto- Sura Hart, Victoria Kindle Hodson - Nerea Mendizabal\",\"isPartOf\":{\"@id\":\"https:\\\/\\\/nereamendizabal.eus\\\/es\\\/#website\"},\"primaryImageOfPage\":{\"@id\":\"https:\\\/\\\/nereamendizabal.eus\\\/es\\\/producto\\\/ofrezco-respeto-recibo-respeto-sura-hart-victoria-kindle-hodson\\\/#primaryimage\"},\"image\":{\"@id\":\"https:\\\/\\\/nereamendizabal.eus\\\/es\\\/producto\\\/ofrezco-respeto-recibo-respeto-sura-hart-victoria-kindle-hodson\\\/#primaryimage\"},\"thumbnailUrl\":\"https:\\\/\\\/nereamendizabal.eus\\\/wp-content\\\/uploads\\\/2022\\\/08\\\/OFREZCO-1.jpg\",\"datePublished\":\"2022-08-04T16:05:46+00:00\",\"dateModified\":\"2022-08-04T16:34:07+00:00\",\"description\":\"La gu\u00eda de Comunicaci\u00f3n No Violenta, consiste en una peque\u00f1a carpeta con los contenidos esenciales y ejemplos espec\u00edficos de este modelo.\",\"breadcrumb\":{\"@id\":\"https:\\\/\\\/nereamendizabal.eus\\\/es\\\/producto\\\/ofrezco-respeto-recibo-respeto-sura-hart-victoria-kindle-hodson\\\/#breadcrumb\"},\"inLanguage\":\"es\",\"potentialAction\":[{\"@type\":\"ReadAction\",\"target\":[\"https:\\\/\\\/nereamendizabal.eus\\\/es\\\/producto\\\/ofrezco-respeto-recibo-respeto-sura-hart-victoria-kindle-hodson\\\/\"]}]},{\"@type\":\"ImageObject\",\"inLanguage\":\"es\",\"@id\":\"https:\\\/\\\/nereamendizabal.eus\\\/es\\\/producto\\\/ofrezco-respeto-recibo-respeto-sura-hart-victoria-kindle-hodson\\\/#primaryimage\",\"url\":\"https:\\\/\\\/nereamendizabal.eus\\\/wp-content\\\/uploads\\\/2022\\\/08\\\/OFREZCO-1.jpg\",\"contentUrl\":\"https:\\\/\\\/nereamendizabal.eus\\\/wp-content\\\/uploads\\\/2022\\\/08\\\/OFREZCO-1.jpg\",\"width\":660,\"height\":660},{\"@type\":\"BreadcrumbList\",\"@id\":\"https:\\\/\\\/nereamendizabal.eus\\\/es\\\/producto\\\/ofrezco-respeto-recibo-respeto-sura-hart-victoria-kindle-hodson\\\/#breadcrumb\",\"itemListElement\":[{\"@type\":\"ListItem\",\"position\":1,\"name\":\"Portada\",\"item\":\"https:\\\/\\\/nereamendizabal.eus\\\/es\\\/\"},{\"@type\":\"ListItem\",\"position\":2,\"name\":\"Tienda\",\"item\":\"https:\\\/\\\/nereamendizabal.eus\\\/es\\\/tienda\\\/\"},{\"@type\":\"ListItem\",\"position\":3,\"name\":\"Ofrezco respeto, recibo respeto- Sura Hart, Victoria Kindle Hodson\"}]},{\"@type\":\"WebSite\",\"@id\":\"https:\\\/\\\/nereamendizabal.eus\\\/es\\\/#website\",\"url\":\"https:\\\/\\\/nereamendizabal.eus\\\/es\\\/\",\"name\":\"Nerea Mendizabal\",\"description\":\"Comunicaci\u00f3n No Violenta\",\"publisher\":{\"@id\":\"https:\\\/\\\/nereamendizabal.eus\\\/es\\\/#\\\/schema\\\/person\\\/bd256c9b2004cb1f2b7810545da489b1\"},\"potentialAction\":[{\"@type\":\"SearchAction\",\"target\":{\"@type\":\"EntryPoint\",\"urlTemplate\":\"https:\\\/\\\/nereamendizabal.eus\\\/es\\\/?s={search_term_string}\"},\"query-input\":{\"@type\":\"PropertyValueSpecification\",\"valueRequired\":true,\"valueName\":\"search_term_string\"}}],\"inLanguage\":\"es\"},{\"@type\":[\"Person\",\"Organization\"],\"@id\":\"https:\\\/\\\/nereamendizabal.eus\\\/es\\\/#\\\/schema\\\/person\\\/bd256c9b2004cb1f2b7810545da489b1\",\"name\":\"Nerea Mendizabal (Zestoa, 1976)\",\"image\":{\"@type\":\"ImageObject\",\"inLanguage\":\"es\",\"@id\":\"https:\\\/\\\/nereamendizabal.eus\\\/wp-content\\\/uploads\\\/2019\\\/12\\\/Logo-Nerea-Mendizabal-movil-1x.png\",\"url\":\"https:\\\/\\\/nereamendizabal.eus\\\/wp-content\\\/uploads\\\/2019\\\/12\\\/Logo-Nerea-Mendizabal-movil-1x.png\",\"contentUrl\":\"https:\\\/\\\/nereamendizabal.eus\\\/wp-content\\\/uploads\\\/2019\\\/12\\\/Logo-Nerea-Mendizabal-movil-1x.png\",\"width\":237,\"height\":56,\"caption\":\"Nerea Mendizabal (Zestoa, 1976)\"},\"logo\":{\"@id\":\"https:\\\/\\\/nereamendizabal.eus\\\/wp-content\\\/uploads\\\/2019\\\/12\\\/Logo-Nerea-Mendizabal-movil-1x.png\"},\"description\":\"Psikopedagogia, Gizarte hezkuntza eta Komunikazio Ez Bortitzeko ikasketei urte batzuk eskaini nizkion. Nor naizen jakiteko bidean jarraitzen dut eta jarraituko dut, erlazioetan elikatu nahian eta besteen aurkikuntza prozesuetan bidelagun izatearekin batera. Pasioa eta ogibidea bat eginda bizitzearen pribilegioa bizi dut. Azken hamarkadan materialen sorkuntzak ere biziki harrapatu nau, \u201cZutani\u201d jolas didaktikoa, \u201cZutani, bizitzako altxor kutxa\u201d aplikazioa, \u201cElkarrekin hazi\u201d eta \u201cJirafa hizkuntza\u201d liburuak, \u201cKira jirafa eta haserrearen diamanteak\u201d ipuinekin formatu desberdinetan erlazioetarako euskarriak sortuz. Eta orain oharkabean, ahots eta musikaz baliatzeak, hitzez azaldu nahi dudana kodigo sentituagoetara eraman nau. Musikak, kantuak, gitarra jotzeak eta dantzak barruko espazioetara eramaten naute, gozamena eta bizitzeko gogoa nigan bizitu egiten direlarik. Dediqu\u00e9 unos cuantos a\u00f1os a los estudios de Psicopedagog\u00eda, Educaci\u00f3n Social y Comunicaci\u00f3n No Violenta. Sigo y seguir\u00e9 en el camino de saber qui\u00e9n soy, queriendo nutrirme de las relaciones que me rodean, a la vez que acompa\u00f1o a las personas que acuden a m\u00ed en sus procesos de descubrimiento. Vivo con toda mi entrega el privilegio de unir la pasi\u00f3n y el oficio. En la \u00faltima d\u00e9cada tambi\u00e9n me he volcado en la creaci\u00f3n de materiales, como el juego did\u00e1ctico Zutani, la aplicaci\u00f3n Zutani, bizitzako altxor kutxa, los libros Crecer juntos y Lenguaje jirafa y el cuento La jirafa Kira y los diamantes del enfado, a\u00f1adiendo, en diferentes formatos, soportes complementarios que mejoren el funcionamiento de las relaciones. Y ahora, me lanzo a expresar en otro registro, ya que la expresi\u00f3n a trav\u00e9s de la m\u00fasica, el canto, la guitarra y la danza me conducen a espacios interiores m\u00e1s amplios, donde pongo en valor el disfrute y las ganas de vivir que se apoderan de m\u00ed. \u2063\"}]}<\/script>\n<!-- \/ Yoast SEO plugin. -->","yoast_head_json":{"title":"Ofrezco respeto, recibo respeto- Sura Hart, Victoria Kindle Hodson - Nerea Mendizabal","description":"La gu\u00eda de Comunicaci\u00f3n No Violenta, consiste en una peque\u00f1a carpeta con los contenidos esenciales y ejemplos espec\u00edficos de este modelo.","robots":{"index":"index","follow":"follow","max-snippet":"max-snippet:-1","max-image-preview":"max-image-preview:large","max-video-preview":"max-video-preview:-1"},"canonical":"https:\/\/nereamendizabal.eus\/es\/producto\/ofrezco-respeto-recibo-respeto-sura-hart-victoria-kindle-hodson\/","og_locale":"es_ES","og_type":"article","og_title":"Ofrezco respeto, recibo respeto- Sura Hart, Victoria Kindle Hodson - Nerea Mendizabal","og_description":"La gu\u00eda de Comunicaci\u00f3n No Violenta, consiste en una peque\u00f1a carpeta con los contenidos esenciales y ejemplos espec\u00edficos de este modelo.","og_url":"https:\/\/nereamendizabal.eus\/es\/producto\/ofrezco-respeto-recibo-respeto-sura-hart-victoria-kindle-hodson\/","og_site_name":"Nerea Mendizabal","article_modified_time":"2022-08-04T16:34:07+00:00","og_image":[{"width":660,"height":660,"url":"https:\/\/nereamendizabal.eus\/wp-content\/uploads\/2022\/08\/OFREZCO-1.jpg","type":"image\/jpeg"}],"twitter_card":"summary_large_image","schema":{"@context":"https:\/\/schema.org","@graph":[{"@type":"WebPage","@id":"https:\/\/nereamendizabal.eus\/es\/producto\/ofrezco-respeto-recibo-respeto-sura-hart-victoria-kindle-hodson\/","url":"https:\/\/nereamendizabal.eus\/es\/producto\/ofrezco-respeto-recibo-respeto-sura-hart-victoria-kindle-hodson\/","name":"Ofrezco respeto, recibo respeto- Sura Hart, Victoria Kindle Hodson - Nerea Mendizabal","isPartOf":{"@id":"https:\/\/nereamendizabal.eus\/es\/#website"},"primaryImageOfPage":{"@id":"https:\/\/nereamendizabal.eus\/es\/producto\/ofrezco-respeto-recibo-respeto-sura-hart-victoria-kindle-hodson\/#primaryimage"},"image":{"@id":"https:\/\/nereamendizabal.eus\/es\/producto\/ofrezco-respeto-recibo-respeto-sura-hart-victoria-kindle-hodson\/#primaryimage"},"thumbnailUrl":"https:\/\/nereamendizabal.eus\/wp-content\/uploads\/2022\/08\/OFREZCO-1.jpg","datePublished":"2022-08-04T16:05:46+00:00","dateModified":"2022-08-04T16:34:07+00:00","description":"La gu\u00eda de Comunicaci\u00f3n No Violenta, consiste en una peque\u00f1a carpeta con los contenidos esenciales y ejemplos espec\u00edficos de este modelo.","breadcrumb":{"@id":"https:\/\/nereamendizabal.eus\/es\/producto\/ofrezco-respeto-recibo-respeto-sura-hart-victoria-kindle-hodson\/#breadcrumb"},"inLanguage":"es","potentialAction":[{"@type":"ReadAction","target":["https:\/\/nereamendizabal.eus\/es\/producto\/ofrezco-respeto-recibo-respeto-sura-hart-victoria-kindle-hodson\/"]}]},{"@type":"ImageObject","inLanguage":"es","@id":"https:\/\/nereamendizabal.eus\/es\/producto\/ofrezco-respeto-recibo-respeto-sura-hart-victoria-kindle-hodson\/#primaryimage","url":"https:\/\/nereamendizabal.eus\/wp-content\/uploads\/2022\/08\/OFREZCO-1.jpg","contentUrl":"https:\/\/nereamendizabal.eus\/wp-content\/uploads\/2022\/08\/OFREZCO-1.jpg","width":660,"height":660},{"@type":"BreadcrumbList","@id":"https:\/\/nereamendizabal.eus\/es\/producto\/ofrezco-respeto-recibo-respeto-sura-hart-victoria-kindle-hodson\/#breadcrumb","itemListElement":[{"@type":"ListItem","position":1,"name":"Portada","item":"https:\/\/nereamendizabal.eus\/es\/"},{"@type":"ListItem","position":2,"name":"Tienda","item":"https:\/\/nereamendizabal.eus\/es\/tienda\/"},{"@type":"ListItem","position":3,"name":"Ofrezco respeto, recibo respeto- Sura Hart, Victoria Kindle Hodson"}]},{"@type":"WebSite","@id":"https:\/\/nereamendizabal.eus\/es\/#website","url":"https:\/\/nereamendizabal.eus\/es\/","name":"Nerea Mendizabal","description":"Comunicaci\u00f3n No Violenta","publisher":{"@id":"https:\/\/nereamendizabal.eus\/es\/#\/schema\/person\/bd256c9b2004cb1f2b7810545da489b1"},"potentialAction":[{"@type":"SearchAction","target":{"@type":"EntryPoint","urlTemplate":"https:\/\/nereamendizabal.eus\/es\/?s={search_term_string}"},"query-input":{"@type":"PropertyValueSpecification","valueRequired":true,"valueName":"search_term_string"}}],"inLanguage":"es"},{"@type":["Person","Organization"],"@id":"https:\/\/nereamendizabal.eus\/es\/#\/schema\/person\/bd256c9b2004cb1f2b7810545da489b1","name":"Nerea Mendizabal (Zestoa, 1976)","image":{"@type":"ImageObject","inLanguage":"es","@id":"https:\/\/nereamendizabal.eus\/wp-content\/uploads\/2019\/12\/Logo-Nerea-Mendizabal-movil-1x.png","url":"https:\/\/nereamendizabal.eus\/wp-content\/uploads\/2019\/12\/Logo-Nerea-Mendizabal-movil-1x.png","contentUrl":"https:\/\/nereamendizabal.eus\/wp-content\/uploads\/2019\/12\/Logo-Nerea-Mendizabal-movil-1x.png","width":237,"height":56,"caption":"Nerea Mendizabal (Zestoa, 1976)"},"logo":{"@id":"https:\/\/nereamendizabal.eus\/wp-content\/uploads\/2019\/12\/Logo-Nerea-Mendizabal-movil-1x.png"},"description":"Psikopedagogia, Gizarte hezkuntza eta Komunikazio Ez Bortitzeko ikasketei urte batzuk eskaini nizkion. Nor naizen jakiteko bidean jarraitzen dut eta jarraituko dut, erlazioetan elikatu nahian eta besteen aurkikuntza prozesuetan bidelagun izatearekin batera. Pasioa eta ogibidea bat eginda bizitzearen pribilegioa bizi dut. Azken hamarkadan materialen sorkuntzak ere biziki harrapatu nau, \u201cZutani\u201d jolas didaktikoa, \u201cZutani, bizitzako altxor kutxa\u201d aplikazioa, \u201cElkarrekin hazi\u201d eta \u201cJirafa hizkuntza\u201d liburuak, \u201cKira jirafa eta haserrearen diamanteak\u201d ipuinekin formatu desberdinetan erlazioetarako euskarriak sortuz. Eta orain oharkabean, ahots eta musikaz baliatzeak, hitzez azaldu nahi dudana kodigo sentituagoetara eraman nau. Musikak, kantuak, gitarra jotzeak eta dantzak barruko espazioetara eramaten naute, gozamena eta bizitzeko gogoa nigan bizitu egiten direlarik. Dediqu\u00e9 unos cuantos a\u00f1os a los estudios de Psicopedagog\u00eda, Educaci\u00f3n Social y Comunicaci\u00f3n No Violenta. Sigo y seguir\u00e9 en el camino de saber qui\u00e9n soy, queriendo nutrirme de las relaciones que me rodean, a la vez que acompa\u00f1o a las personas que acuden a m\u00ed en sus procesos de descubrimiento. Vivo con toda mi entrega el privilegio de unir la pasi\u00f3n y el oficio. En la \u00faltima d\u00e9cada tambi\u00e9n me he volcado en la creaci\u00f3n de materiales, como el juego did\u00e1ctico Zutani, la aplicaci\u00f3n Zutani, bizitzako altxor kutxa, los libros Crecer juntos y Lenguaje jirafa y el cuento La jirafa Kira y los diamantes del enfado, a\u00f1adiendo, en diferentes formatos, soportes complementarios que mejoren el funcionamiento de las relaciones. Y ahora, me lanzo a expresar en otro registro, ya que la expresi\u00f3n a trav\u00e9s de la m\u00fasica, el canto, la guitarra y la danza me conducen a espacios interiores m\u00e1s amplios, donde pongo en valor el disfrute y las ganas de vivir que se apoderan de m\u00ed. \u2063"}]}},"publishpress_future_action":{"enabled":false,"date":"2026-04-24 06:55:21","action":"change-status","newStatus":"draft","terms":[],"taxonomy":"product_brand","extraData":[]},"publishpress_future_workflow_manual_trigger":{"enabledWorkflows":[]},"_links":{"self":[{"href":"https:\/\/nereamendizabal.eus\/es\/wp-json\/wp\/v2\/product\/3204","targetHints":{"allow":["GET"]}}],"collection":[{"href":"https:\/\/nereamendizabal.eus\/es\/wp-json\/wp\/v2\/product"}],"about":[{"href":"https:\/\/nereamendizabal.eus\/es\/wp-json\/wp\/v2\/types\/product"}],"wp:featuredmedia":[{"embeddable":true,"href":"https:\/\/nereamendizabal.eus\/es\/wp-json\/wp\/v2\/media\/3208"}],"wp:attachment":[{"href":"https:\/\/nereamendizabal.eus\/es\/wp-json\/wp\/v2\/media?parent=3204"}],"wp:term":[{"taxonomy":"product_brand","embeddable":true,"href":"https:\/\/nereamendizabal.eus\/es\/wp-json\/wp\/v2\/product_brand?post=3204"},{"taxonomy":"product_cat","embeddable":true,"href":"https:\/\/nereamendizabal.eus\/es\/wp-json\/wp\/v2\/product_cat?post=3204"},{"taxonomy":"product_tag","embeddable":true,"href":"https:\/\/nereamendizabal.eus\/es\/wp-json\/wp\/v2\/product_tag?post=3204"}],"curies":[{"name":"wp","href":"https:\/\/api.w.org\/{rel}","templated":true}]}}