{"id":3183,"date":"2022-08-04T17:39:11","date_gmt":"2022-08-04T15:39:12","guid":{"rendered":"https:\/\/nereamendizabal.eus\/?post_type=product&#038;p=3183"},"modified":"2022-08-04T18:25:24","modified_gmt":"2022-08-04T16:25:24","slug":"ser-paz-en-un-mundo-en-conflicto-lo-proximo-que-diga-cambiara-su-mundo","status":"publish","type":"product","link":"https:\/\/nereamendizabal.eus\/es\/producto\/ser-paz-en-un-mundo-en-conflicto-lo-proximo-que-diga-cambiara-su-mundo\/","title":{"rendered":"Ser Paz En Un Mundo En Conflicto &#8211; Lo pr\u00f3ximo que diga cambiar\u00e1 su mundo. &#8211; Marshall B. Rosenberg"},"content":{"rendered":"<p>Este libro est\u00e1 plagado de historias surgidas en los rincones m\u00e1s violentos del mundo, provisto de ense\u00f1anzas e ideas inspiradoras recibidas a lo largo de cuarenta a\u00f1os, basadas en trabajos de mediaci\u00f3n en conflictos locales y en la mejora de las relaciones. En \u00e9l se abordan temas de resoluci\u00f3n de conflictos, transformaci\u00f3n de culturas empresariales y estructuras autoritarias, transformaci\u00f3n de la imagen del enemigo, abordaje del terrorismo, recepci\u00f3n y expresi\u00f3n de agradecimiento y promoci\u00f3n de un cambio social real.<\/p>\n<p>El pacifista, mediador y sanador internacional Marshall B. Rosenberg, interiorizando el lenguaje que utilizaba a diario, te ayudar\u00e1 a cultivar una conciencia interior pac\u00edfica. Los conocimientos, las capacidades pr\u00e1cticas y los recursos eficaces que te aportar\u00e1 este libro pueden mejorar profundamente tus relaciones y el curso de tu vida.<\/p>\n","protected":false},"excerpt":{"rendered":"<p>Este libro resume d\u00e9cadas enteras de trabajo por la paz y la sanaci\u00f3n. El autor expone sus aportaciones en el \u00e1mbito de la transformaci\u00f3n social a trav\u00e9s de la CNV, compartiendo sus intervenciones y conversaciones en situaciones reales.<\/p>\n<p>&nbsp;<\/p>\n","protected":false},"featured_media":3186,"template":"","meta":{"om_disable_all_campaigns":false},"product_brand":[],"product_cat":[94],"product_tag":[],"class_list":{"0":"post-3183","1":"product","2":"type-product","3":"status-publish","4":"has-post-thumbnail","6":"product_cat-libros","7":"product_shipping_class-envio-normal","8":"pa_hizkuntza-castellano-es","10":"first","11":"instock","12":"taxable","13":"shipping-taxable","14":"purchasable","15":"product-type-variable"},"yoast_head":"<!-- This site is optimized with the Yoast SEO plugin v27.5 - https:\/\/yoast.com\/product\/yoast-seo-wordpress\/ -->\n<title>Ser Paz En Un Mundo En Conflicto - Lo pr\u00f3ximo que diga cambiar\u00e1 su mundo. - Marshall B. Rosenberg - Nerea Mendizabal<\/title>\n<meta name=\"description\" content=\"La gu\u00eda de Comunicaci\u00f3n No Violenta, consiste en una peque\u00f1a carpeta con los contenidos esenciales y ejemplos espec\u00edficos de este modelo.\" \/>\n<meta name=\"robots\" content=\"index, follow, max-snippet:-1, max-image-preview:large, max-video-preview:-1\" \/>\n<link rel=\"canonical\" href=\"https:\/\/nereamendizabal.eus\/es\/producto\/ser-paz-en-un-mundo-en-conflicto-lo-proximo-que-diga-cambiara-su-mundo\/\" \/>\n<meta property=\"og:locale\" content=\"es_ES\" \/>\n<meta property=\"og:type\" content=\"article\" \/>\n<meta property=\"og:title\" content=\"Ser Paz En Un Mundo En Conflicto - Lo pr\u00f3ximo que diga cambiar\u00e1 su mundo. - Marshall B. Rosenberg - Nerea Mendizabal\" \/>\n<meta property=\"og:description\" content=\"La gu\u00eda de Comunicaci\u00f3n No Violenta, consiste en una peque\u00f1a carpeta con los contenidos esenciales y ejemplos espec\u00edficos de este modelo.\" \/>\n<meta property=\"og:url\" content=\"https:\/\/nereamendizabal.eus\/es\/producto\/ser-paz-en-un-mundo-en-conflicto-lo-proximo-que-diga-cambiara-su-mundo\/\" \/>\n<meta property=\"og:site_name\" content=\"Nerea Mendizabal\" \/>\n<meta property=\"article:modified_time\" content=\"2022-08-04T16:25:24+00:00\" \/>\n<meta property=\"og:image\" content=\"https:\/\/nereamendizabal.eus\/wp-content\/uploads\/2022\/08\/SER-PAZ-1.jpg\" \/>\n\t<meta property=\"og:image:width\" content=\"660\" \/>\n\t<meta property=\"og:image:height\" content=\"660\" \/>\n\t<meta property=\"og:image:type\" content=\"image\/jpeg\" \/>\n<meta name=\"twitter:card\" content=\"summary_large_image\" \/>\n<meta name=\"twitter:label1\" content=\"Tiempo de lectura\" \/>\n\t<meta name=\"twitter:data1\" content=\"1 minuto\" \/>\n<script type=\"application\/ld+json\" class=\"yoast-schema-graph\">{\"@context\":\"https:\\\/\\\/schema.org\",\"@graph\":[{\"@type\":\"WebPage\",\"@id\":\"https:\\\/\\\/nereamendizabal.eus\\\/es\\\/producto\\\/ser-paz-en-un-mundo-en-conflicto-lo-proximo-que-diga-cambiara-su-mundo\\\/\",\"url\":\"https:\\\/\\\/nereamendizabal.eus\\\/es\\\/producto\\\/ser-paz-en-un-mundo-en-conflicto-lo-proximo-que-diga-cambiara-su-mundo\\\/\",\"name\":\"Ser Paz En Un Mundo En Conflicto - Lo pr\u00f3ximo que diga cambiar\u00e1 su mundo. - Marshall B. Rosenberg - Nerea Mendizabal\",\"isPartOf\":{\"@id\":\"https:\\\/\\\/nereamendizabal.eus\\\/es\\\/#website\"},\"primaryImageOfPage\":{\"@id\":\"https:\\\/\\\/nereamendizabal.eus\\\/es\\\/producto\\\/ser-paz-en-un-mundo-en-conflicto-lo-proximo-que-diga-cambiara-su-mundo\\\/#primaryimage\"},\"image\":{\"@id\":\"https:\\\/\\\/nereamendizabal.eus\\\/es\\\/producto\\\/ser-paz-en-un-mundo-en-conflicto-lo-proximo-que-diga-cambiara-su-mundo\\\/#primaryimage\"},\"thumbnailUrl\":\"https:\\\/\\\/nereamendizabal.eus\\\/wp-content\\\/uploads\\\/2022\\\/08\\\/SER-PAZ-1.jpg\",\"datePublished\":\"2022-08-04T15:39:12+00:00\",\"dateModified\":\"2022-08-04T16:25:24+00:00\",\"description\":\"La gu\u00eda de Comunicaci\u00f3n No Violenta, consiste en una peque\u00f1a carpeta con los contenidos esenciales y ejemplos espec\u00edficos de este modelo.\",\"breadcrumb\":{\"@id\":\"https:\\\/\\\/nereamendizabal.eus\\\/es\\\/producto\\\/ser-paz-en-un-mundo-en-conflicto-lo-proximo-que-diga-cambiara-su-mundo\\\/#breadcrumb\"},\"inLanguage\":\"es\",\"potentialAction\":[{\"@type\":\"ReadAction\",\"target\":[\"https:\\\/\\\/nereamendizabal.eus\\\/es\\\/producto\\\/ser-paz-en-un-mundo-en-conflicto-lo-proximo-que-diga-cambiara-su-mundo\\\/\"]}]},{\"@type\":\"ImageObject\",\"inLanguage\":\"es\",\"@id\":\"https:\\\/\\\/nereamendizabal.eus\\\/es\\\/producto\\\/ser-paz-en-un-mundo-en-conflicto-lo-proximo-que-diga-cambiara-su-mundo\\\/#primaryimage\",\"url\":\"https:\\\/\\\/nereamendizabal.eus\\\/wp-content\\\/uploads\\\/2022\\\/08\\\/SER-PAZ-1.jpg\",\"contentUrl\":\"https:\\\/\\\/nereamendizabal.eus\\\/wp-content\\\/uploads\\\/2022\\\/08\\\/SER-PAZ-1.jpg\",\"width\":660,\"height\":660},{\"@type\":\"BreadcrumbList\",\"@id\":\"https:\\\/\\\/nereamendizabal.eus\\\/es\\\/producto\\\/ser-paz-en-un-mundo-en-conflicto-lo-proximo-que-diga-cambiara-su-mundo\\\/#breadcrumb\",\"itemListElement\":[{\"@type\":\"ListItem\",\"position\":1,\"name\":\"Portada\",\"item\":\"https:\\\/\\\/nereamendizabal.eus\\\/es\\\/\"},{\"@type\":\"ListItem\",\"position\":2,\"name\":\"Tienda\",\"item\":\"https:\\\/\\\/nereamendizabal.eus\\\/es\\\/tienda\\\/\"},{\"@type\":\"ListItem\",\"position\":3,\"name\":\"Ser Paz En Un Mundo En Conflicto &#8211; Lo pr\u00f3ximo que diga cambiar\u00e1 su mundo. &#8211; Marshall B. Rosenberg\"}]},{\"@type\":\"WebSite\",\"@id\":\"https:\\\/\\\/nereamendizabal.eus\\\/es\\\/#website\",\"url\":\"https:\\\/\\\/nereamendizabal.eus\\\/es\\\/\",\"name\":\"Nerea Mendizabal\",\"description\":\"Comunicaci\u00f3n No Violenta\",\"publisher\":{\"@id\":\"https:\\\/\\\/nereamendizabal.eus\\\/es\\\/#\\\/schema\\\/person\\\/bd256c9b2004cb1f2b7810545da489b1\"},\"potentialAction\":[{\"@type\":\"SearchAction\",\"target\":{\"@type\":\"EntryPoint\",\"urlTemplate\":\"https:\\\/\\\/nereamendizabal.eus\\\/es\\\/?s={search_term_string}\"},\"query-input\":{\"@type\":\"PropertyValueSpecification\",\"valueRequired\":true,\"valueName\":\"search_term_string\"}}],\"inLanguage\":\"es\"},{\"@type\":[\"Person\",\"Organization\"],\"@id\":\"https:\\\/\\\/nereamendizabal.eus\\\/es\\\/#\\\/schema\\\/person\\\/bd256c9b2004cb1f2b7810545da489b1\",\"name\":\"Nerea Mendizabal (Zestoa, 1976)\",\"image\":{\"@type\":\"ImageObject\",\"inLanguage\":\"es\",\"@id\":\"https:\\\/\\\/nereamendizabal.eus\\\/wp-content\\\/uploads\\\/2019\\\/12\\\/Logo-Nerea-Mendizabal-movil-1x.png\",\"url\":\"https:\\\/\\\/nereamendizabal.eus\\\/wp-content\\\/uploads\\\/2019\\\/12\\\/Logo-Nerea-Mendizabal-movil-1x.png\",\"contentUrl\":\"https:\\\/\\\/nereamendizabal.eus\\\/wp-content\\\/uploads\\\/2019\\\/12\\\/Logo-Nerea-Mendizabal-movil-1x.png\",\"width\":237,\"height\":56,\"caption\":\"Nerea Mendizabal (Zestoa, 1976)\"},\"logo\":{\"@id\":\"https:\\\/\\\/nereamendizabal.eus\\\/wp-content\\\/uploads\\\/2019\\\/12\\\/Logo-Nerea-Mendizabal-movil-1x.png\"},\"description\":\"Psikopedagogia, Gizarte hezkuntza eta Komunikazio Ez Bortitzeko ikasketei urte batzuk eskaini nizkion. Nor naizen jakiteko bidean jarraitzen dut eta jarraituko dut, erlazioetan elikatu nahian eta besteen aurkikuntza prozesuetan bidelagun izatearekin batera. Pasioa eta ogibidea bat eginda bizitzearen pribilegioa bizi dut. Azken hamarkadan materialen sorkuntzak ere biziki harrapatu nau, \u201cZutani\u201d jolas didaktikoa, \u201cZutani, bizitzako altxor kutxa\u201d aplikazioa, \u201cElkarrekin hazi\u201d eta \u201cJirafa hizkuntza\u201d liburuak, \u201cKira jirafa eta haserrearen diamanteak\u201d ipuinekin formatu desberdinetan erlazioetarako euskarriak sortuz. Eta orain oharkabean, ahots eta musikaz baliatzeak, hitzez azaldu nahi dudana kodigo sentituagoetara eraman nau. Musikak, kantuak, gitarra jotzeak eta dantzak barruko espazioetara eramaten naute, gozamena eta bizitzeko gogoa nigan bizitu egiten direlarik. Dediqu\u00e9 unos cuantos a\u00f1os a los estudios de Psicopedagog\u00eda, Educaci\u00f3n Social y Comunicaci\u00f3n No Violenta. Sigo y seguir\u00e9 en el camino de saber qui\u00e9n soy, queriendo nutrirme de las relaciones que me rodean, a la vez que acompa\u00f1o a las personas que acuden a m\u00ed en sus procesos de descubrimiento. Vivo con toda mi entrega el privilegio de unir la pasi\u00f3n y el oficio. En la \u00faltima d\u00e9cada tambi\u00e9n me he volcado en la creaci\u00f3n de materiales, como el juego did\u00e1ctico Zutani, la aplicaci\u00f3n Zutani, bizitzako altxor kutxa, los libros Crecer juntos y Lenguaje jirafa y el cuento La jirafa Kira y los diamantes del enfado, a\u00f1adiendo, en diferentes formatos, soportes complementarios que mejoren el funcionamiento de las relaciones. Y ahora, me lanzo a expresar en otro registro, ya que la expresi\u00f3n a trav\u00e9s de la m\u00fasica, el canto, la guitarra y la danza me conducen a espacios interiores m\u00e1s amplios, donde pongo en valor el disfrute y las ganas de vivir que se apoderan de m\u00ed. \u2063\"}]}<\/script>\n<!-- \/ Yoast SEO plugin. -->","yoast_head_json":{"title":"Ser Paz En Un Mundo En Conflicto - Lo pr\u00f3ximo que diga cambiar\u00e1 su mundo. - Marshall B. Rosenberg - Nerea Mendizabal","description":"La gu\u00eda de Comunicaci\u00f3n No Violenta, consiste en una peque\u00f1a carpeta con los contenidos esenciales y ejemplos espec\u00edficos de este modelo.","robots":{"index":"index","follow":"follow","max-snippet":"max-snippet:-1","max-image-preview":"max-image-preview:large","max-video-preview":"max-video-preview:-1"},"canonical":"https:\/\/nereamendizabal.eus\/es\/producto\/ser-paz-en-un-mundo-en-conflicto-lo-proximo-que-diga-cambiara-su-mundo\/","og_locale":"es_ES","og_type":"article","og_title":"Ser Paz En Un Mundo En Conflicto - Lo pr\u00f3ximo que diga cambiar\u00e1 su mundo. - Marshall B. Rosenberg - Nerea Mendizabal","og_description":"La gu\u00eda de Comunicaci\u00f3n No Violenta, consiste en una peque\u00f1a carpeta con los contenidos esenciales y ejemplos espec\u00edficos de este modelo.","og_url":"https:\/\/nereamendizabal.eus\/es\/producto\/ser-paz-en-un-mundo-en-conflicto-lo-proximo-que-diga-cambiara-su-mundo\/","og_site_name":"Nerea Mendizabal","article_modified_time":"2022-08-04T16:25:24+00:00","og_image":[{"width":660,"height":660,"url":"https:\/\/nereamendizabal.eus\/wp-content\/uploads\/2022\/08\/SER-PAZ-1.jpg","type":"image\/jpeg"}],"twitter_card":"summary_large_image","twitter_misc":{"Tiempo de lectura":"1 minuto"},"schema":{"@context":"https:\/\/schema.org","@graph":[{"@type":"WebPage","@id":"https:\/\/nereamendizabal.eus\/es\/producto\/ser-paz-en-un-mundo-en-conflicto-lo-proximo-que-diga-cambiara-su-mundo\/","url":"https:\/\/nereamendizabal.eus\/es\/producto\/ser-paz-en-un-mundo-en-conflicto-lo-proximo-que-diga-cambiara-su-mundo\/","name":"Ser Paz En Un Mundo En Conflicto - Lo pr\u00f3ximo que diga cambiar\u00e1 su mundo. - Marshall B. Rosenberg - Nerea Mendizabal","isPartOf":{"@id":"https:\/\/nereamendizabal.eus\/es\/#website"},"primaryImageOfPage":{"@id":"https:\/\/nereamendizabal.eus\/es\/producto\/ser-paz-en-un-mundo-en-conflicto-lo-proximo-que-diga-cambiara-su-mundo\/#primaryimage"},"image":{"@id":"https:\/\/nereamendizabal.eus\/es\/producto\/ser-paz-en-un-mundo-en-conflicto-lo-proximo-que-diga-cambiara-su-mundo\/#primaryimage"},"thumbnailUrl":"https:\/\/nereamendizabal.eus\/wp-content\/uploads\/2022\/08\/SER-PAZ-1.jpg","datePublished":"2022-08-04T15:39:12+00:00","dateModified":"2022-08-04T16:25:24+00:00","description":"La gu\u00eda de Comunicaci\u00f3n No Violenta, consiste en una peque\u00f1a carpeta con los contenidos esenciales y ejemplos espec\u00edficos de este modelo.","breadcrumb":{"@id":"https:\/\/nereamendizabal.eus\/es\/producto\/ser-paz-en-un-mundo-en-conflicto-lo-proximo-que-diga-cambiara-su-mundo\/#breadcrumb"},"inLanguage":"es","potentialAction":[{"@type":"ReadAction","target":["https:\/\/nereamendizabal.eus\/es\/producto\/ser-paz-en-un-mundo-en-conflicto-lo-proximo-que-diga-cambiara-su-mundo\/"]}]},{"@type":"ImageObject","inLanguage":"es","@id":"https:\/\/nereamendizabal.eus\/es\/producto\/ser-paz-en-un-mundo-en-conflicto-lo-proximo-que-diga-cambiara-su-mundo\/#primaryimage","url":"https:\/\/nereamendizabal.eus\/wp-content\/uploads\/2022\/08\/SER-PAZ-1.jpg","contentUrl":"https:\/\/nereamendizabal.eus\/wp-content\/uploads\/2022\/08\/SER-PAZ-1.jpg","width":660,"height":660},{"@type":"BreadcrumbList","@id":"https:\/\/nereamendizabal.eus\/es\/producto\/ser-paz-en-un-mundo-en-conflicto-lo-proximo-que-diga-cambiara-su-mundo\/#breadcrumb","itemListElement":[{"@type":"ListItem","position":1,"name":"Portada","item":"https:\/\/nereamendizabal.eus\/es\/"},{"@type":"ListItem","position":2,"name":"Tienda","item":"https:\/\/nereamendizabal.eus\/es\/tienda\/"},{"@type":"ListItem","position":3,"name":"Ser Paz En Un Mundo En Conflicto &#8211; Lo pr\u00f3ximo que diga cambiar\u00e1 su mundo. &#8211; Marshall B. Rosenberg"}]},{"@type":"WebSite","@id":"https:\/\/nereamendizabal.eus\/es\/#website","url":"https:\/\/nereamendizabal.eus\/es\/","name":"Nerea Mendizabal","description":"Comunicaci\u00f3n No Violenta","publisher":{"@id":"https:\/\/nereamendizabal.eus\/es\/#\/schema\/person\/bd256c9b2004cb1f2b7810545da489b1"},"potentialAction":[{"@type":"SearchAction","target":{"@type":"EntryPoint","urlTemplate":"https:\/\/nereamendizabal.eus\/es\/?s={search_term_string}"},"query-input":{"@type":"PropertyValueSpecification","valueRequired":true,"valueName":"search_term_string"}}],"inLanguage":"es"},{"@type":["Person","Organization"],"@id":"https:\/\/nereamendizabal.eus\/es\/#\/schema\/person\/bd256c9b2004cb1f2b7810545da489b1","name":"Nerea Mendizabal (Zestoa, 1976)","image":{"@type":"ImageObject","inLanguage":"es","@id":"https:\/\/nereamendizabal.eus\/wp-content\/uploads\/2019\/12\/Logo-Nerea-Mendizabal-movil-1x.png","url":"https:\/\/nereamendizabal.eus\/wp-content\/uploads\/2019\/12\/Logo-Nerea-Mendizabal-movil-1x.png","contentUrl":"https:\/\/nereamendizabal.eus\/wp-content\/uploads\/2019\/12\/Logo-Nerea-Mendizabal-movil-1x.png","width":237,"height":56,"caption":"Nerea Mendizabal (Zestoa, 1976)"},"logo":{"@id":"https:\/\/nereamendizabal.eus\/wp-content\/uploads\/2019\/12\/Logo-Nerea-Mendizabal-movil-1x.png"},"description":"Psikopedagogia, Gizarte hezkuntza eta Komunikazio Ez Bortitzeko ikasketei urte batzuk eskaini nizkion. Nor naizen jakiteko bidean jarraitzen dut eta jarraituko dut, erlazioetan elikatu nahian eta besteen aurkikuntza prozesuetan bidelagun izatearekin batera. Pasioa eta ogibidea bat eginda bizitzearen pribilegioa bizi dut. Azken hamarkadan materialen sorkuntzak ere biziki harrapatu nau, \u201cZutani\u201d jolas didaktikoa, \u201cZutani, bizitzako altxor kutxa\u201d aplikazioa, \u201cElkarrekin hazi\u201d eta \u201cJirafa hizkuntza\u201d liburuak, \u201cKira jirafa eta haserrearen diamanteak\u201d ipuinekin formatu desberdinetan erlazioetarako euskarriak sortuz. Eta orain oharkabean, ahots eta musikaz baliatzeak, hitzez azaldu nahi dudana kodigo sentituagoetara eraman nau. Musikak, kantuak, gitarra jotzeak eta dantzak barruko espazioetara eramaten naute, gozamena eta bizitzeko gogoa nigan bizitu egiten direlarik. Dediqu\u00e9 unos cuantos a\u00f1os a los estudios de Psicopedagog\u00eda, Educaci\u00f3n Social y Comunicaci\u00f3n No Violenta. Sigo y seguir\u00e9 en el camino de saber qui\u00e9n soy, queriendo nutrirme de las relaciones que me rodean, a la vez que acompa\u00f1o a las personas que acuden a m\u00ed en sus procesos de descubrimiento. Vivo con toda mi entrega el privilegio de unir la pasi\u00f3n y el oficio. En la \u00faltima d\u00e9cada tambi\u00e9n me he volcado en la creaci\u00f3n de materiales, como el juego did\u00e1ctico Zutani, la aplicaci\u00f3n Zutani, bizitzako altxor kutxa, los libros Crecer juntos y Lenguaje jirafa y el cuento La jirafa Kira y los diamantes del enfado, a\u00f1adiendo, en diferentes formatos, soportes complementarios que mejoren el funcionamiento de las relaciones. Y ahora, me lanzo a expresar en otro registro, ya que la expresi\u00f3n a trav\u00e9s de la m\u00fasica, el canto, la guitarra y la danza me conducen a espacios interiores m\u00e1s amplios, donde pongo en valor el disfrute y las ganas de vivir que se apoderan de m\u00ed. \u2063"}]}},"publishpress_future_action":{"enabled":false,"date":"2026-05-09 11:15:23","action":"change-status","newStatus":"draft","terms":[],"taxonomy":"product_brand","extraData":[]},"publishpress_future_workflow_manual_trigger":{"enabledWorkflows":[]},"_links":{"self":[{"href":"https:\/\/nereamendizabal.eus\/es\/wp-json\/wp\/v2\/product\/3183","targetHints":{"allow":["GET"]}}],"collection":[{"href":"https:\/\/nereamendizabal.eus\/es\/wp-json\/wp\/v2\/product"}],"about":[{"href":"https:\/\/nereamendizabal.eus\/es\/wp-json\/wp\/v2\/types\/product"}],"wp:featuredmedia":[{"embeddable":true,"href":"https:\/\/nereamendizabal.eus\/es\/wp-json\/wp\/v2\/media\/3186"}],"wp:attachment":[{"href":"https:\/\/nereamendizabal.eus\/es\/wp-json\/wp\/v2\/media?parent=3183"}],"wp:term":[{"taxonomy":"product_brand","embeddable":true,"href":"https:\/\/nereamendizabal.eus\/es\/wp-json\/wp\/v2\/product_brand?post=3183"},{"taxonomy":"product_cat","embeddable":true,"href":"https:\/\/nereamendizabal.eus\/es\/wp-json\/wp\/v2\/product_cat?post=3183"},{"taxonomy":"product_tag","embeddable":true,"href":"https:\/\/nereamendizabal.eus\/es\/wp-json\/wp\/v2\/product_tag?post=3183"}],"curies":[{"name":"wp","href":"https:\/\/api.w.org\/{rel}","templated":true}]}}