{"id":3050,"date":"2022-07-14T20:08:36","date_gmt":"2022-07-14T18:08:36","guid":{"rendered":"https:\/\/nereamendizabal.eus\/?post_type=product&#038;p=3050"},"modified":"2024-04-17T17:36:48","modified_gmt":"2024-04-17T15:36:48","slug":"keb-ikastaroa-jirafa-hizkuntza","status":"publish","type":"product","link":"https:\/\/nereamendizabal.eus\/es\/producto\/keb-ikastaroa-jirafa-hizkuntza\/","title":{"rendered":"JIRAFA HIZKUNTZA PROGRAMA IKASTETXEETAN. Komunikazio Ez Bortitza"},"content":{"rendered":"<p>Komunikazio Ez Bortitza, testuinguru desberdinetan mundu mailan ezaguna den eredua da, Marshall B.Rosenberg-ek sortutakoa. Programa honen bidez, hezkuntzarako bereziki aproposa den begirada eta lan tresna sakondu nahi da.<\/p>\n<p>Elkarbizitza eta erlazio trebetasunak ezinbestekoak dira ikas komunitatean. Programa honetan, irakasleak norberarekin, ikasleekin eta eskola komunitateko gainontzeko pertsonekin erlazionatzeko abileziak lantzeaz gain, ikasleekin batera ikasten eta praktikatzen joateko proposamenak izango ditu, gelako dinamiketan txertatzeko.<\/p>\n<p>Komunikazio Ez Bortitzaren prozesua, adierazteko eta entzuteko gakoak, gatazken kudeaketarako erramientak, emozioka, mugak, autoestimua etab. landuko dira, modulo bakoitzean aurkituko diren bideo, audio, artikulu eta fitxekin bidez.<\/p>\n<p>Ikastaroaren edukiak ikusteko; <a href=\"https:\/\/nereamendizabal.eus\/wp-content\/uploads\/2022\/07\/Edukiak-jirafa-hizkuntza.pdf\">Edukiak jirafa hizkuntza<\/a><\/p>\n<p>&nbsp;<\/p>\n","protected":false},"excerpt":{"rendered":"<p>Elkarbizitza eta erlazio trebetasunak indartzeko programa honen bidez, irakasleak norberarekin, ikasleekin eta eskola komunitateko gainontzeko pertsonekin erlazionatzeko abileziak lantzeaz gain, ikasleekin batera ikasten eta praktikatzen joateko proposamenak izango ditu, gelako dinamiketan txertatzeko.<\/p>\n","protected":false},"featured_media":2914,"template":"","meta":{"om_disable_all_campaigns":false},"product_brand":[],"product_cat":[87],"product_tag":[],"class_list":{"0":"post-3050","1":"product","2":"type-product","3":"status-publish","4":"has-post-thumbnail","6":"product_cat-online-produktuak","7":"product_shipping_class-bidalketa-normala","8":"pa_hizkuntza-euskera","10":"first","11":"instock","12":"taxable","13":"shipping-taxable","14":"purchasable","15":"product-type-variable"},"yoast_head":"<!-- This site is optimized with the Yoast SEO plugin v27.5 - https:\/\/yoast.com\/product\/yoast-seo-wordpress\/ -->\n<title>JIRAFA HIZKUNTZA PROGRAMA IKASTETXEETAN. Komunikazio Ez Bortitza - Nerea Mendizabal<\/title>\n<meta name=\"robots\" content=\"index, follow, max-snippet:-1, max-image-preview:large, max-video-preview:-1\" \/>\n<link rel=\"canonical\" href=\"https:\/\/nereamendizabal.eus\/es\/producto\/keb-ikastaroa-jirafa-hizkuntza\/\" \/>\n<meta property=\"og:locale\" content=\"es_ES\" \/>\n<meta property=\"og:type\" content=\"article\" \/>\n<meta property=\"og:title\" content=\"JIRAFA HIZKUNTZA PROGRAMA IKASTETXEETAN. Komunikazio Ez Bortitza - Nerea Mendizabal\" \/>\n<meta property=\"og:description\" content=\"Elkarbizitza eta erlazio trebetasunak indartzeko programa honen bidez, irakasleak norberarekin, ikasleekin eta eskola komunitateko gainontzeko pertsonekin erlazionatzeko abileziak lantzeaz gain, ikasleekin batera ikasten eta praktikatzen joateko proposamenak izango ditu, gelako dinamiketan txertatzeko.\" \/>\n<meta property=\"og:url\" content=\"https:\/\/nereamendizabal.eus\/es\/producto\/keb-ikastaroa-jirafa-hizkuntza\/\" \/>\n<meta property=\"og:site_name\" content=\"Nerea Mendizabal\" \/>\n<meta property=\"article:modified_time\" content=\"2024-04-17T15:36:48+00:00\" \/>\n<meta property=\"og:image\" content=\"https:\/\/nereamendizabal.eus\/wp-content\/uploads\/2022\/07\/Komunikazio-Ez-Bortitza-Jirafa-Hizkuntza-Ikastetxetan.jpg\" \/>\n\t<meta property=\"og:image:width\" content=\"2000\" \/>\n\t<meta property=\"og:image:height\" content=\"1414\" \/>\n\t<meta property=\"og:image:type\" content=\"image\/jpeg\" \/>\n<meta name=\"twitter:card\" content=\"summary_large_image\" \/>\n<meta name=\"twitter:label1\" content=\"Tiempo de lectura\" \/>\n\t<meta name=\"twitter:data1\" content=\"1 minuto\" \/>\n<script type=\"application\/ld+json\" class=\"yoast-schema-graph\">{\"@context\":\"https:\\\/\\\/schema.org\",\"@graph\":[{\"@type\":\"WebPage\",\"@id\":\"https:\\\/\\\/nereamendizabal.eus\\\/es\\\/producto\\\/keb-ikastaroa-jirafa-hizkuntza\\\/\",\"url\":\"https:\\\/\\\/nereamendizabal.eus\\\/es\\\/producto\\\/keb-ikastaroa-jirafa-hizkuntza\\\/\",\"name\":\"JIRAFA HIZKUNTZA PROGRAMA IKASTETXEETAN. Komunikazio Ez Bortitza - Nerea Mendizabal\",\"isPartOf\":{\"@id\":\"https:\\\/\\\/nereamendizabal.eus\\\/es\\\/#website\"},\"primaryImageOfPage\":{\"@id\":\"https:\\\/\\\/nereamendizabal.eus\\\/es\\\/producto\\\/keb-ikastaroa-jirafa-hizkuntza\\\/#primaryimage\"},\"image\":{\"@id\":\"https:\\\/\\\/nereamendizabal.eus\\\/es\\\/producto\\\/keb-ikastaroa-jirafa-hizkuntza\\\/#primaryimage\"},\"thumbnailUrl\":\"https:\\\/\\\/nereamendizabal.eus\\\/wp-content\\\/uploads\\\/2022\\\/07\\\/Komunikazio-Ez-Bortitza-Jirafa-Hizkuntza-Ikastetxetan.jpg\",\"datePublished\":\"2022-07-14T18:08:36+00:00\",\"dateModified\":\"2024-04-17T15:36:48+00:00\",\"breadcrumb\":{\"@id\":\"https:\\\/\\\/nereamendizabal.eus\\\/es\\\/producto\\\/keb-ikastaroa-jirafa-hizkuntza\\\/#breadcrumb\"},\"inLanguage\":\"es\",\"potentialAction\":[{\"@type\":\"ReadAction\",\"target\":[\"https:\\\/\\\/nereamendizabal.eus\\\/es\\\/producto\\\/keb-ikastaroa-jirafa-hizkuntza\\\/\"]}]},{\"@type\":\"ImageObject\",\"inLanguage\":\"es\",\"@id\":\"https:\\\/\\\/nereamendizabal.eus\\\/es\\\/producto\\\/keb-ikastaroa-jirafa-hizkuntza\\\/#primaryimage\",\"url\":\"https:\\\/\\\/nereamendizabal.eus\\\/wp-content\\\/uploads\\\/2022\\\/07\\\/Komunikazio-Ez-Bortitza-Jirafa-Hizkuntza-Ikastetxetan.jpg\",\"contentUrl\":\"https:\\\/\\\/nereamendizabal.eus\\\/wp-content\\\/uploads\\\/2022\\\/07\\\/Komunikazio-Ez-Bortitza-Jirafa-Hizkuntza-Ikastetxetan.jpg\",\"width\":2000,\"height\":1414,\"caption\":\"Komunikazio Ez Bortitza Jirafa Hizkuntza Ikastetxetan\"},{\"@type\":\"BreadcrumbList\",\"@id\":\"https:\\\/\\\/nereamendizabal.eus\\\/es\\\/producto\\\/keb-ikastaroa-jirafa-hizkuntza\\\/#breadcrumb\",\"itemListElement\":[{\"@type\":\"ListItem\",\"position\":1,\"name\":\"Portada\",\"item\":\"https:\\\/\\\/nereamendizabal.eus\\\/es\\\/\"},{\"@type\":\"ListItem\",\"position\":2,\"name\":\"Tienda\",\"item\":\"https:\\\/\\\/nereamendizabal.eus\\\/es\\\/tienda\\\/\"},{\"@type\":\"ListItem\",\"position\":3,\"name\":\"JIRAFA HIZKUNTZA PROGRAMA IKASTETXEETAN. Komunikazio Ez Bortitza\"}]},{\"@type\":\"WebSite\",\"@id\":\"https:\\\/\\\/nereamendizabal.eus\\\/es\\\/#website\",\"url\":\"https:\\\/\\\/nereamendizabal.eus\\\/es\\\/\",\"name\":\"Nerea Mendizabal\",\"description\":\"Comunicaci\u00f3n No Violenta\",\"publisher\":{\"@id\":\"https:\\\/\\\/nereamendizabal.eus\\\/es\\\/#\\\/schema\\\/person\\\/bd256c9b2004cb1f2b7810545da489b1\"},\"potentialAction\":[{\"@type\":\"SearchAction\",\"target\":{\"@type\":\"EntryPoint\",\"urlTemplate\":\"https:\\\/\\\/nereamendizabal.eus\\\/es\\\/?s={search_term_string}\"},\"query-input\":{\"@type\":\"PropertyValueSpecification\",\"valueRequired\":true,\"valueName\":\"search_term_string\"}}],\"inLanguage\":\"es\"},{\"@type\":[\"Person\",\"Organization\"],\"@id\":\"https:\\\/\\\/nereamendizabal.eus\\\/es\\\/#\\\/schema\\\/person\\\/bd256c9b2004cb1f2b7810545da489b1\",\"name\":\"Nerea Mendizabal (Zestoa, 1976)\",\"image\":{\"@type\":\"ImageObject\",\"inLanguage\":\"es\",\"@id\":\"https:\\\/\\\/nereamendizabal.eus\\\/wp-content\\\/uploads\\\/2019\\\/12\\\/Logo-Nerea-Mendizabal-movil-1x.png\",\"url\":\"https:\\\/\\\/nereamendizabal.eus\\\/wp-content\\\/uploads\\\/2019\\\/12\\\/Logo-Nerea-Mendizabal-movil-1x.png\",\"contentUrl\":\"https:\\\/\\\/nereamendizabal.eus\\\/wp-content\\\/uploads\\\/2019\\\/12\\\/Logo-Nerea-Mendizabal-movil-1x.png\",\"width\":237,\"height\":56,\"caption\":\"Nerea Mendizabal (Zestoa, 1976)\"},\"logo\":{\"@id\":\"https:\\\/\\\/nereamendizabal.eus\\\/wp-content\\\/uploads\\\/2019\\\/12\\\/Logo-Nerea-Mendizabal-movil-1x.png\"},\"description\":\"Psikopedagogia, Gizarte hezkuntza eta Komunikazio Ez Bortitzeko ikasketei urte batzuk eskaini nizkion. Nor naizen jakiteko bidean jarraitzen dut eta jarraituko dut, erlazioetan elikatu nahian eta besteen aurkikuntza prozesuetan bidelagun izatearekin batera. Pasioa eta ogibidea bat eginda bizitzearen pribilegioa bizi dut. Azken hamarkadan materialen sorkuntzak ere biziki harrapatu nau, \u201cZutani\u201d jolas didaktikoa, \u201cZutani, bizitzako altxor kutxa\u201d aplikazioa, \u201cElkarrekin hazi\u201d eta \u201cJirafa hizkuntza\u201d liburuak, \u201cKira jirafa eta haserrearen diamanteak\u201d ipuinekin formatu desberdinetan erlazioetarako euskarriak sortuz. Eta orain oharkabean, ahots eta musikaz baliatzeak, hitzez azaldu nahi dudana kodigo sentituagoetara eraman nau. Musikak, kantuak, gitarra jotzeak eta dantzak barruko espazioetara eramaten naute, gozamena eta bizitzeko gogoa nigan bizitu egiten direlarik. Dediqu\u00e9 unos cuantos a\u00f1os a los estudios de Psicopedagog\u00eda, Educaci\u00f3n Social y Comunicaci\u00f3n No Violenta. Sigo y seguir\u00e9 en el camino de saber qui\u00e9n soy, queriendo nutrirme de las relaciones que me rodean, a la vez que acompa\u00f1o a las personas que acuden a m\u00ed en sus procesos de descubrimiento. Vivo con toda mi entrega el privilegio de unir la pasi\u00f3n y el oficio. En la \u00faltima d\u00e9cada tambi\u00e9n me he volcado en la creaci\u00f3n de materiales, como el juego did\u00e1ctico Zutani, la aplicaci\u00f3n Zutani, bizitzako altxor kutxa, los libros Crecer juntos y Lenguaje jirafa y el cuento La jirafa Kira y los diamantes del enfado, a\u00f1adiendo, en diferentes formatos, soportes complementarios que mejoren el funcionamiento de las relaciones. Y ahora, me lanzo a expresar en otro registro, ya que la expresi\u00f3n a trav\u00e9s de la m\u00fasica, el canto, la guitarra y la danza me conducen a espacios interiores m\u00e1s amplios, donde pongo en valor el disfrute y las ganas de vivir que se apoderan de m\u00ed. \u2063\"}]}<\/script>\n<!-- \/ Yoast SEO plugin. -->","yoast_head_json":{"title":"JIRAFA HIZKUNTZA PROGRAMA IKASTETXEETAN. Komunikazio Ez Bortitza - Nerea Mendizabal","robots":{"index":"index","follow":"follow","max-snippet":"max-snippet:-1","max-image-preview":"max-image-preview:large","max-video-preview":"max-video-preview:-1"},"canonical":"https:\/\/nereamendizabal.eus\/es\/producto\/keb-ikastaroa-jirafa-hizkuntza\/","og_locale":"es_ES","og_type":"article","og_title":"JIRAFA HIZKUNTZA PROGRAMA IKASTETXEETAN. Komunikazio Ez Bortitza - Nerea Mendizabal","og_description":"Elkarbizitza eta erlazio trebetasunak indartzeko programa honen bidez, irakasleak norberarekin, ikasleekin eta eskola komunitateko gainontzeko pertsonekin erlazionatzeko abileziak lantzeaz gain, ikasleekin batera ikasten eta praktikatzen joateko proposamenak izango ditu, gelako dinamiketan txertatzeko.","og_url":"https:\/\/nereamendizabal.eus\/es\/producto\/keb-ikastaroa-jirafa-hizkuntza\/","og_site_name":"Nerea Mendizabal","article_modified_time":"2024-04-17T15:36:48+00:00","og_image":[{"width":2000,"height":1414,"url":"https:\/\/nereamendizabal.eus\/wp-content\/uploads\/2022\/07\/Komunikazio-Ez-Bortitza-Jirafa-Hizkuntza-Ikastetxetan.jpg","type":"image\/jpeg"}],"twitter_card":"summary_large_image","twitter_misc":{"Tiempo de lectura":"1 minuto"},"schema":{"@context":"https:\/\/schema.org","@graph":[{"@type":"WebPage","@id":"https:\/\/nereamendizabal.eus\/es\/producto\/keb-ikastaroa-jirafa-hizkuntza\/","url":"https:\/\/nereamendizabal.eus\/es\/producto\/keb-ikastaroa-jirafa-hizkuntza\/","name":"JIRAFA HIZKUNTZA PROGRAMA IKASTETXEETAN. Komunikazio Ez Bortitza - Nerea Mendizabal","isPartOf":{"@id":"https:\/\/nereamendizabal.eus\/es\/#website"},"primaryImageOfPage":{"@id":"https:\/\/nereamendizabal.eus\/es\/producto\/keb-ikastaroa-jirafa-hizkuntza\/#primaryimage"},"image":{"@id":"https:\/\/nereamendizabal.eus\/es\/producto\/keb-ikastaroa-jirafa-hizkuntza\/#primaryimage"},"thumbnailUrl":"https:\/\/nereamendizabal.eus\/wp-content\/uploads\/2022\/07\/Komunikazio-Ez-Bortitza-Jirafa-Hizkuntza-Ikastetxetan.jpg","datePublished":"2022-07-14T18:08:36+00:00","dateModified":"2024-04-17T15:36:48+00:00","breadcrumb":{"@id":"https:\/\/nereamendizabal.eus\/es\/producto\/keb-ikastaroa-jirafa-hizkuntza\/#breadcrumb"},"inLanguage":"es","potentialAction":[{"@type":"ReadAction","target":["https:\/\/nereamendizabal.eus\/es\/producto\/keb-ikastaroa-jirafa-hizkuntza\/"]}]},{"@type":"ImageObject","inLanguage":"es","@id":"https:\/\/nereamendizabal.eus\/es\/producto\/keb-ikastaroa-jirafa-hizkuntza\/#primaryimage","url":"https:\/\/nereamendizabal.eus\/wp-content\/uploads\/2022\/07\/Komunikazio-Ez-Bortitza-Jirafa-Hizkuntza-Ikastetxetan.jpg","contentUrl":"https:\/\/nereamendizabal.eus\/wp-content\/uploads\/2022\/07\/Komunikazio-Ez-Bortitza-Jirafa-Hizkuntza-Ikastetxetan.jpg","width":2000,"height":1414,"caption":"Komunikazio Ez Bortitza Jirafa Hizkuntza Ikastetxetan"},{"@type":"BreadcrumbList","@id":"https:\/\/nereamendizabal.eus\/es\/producto\/keb-ikastaroa-jirafa-hizkuntza\/#breadcrumb","itemListElement":[{"@type":"ListItem","position":1,"name":"Portada","item":"https:\/\/nereamendizabal.eus\/es\/"},{"@type":"ListItem","position":2,"name":"Tienda","item":"https:\/\/nereamendizabal.eus\/es\/tienda\/"},{"@type":"ListItem","position":3,"name":"JIRAFA HIZKUNTZA PROGRAMA IKASTETXEETAN. Komunikazio Ez Bortitza"}]},{"@type":"WebSite","@id":"https:\/\/nereamendizabal.eus\/es\/#website","url":"https:\/\/nereamendizabal.eus\/es\/","name":"Nerea Mendizabal","description":"Comunicaci\u00f3n No Violenta","publisher":{"@id":"https:\/\/nereamendizabal.eus\/es\/#\/schema\/person\/bd256c9b2004cb1f2b7810545da489b1"},"potentialAction":[{"@type":"SearchAction","target":{"@type":"EntryPoint","urlTemplate":"https:\/\/nereamendizabal.eus\/es\/?s={search_term_string}"},"query-input":{"@type":"PropertyValueSpecification","valueRequired":true,"valueName":"search_term_string"}}],"inLanguage":"es"},{"@type":["Person","Organization"],"@id":"https:\/\/nereamendizabal.eus\/es\/#\/schema\/person\/bd256c9b2004cb1f2b7810545da489b1","name":"Nerea Mendizabal (Zestoa, 1976)","image":{"@type":"ImageObject","inLanguage":"es","@id":"https:\/\/nereamendizabal.eus\/wp-content\/uploads\/2019\/12\/Logo-Nerea-Mendizabal-movil-1x.png","url":"https:\/\/nereamendizabal.eus\/wp-content\/uploads\/2019\/12\/Logo-Nerea-Mendizabal-movil-1x.png","contentUrl":"https:\/\/nereamendizabal.eus\/wp-content\/uploads\/2019\/12\/Logo-Nerea-Mendizabal-movil-1x.png","width":237,"height":56,"caption":"Nerea Mendizabal (Zestoa, 1976)"},"logo":{"@id":"https:\/\/nereamendizabal.eus\/wp-content\/uploads\/2019\/12\/Logo-Nerea-Mendizabal-movil-1x.png"},"description":"Psikopedagogia, Gizarte hezkuntza eta Komunikazio Ez Bortitzeko ikasketei urte batzuk eskaini nizkion. Nor naizen jakiteko bidean jarraitzen dut eta jarraituko dut, erlazioetan elikatu nahian eta besteen aurkikuntza prozesuetan bidelagun izatearekin batera. Pasioa eta ogibidea bat eginda bizitzearen pribilegioa bizi dut. Azken hamarkadan materialen sorkuntzak ere biziki harrapatu nau, \u201cZutani\u201d jolas didaktikoa, \u201cZutani, bizitzako altxor kutxa\u201d aplikazioa, \u201cElkarrekin hazi\u201d eta \u201cJirafa hizkuntza\u201d liburuak, \u201cKira jirafa eta haserrearen diamanteak\u201d ipuinekin formatu desberdinetan erlazioetarako euskarriak sortuz. Eta orain oharkabean, ahots eta musikaz baliatzeak, hitzez azaldu nahi dudana kodigo sentituagoetara eraman nau. Musikak, kantuak, gitarra jotzeak eta dantzak barruko espazioetara eramaten naute, gozamena eta bizitzeko gogoa nigan bizitu egiten direlarik. Dediqu\u00e9 unos cuantos a\u00f1os a los estudios de Psicopedagog\u00eda, Educaci\u00f3n Social y Comunicaci\u00f3n No Violenta. Sigo y seguir\u00e9 en el camino de saber qui\u00e9n soy, queriendo nutrirme de las relaciones que me rodean, a la vez que acompa\u00f1o a las personas que acuden a m\u00ed en sus procesos de descubrimiento. Vivo con toda mi entrega el privilegio de unir la pasi\u00f3n y el oficio. En la \u00faltima d\u00e9cada tambi\u00e9n me he volcado en la creaci\u00f3n de materiales, como el juego did\u00e1ctico Zutani, la aplicaci\u00f3n Zutani, bizitzako altxor kutxa, los libros Crecer juntos y Lenguaje jirafa y el cuento La jirafa Kira y los diamantes del enfado, a\u00f1adiendo, en diferentes formatos, soportes complementarios que mejoren el funcionamiento de las relaciones. Y ahora, me lanzo a expresar en otro registro, ya que la expresi\u00f3n a trav\u00e9s de la m\u00fasica, el canto, la guitarra y la danza me conducen a espacios interiores m\u00e1s amplios, donde pongo en valor el disfrute y las ganas de vivir que se apoderan de m\u00ed. \u2063"}]}},"publishpress_future_action":{"enabled":false,"date":"2026-05-09 23:35:30","action":"change-status","newStatus":"draft","terms":[],"taxonomy":"product_brand","extraData":[]},"publishpress_future_workflow_manual_trigger":{"enabledWorkflows":[]},"_links":{"self":[{"href":"https:\/\/nereamendizabal.eus\/es\/wp-json\/wp\/v2\/product\/3050","targetHints":{"allow":["GET"]}}],"collection":[{"href":"https:\/\/nereamendizabal.eus\/es\/wp-json\/wp\/v2\/product"}],"about":[{"href":"https:\/\/nereamendizabal.eus\/es\/wp-json\/wp\/v2\/types\/product"}],"wp:featuredmedia":[{"embeddable":true,"href":"https:\/\/nereamendizabal.eus\/es\/wp-json\/wp\/v2\/media\/2914"}],"wp:attachment":[{"href":"https:\/\/nereamendizabal.eus\/es\/wp-json\/wp\/v2\/media?parent=3050"}],"wp:term":[{"taxonomy":"product_brand","embeddable":true,"href":"https:\/\/nereamendizabal.eus\/es\/wp-json\/wp\/v2\/product_brand?post=3050"},{"taxonomy":"product_cat","embeddable":true,"href":"https:\/\/nereamendizabal.eus\/es\/wp-json\/wp\/v2\/product_cat?post=3050"},{"taxonomy":"product_tag","embeddable":true,"href":"https:\/\/nereamendizabal.eus\/es\/wp-json\/wp\/v2\/product_tag?post=3050"}],"curies":[{"name":"wp","href":"https:\/\/api.w.org\/{rel}","templated":true}]}}