{"id":2265,"date":"2021-05-26T20:15:21","date_gmt":"2021-05-26T18:15:21","guid":{"rendered":"https:\/\/nereamendizabal.eus\/?post_type=product&#038;p=2265"},"modified":"2021-11-27T17:10:41","modified_gmt":"2021-11-27T16:10:41","slug":"la-jirafa-kira-y-los-diamantes-del-enfado","status":"publish","type":"product","link":"https:\/\/nereamendizabal.eus\/es\/producto\/la-jirafa-kira-y-los-diamantes-del-enfado\/","title":{"rendered":"La Jirafa Kira y los diamantes del enfado (Cuento)"},"content":{"rendered":"<p>Entre Gorka y Naia, padre e hija, todos los d\u00edas explota alg\u00fan conflicto\u00a0y ninguno de los dos se da por vencido. La jirafa Kira, con sus habilidades extraordinarias, les invita a descubrir el mensaje\u00a0que\u00a0esconde el sentimiento de malestar que viven y la rabia que sienten.\u00a0Gracias al di\u00e1logo con la jirafa\u00a0encontrar\u00e1n soluciones\u00a0que\u00a0cuiden de ambos.\u00a0Lo m\u00e1s sorprendente: la elecci\u00f3n que hacen los tres personajes de hablar y de escucharse desde el coraz\u00f3n.<\/p>\n","protected":false},"excerpt":{"rendered":"<p>En tres idiomas: castellano, euskera y catal\u00e1n<\/p>\n<p>Esta\u00a0historia entre padre e hija y la jirafa, nos propone un recorrido para conocer el tesoro que esconde la rabia y a poder unirnos en el conflicto.<\/p>\n","protected":false},"featured_media":2467,"template":"","meta":{"om_disable_all_campaigns":false},"product_brand":[],"product_cat":[94],"product_tag":[],"class_list":{"0":"post-2265","1":"product","2":"type-product","3":"status-publish","4":"has-post-thumbnail","6":"product_cat-libros","7":"product_shipping_class-envio-normal","8":"pa_hizkuntza-castellano-es","9":"pa_hizkuntza-catalan-es","10":"pa_hizkuntza-euskera-es","12":"first","13":"instock","14":"taxable","15":"shipping-taxable","16":"purchasable","17":"product-type-variable","18":"has-default-attributes"},"yoast_head":"<!-- This site is optimized with the Yoast SEO plugin v27.5 - https:\/\/yoast.com\/product\/yoast-seo-wordpress\/ -->\n<title>La Jirafa Kira y los diamantes del enfado (Cuento) - Nerea Mendizabal<\/title>\n<meta name=\"description\" content=\"En tres idiomas: castellano, euskera y catal\u00e1n. Esta\u00a0historia entre padre e hija y la jirafa, nos propone un recorrido para conocer el tesoro que esconde la rabia y a poder unirnos en el conflicto.\" \/>\n<meta name=\"robots\" content=\"index, follow, max-snippet:-1, max-image-preview:large, max-video-preview:-1\" \/>\n<link rel=\"canonical\" href=\"https:\/\/nereamendizabal.eus\/es\/producto\/la-jirafa-kira-y-los-diamantes-del-enfado\/\" \/>\n<meta property=\"og:locale\" content=\"es_ES\" \/>\n<meta property=\"og:type\" content=\"article\" \/>\n<meta property=\"og:title\" content=\"La Jirafa Kira y los diamantes del enfado (Cuento) - Nerea Mendizabal\" \/>\n<meta property=\"og:description\" content=\"En tres idiomas: castellano, euskera y catal\u00e1n. Esta\u00a0historia entre padre e hija y la jirafa, nos propone un recorrido para conocer el tesoro que esconde la rabia y a poder unirnos en el conflicto.\" \/>\n<meta property=\"og:url\" content=\"https:\/\/nereamendizabal.eus\/es\/producto\/la-jirafa-kira-y-los-diamantes-del-enfado\/\" \/>\n<meta property=\"og:site_name\" content=\"Nerea Mendizabal\" \/>\n<meta property=\"article:modified_time\" content=\"2021-11-27T16:10:41+00:00\" \/>\n<meta property=\"og:image\" content=\"https:\/\/nereamendizabal.eus\/wp-content\/uploads\/2021\/05\/kira-castellano-copia-3.jpeg\" \/>\n\t<meta property=\"og:image:width\" content=\"550\" \/>\n\t<meta property=\"og:image:height\" content=\"516\" \/>\n\t<meta property=\"og:image:type\" content=\"image\/jpeg\" \/>\n<meta name=\"twitter:card\" content=\"summary_large_image\" \/>\n<script type=\"application\/ld+json\" class=\"yoast-schema-graph\">{\"@context\":\"https:\\\/\\\/schema.org\",\"@graph\":[{\"@type\":\"WebPage\",\"@id\":\"https:\\\/\\\/nereamendizabal.eus\\\/es\\\/producto\\\/la-jirafa-kira-y-los-diamantes-del-enfado\\\/\",\"url\":\"https:\\\/\\\/nereamendizabal.eus\\\/es\\\/producto\\\/la-jirafa-kira-y-los-diamantes-del-enfado\\\/\",\"name\":\"La Jirafa Kira y los diamantes del enfado (Cuento) - Nerea Mendizabal\",\"isPartOf\":{\"@id\":\"https:\\\/\\\/nereamendizabal.eus\\\/es\\\/#website\"},\"primaryImageOfPage\":{\"@id\":\"https:\\\/\\\/nereamendizabal.eus\\\/es\\\/producto\\\/la-jirafa-kira-y-los-diamantes-del-enfado\\\/#primaryimage\"},\"image\":{\"@id\":\"https:\\\/\\\/nereamendizabal.eus\\\/es\\\/producto\\\/la-jirafa-kira-y-los-diamantes-del-enfado\\\/#primaryimage\"},\"thumbnailUrl\":\"https:\\\/\\\/nereamendizabal.eus\\\/wp-content\\\/uploads\\\/2021\\\/05\\\/kira-castellano-copia-3.jpeg\",\"datePublished\":\"2021-05-26T18:15:21+00:00\",\"dateModified\":\"2021-11-27T16:10:41+00:00\",\"description\":\"En tres idiomas: castellano, euskera y catal\u00e1n. Esta\u00a0historia entre padre e hija y la jirafa, nos propone un recorrido para conocer el tesoro que esconde la rabia y a poder unirnos en el conflicto.\",\"breadcrumb\":{\"@id\":\"https:\\\/\\\/nereamendizabal.eus\\\/es\\\/producto\\\/la-jirafa-kira-y-los-diamantes-del-enfado\\\/#breadcrumb\"},\"inLanguage\":\"es\",\"potentialAction\":[{\"@type\":\"ReadAction\",\"target\":[\"https:\\\/\\\/nereamendizabal.eus\\\/es\\\/producto\\\/la-jirafa-kira-y-los-diamantes-del-enfado\\\/\"]}]},{\"@type\":\"ImageObject\",\"inLanguage\":\"es\",\"@id\":\"https:\\\/\\\/nereamendizabal.eus\\\/es\\\/producto\\\/la-jirafa-kira-y-los-diamantes-del-enfado\\\/#primaryimage\",\"url\":\"https:\\\/\\\/nereamendizabal.eus\\\/wp-content\\\/uploads\\\/2021\\\/05\\\/kira-castellano-copia-3.jpeg\",\"contentUrl\":\"https:\\\/\\\/nereamendizabal.eus\\\/wp-content\\\/uploads\\\/2021\\\/05\\\/kira-castellano-copia-3.jpeg\",\"width\":550,\"height\":516},{\"@type\":\"BreadcrumbList\",\"@id\":\"https:\\\/\\\/nereamendizabal.eus\\\/es\\\/producto\\\/la-jirafa-kira-y-los-diamantes-del-enfado\\\/#breadcrumb\",\"itemListElement\":[{\"@type\":\"ListItem\",\"position\":1,\"name\":\"Portada\",\"item\":\"https:\\\/\\\/nereamendizabal.eus\\\/es\\\/\"},{\"@type\":\"ListItem\",\"position\":2,\"name\":\"Tienda\",\"item\":\"https:\\\/\\\/nereamendizabal.eus\\\/es\\\/tienda\\\/\"},{\"@type\":\"ListItem\",\"position\":3,\"name\":\"La Jirafa Kira y los diamantes del enfado (Cuento)\"}]},{\"@type\":\"WebSite\",\"@id\":\"https:\\\/\\\/nereamendizabal.eus\\\/es\\\/#website\",\"url\":\"https:\\\/\\\/nereamendizabal.eus\\\/es\\\/\",\"name\":\"Nerea Mendizabal\",\"description\":\"Comunicaci\u00f3n No Violenta\",\"publisher\":{\"@id\":\"https:\\\/\\\/nereamendizabal.eus\\\/es\\\/#\\\/schema\\\/person\\\/bd256c9b2004cb1f2b7810545da489b1\"},\"potentialAction\":[{\"@type\":\"SearchAction\",\"target\":{\"@type\":\"EntryPoint\",\"urlTemplate\":\"https:\\\/\\\/nereamendizabal.eus\\\/es\\\/?s={search_term_string}\"},\"query-input\":{\"@type\":\"PropertyValueSpecification\",\"valueRequired\":true,\"valueName\":\"search_term_string\"}}],\"inLanguage\":\"es\"},{\"@type\":[\"Person\",\"Organization\"],\"@id\":\"https:\\\/\\\/nereamendizabal.eus\\\/es\\\/#\\\/schema\\\/person\\\/bd256c9b2004cb1f2b7810545da489b1\",\"name\":\"Nerea Mendizabal (Zestoa, 1976)\",\"image\":{\"@type\":\"ImageObject\",\"inLanguage\":\"es\",\"@id\":\"https:\\\/\\\/nereamendizabal.eus\\\/wp-content\\\/uploads\\\/2019\\\/12\\\/Logo-Nerea-Mendizabal-movil-1x.png\",\"url\":\"https:\\\/\\\/nereamendizabal.eus\\\/wp-content\\\/uploads\\\/2019\\\/12\\\/Logo-Nerea-Mendizabal-movil-1x.png\",\"contentUrl\":\"https:\\\/\\\/nereamendizabal.eus\\\/wp-content\\\/uploads\\\/2019\\\/12\\\/Logo-Nerea-Mendizabal-movil-1x.png\",\"width\":237,\"height\":56,\"caption\":\"Nerea Mendizabal (Zestoa, 1976)\"},\"logo\":{\"@id\":\"https:\\\/\\\/nereamendizabal.eus\\\/wp-content\\\/uploads\\\/2019\\\/12\\\/Logo-Nerea-Mendizabal-movil-1x.png\"},\"description\":\"Psikopedagogia, Gizarte hezkuntza eta Komunikazio Ez Bortitzeko ikasketei urte batzuk eskaini nizkion. Nor naizen jakiteko bidean jarraitzen dut eta jarraituko dut, erlazioetan elikatu nahian eta besteen aurkikuntza prozesuetan bidelagun izatearekin batera. Pasioa eta ogibidea bat eginda bizitzearen pribilegioa bizi dut. Azken hamarkadan materialen sorkuntzak ere biziki harrapatu nau, \u201cZutani\u201d jolas didaktikoa, \u201cZutani, bizitzako altxor kutxa\u201d aplikazioa, \u201cElkarrekin hazi\u201d eta \u201cJirafa hizkuntza\u201d liburuak, \u201cKira jirafa eta haserrearen diamanteak\u201d ipuinekin formatu desberdinetan erlazioetarako euskarriak sortuz. Eta orain oharkabean, ahots eta musikaz baliatzeak, hitzez azaldu nahi dudana kodigo sentituagoetara eraman nau. Musikak, kantuak, gitarra jotzeak eta dantzak barruko espazioetara eramaten naute, gozamena eta bizitzeko gogoa nigan bizitu egiten direlarik. Dediqu\u00e9 unos cuantos a\u00f1os a los estudios de Psicopedagog\u00eda, Educaci\u00f3n Social y Comunicaci\u00f3n No Violenta. Sigo y seguir\u00e9 en el camino de saber qui\u00e9n soy, queriendo nutrirme de las relaciones que me rodean, a la vez que acompa\u00f1o a las personas que acuden a m\u00ed en sus procesos de descubrimiento. Vivo con toda mi entrega el privilegio de unir la pasi\u00f3n y el oficio. En la \u00faltima d\u00e9cada tambi\u00e9n me he volcado en la creaci\u00f3n de materiales, como el juego did\u00e1ctico Zutani, la aplicaci\u00f3n Zutani, bizitzako altxor kutxa, los libros Crecer juntos y Lenguaje jirafa y el cuento La jirafa Kira y los diamantes del enfado, a\u00f1adiendo, en diferentes formatos, soportes complementarios que mejoren el funcionamiento de las relaciones. Y ahora, me lanzo a expresar en otro registro, ya que la expresi\u00f3n a trav\u00e9s de la m\u00fasica, el canto, la guitarra y la danza me conducen a espacios interiores m\u00e1s amplios, donde pongo en valor el disfrute y las ganas de vivir que se apoderan de m\u00ed. \u2063\"}]}<\/script>\n<!-- \/ Yoast SEO plugin. -->","yoast_head_json":{"title":"La Jirafa Kira y los diamantes del enfado (Cuento) - Nerea Mendizabal","description":"En tres idiomas: castellano, euskera y catal\u00e1n. Esta\u00a0historia entre padre e hija y la jirafa, nos propone un recorrido para conocer el tesoro que esconde la rabia y a poder unirnos en el conflicto.","robots":{"index":"index","follow":"follow","max-snippet":"max-snippet:-1","max-image-preview":"max-image-preview:large","max-video-preview":"max-video-preview:-1"},"canonical":"https:\/\/nereamendizabal.eus\/es\/producto\/la-jirafa-kira-y-los-diamantes-del-enfado\/","og_locale":"es_ES","og_type":"article","og_title":"La Jirafa Kira y los diamantes del enfado (Cuento) - Nerea Mendizabal","og_description":"En tres idiomas: castellano, euskera y catal\u00e1n. Esta\u00a0historia entre padre e hija y la jirafa, nos propone un recorrido para conocer el tesoro que esconde la rabia y a poder unirnos en el conflicto.","og_url":"https:\/\/nereamendizabal.eus\/es\/producto\/la-jirafa-kira-y-los-diamantes-del-enfado\/","og_site_name":"Nerea Mendizabal","article_modified_time":"2021-11-27T16:10:41+00:00","og_image":[{"width":550,"height":516,"url":"https:\/\/nereamendizabal.eus\/wp-content\/uploads\/2021\/05\/kira-castellano-copia-3.jpeg","type":"image\/jpeg"}],"twitter_card":"summary_large_image","schema":{"@context":"https:\/\/schema.org","@graph":[{"@type":"WebPage","@id":"https:\/\/nereamendizabal.eus\/es\/producto\/la-jirafa-kira-y-los-diamantes-del-enfado\/","url":"https:\/\/nereamendizabal.eus\/es\/producto\/la-jirafa-kira-y-los-diamantes-del-enfado\/","name":"La Jirafa Kira y los diamantes del enfado (Cuento) - Nerea Mendizabal","isPartOf":{"@id":"https:\/\/nereamendizabal.eus\/es\/#website"},"primaryImageOfPage":{"@id":"https:\/\/nereamendizabal.eus\/es\/producto\/la-jirafa-kira-y-los-diamantes-del-enfado\/#primaryimage"},"image":{"@id":"https:\/\/nereamendizabal.eus\/es\/producto\/la-jirafa-kira-y-los-diamantes-del-enfado\/#primaryimage"},"thumbnailUrl":"https:\/\/nereamendizabal.eus\/wp-content\/uploads\/2021\/05\/kira-castellano-copia-3.jpeg","datePublished":"2021-05-26T18:15:21+00:00","dateModified":"2021-11-27T16:10:41+00:00","description":"En tres idiomas: castellano, euskera y catal\u00e1n. Esta\u00a0historia entre padre e hija y la jirafa, nos propone un recorrido para conocer el tesoro que esconde la rabia y a poder unirnos en el conflicto.","breadcrumb":{"@id":"https:\/\/nereamendizabal.eus\/es\/producto\/la-jirafa-kira-y-los-diamantes-del-enfado\/#breadcrumb"},"inLanguage":"es","potentialAction":[{"@type":"ReadAction","target":["https:\/\/nereamendizabal.eus\/es\/producto\/la-jirafa-kira-y-los-diamantes-del-enfado\/"]}]},{"@type":"ImageObject","inLanguage":"es","@id":"https:\/\/nereamendizabal.eus\/es\/producto\/la-jirafa-kira-y-los-diamantes-del-enfado\/#primaryimage","url":"https:\/\/nereamendizabal.eus\/wp-content\/uploads\/2021\/05\/kira-castellano-copia-3.jpeg","contentUrl":"https:\/\/nereamendizabal.eus\/wp-content\/uploads\/2021\/05\/kira-castellano-copia-3.jpeg","width":550,"height":516},{"@type":"BreadcrumbList","@id":"https:\/\/nereamendizabal.eus\/es\/producto\/la-jirafa-kira-y-los-diamantes-del-enfado\/#breadcrumb","itemListElement":[{"@type":"ListItem","position":1,"name":"Portada","item":"https:\/\/nereamendizabal.eus\/es\/"},{"@type":"ListItem","position":2,"name":"Tienda","item":"https:\/\/nereamendizabal.eus\/es\/tienda\/"},{"@type":"ListItem","position":3,"name":"La Jirafa Kira y los diamantes del enfado (Cuento)"}]},{"@type":"WebSite","@id":"https:\/\/nereamendizabal.eus\/es\/#website","url":"https:\/\/nereamendizabal.eus\/es\/","name":"Nerea Mendizabal","description":"Comunicaci\u00f3n No Violenta","publisher":{"@id":"https:\/\/nereamendizabal.eus\/es\/#\/schema\/person\/bd256c9b2004cb1f2b7810545da489b1"},"potentialAction":[{"@type":"SearchAction","target":{"@type":"EntryPoint","urlTemplate":"https:\/\/nereamendizabal.eus\/es\/?s={search_term_string}"},"query-input":{"@type":"PropertyValueSpecification","valueRequired":true,"valueName":"search_term_string"}}],"inLanguage":"es"},{"@type":["Person","Organization"],"@id":"https:\/\/nereamendizabal.eus\/es\/#\/schema\/person\/bd256c9b2004cb1f2b7810545da489b1","name":"Nerea Mendizabal (Zestoa, 1976)","image":{"@type":"ImageObject","inLanguage":"es","@id":"https:\/\/nereamendizabal.eus\/wp-content\/uploads\/2019\/12\/Logo-Nerea-Mendizabal-movil-1x.png","url":"https:\/\/nereamendizabal.eus\/wp-content\/uploads\/2019\/12\/Logo-Nerea-Mendizabal-movil-1x.png","contentUrl":"https:\/\/nereamendizabal.eus\/wp-content\/uploads\/2019\/12\/Logo-Nerea-Mendizabal-movil-1x.png","width":237,"height":56,"caption":"Nerea Mendizabal (Zestoa, 1976)"},"logo":{"@id":"https:\/\/nereamendizabal.eus\/wp-content\/uploads\/2019\/12\/Logo-Nerea-Mendizabal-movil-1x.png"},"description":"Psikopedagogia, Gizarte hezkuntza eta Komunikazio Ez Bortitzeko ikasketei urte batzuk eskaini nizkion. Nor naizen jakiteko bidean jarraitzen dut eta jarraituko dut, erlazioetan elikatu nahian eta besteen aurkikuntza prozesuetan bidelagun izatearekin batera. Pasioa eta ogibidea bat eginda bizitzearen pribilegioa bizi dut. Azken hamarkadan materialen sorkuntzak ere biziki harrapatu nau, \u201cZutani\u201d jolas didaktikoa, \u201cZutani, bizitzako altxor kutxa\u201d aplikazioa, \u201cElkarrekin hazi\u201d eta \u201cJirafa hizkuntza\u201d liburuak, \u201cKira jirafa eta haserrearen diamanteak\u201d ipuinekin formatu desberdinetan erlazioetarako euskarriak sortuz. Eta orain oharkabean, ahots eta musikaz baliatzeak, hitzez azaldu nahi dudana kodigo sentituagoetara eraman nau. Musikak, kantuak, gitarra jotzeak eta dantzak barruko espazioetara eramaten naute, gozamena eta bizitzeko gogoa nigan bizitu egiten direlarik. Dediqu\u00e9 unos cuantos a\u00f1os a los estudios de Psicopedagog\u00eda, Educaci\u00f3n Social y Comunicaci\u00f3n No Violenta. Sigo y seguir\u00e9 en el camino de saber qui\u00e9n soy, queriendo nutrirme de las relaciones que me rodean, a la vez que acompa\u00f1o a las personas que acuden a m\u00ed en sus procesos de descubrimiento. Vivo con toda mi entrega el privilegio de unir la pasi\u00f3n y el oficio. En la \u00faltima d\u00e9cada tambi\u00e9n me he volcado en la creaci\u00f3n de materiales, como el juego did\u00e1ctico Zutani, la aplicaci\u00f3n Zutani, bizitzako altxor kutxa, los libros Crecer juntos y Lenguaje jirafa y el cuento La jirafa Kira y los diamantes del enfado, a\u00f1adiendo, en diferentes formatos, soportes complementarios que mejoren el funcionamiento de las relaciones. Y ahora, me lanzo a expresar en otro registro, ya que la expresi\u00f3n a trav\u00e9s de la m\u00fasica, el canto, la guitarra y la danza me conducen a espacios interiores m\u00e1s amplios, donde pongo en valor el disfrute y las ganas de vivir que se apoderan de m\u00ed. \u2063"}]}},"publishpress_future_action":{"enabled":false,"date":"2026-05-09 19:12:07","action":"change-status","newStatus":"draft","terms":[],"taxonomy":"product_brand","extraData":[]},"publishpress_future_workflow_manual_trigger":{"enabledWorkflows":[]},"_links":{"self":[{"href":"https:\/\/nereamendizabal.eus\/es\/wp-json\/wp\/v2\/product\/2265","targetHints":{"allow":["GET"]}}],"collection":[{"href":"https:\/\/nereamendizabal.eus\/es\/wp-json\/wp\/v2\/product"}],"about":[{"href":"https:\/\/nereamendizabal.eus\/es\/wp-json\/wp\/v2\/types\/product"}],"wp:featuredmedia":[{"embeddable":true,"href":"https:\/\/nereamendizabal.eus\/es\/wp-json\/wp\/v2\/media\/2467"}],"wp:attachment":[{"href":"https:\/\/nereamendizabal.eus\/es\/wp-json\/wp\/v2\/media?parent=2265"}],"wp:term":[{"taxonomy":"product_brand","embeddable":true,"href":"https:\/\/nereamendizabal.eus\/es\/wp-json\/wp\/v2\/product_brand?post=2265"},{"taxonomy":"product_cat","embeddable":true,"href":"https:\/\/nereamendizabal.eus\/es\/wp-json\/wp\/v2\/product_cat?post=2265"},{"taxonomy":"product_tag","embeddable":true,"href":"https:\/\/nereamendizabal.eus\/es\/wp-json\/wp\/v2\/product_tag?post=2265"}],"curies":[{"name":"wp","href":"https:\/\/api.w.org\/{rel}","templated":true}]}}