{"id":2110,"date":"2021-04-09T13:01:05","date_gmt":"2021-04-09T11:01:05","guid":{"rendered":"https:\/\/nereamendizabal.eus\/producto\/libro-lenguaje-jirafa\/"},"modified":"2022-04-25T15:49:37","modified_gmt":"2022-04-25T13:49:37","slug":"libro-lenguaje-jirafa","status":"publish","type":"product","link":"https:\/\/nereamendizabal.eus\/es\/producto\/libro-lenguaje-jirafa\/","title":{"rendered":"Libro Lenguaje Jirafa"},"content":{"rendered":"<p>Lenguaje jirafa es una met\u00e1fora utilizada por Marshall Rosenberg, autor del modelo educativo de la Comunicaci\u00f3n NoViolenta, que ayuda a conectarse entre s\u00ed a las personas y permite que se valoren por igual las necesidades de todas. Su objetivo es reforzar la habilidad de responder con empat\u00eda hacia unx mismx y hacia las dem\u00e1s personas, y despertar el deseo de colaborar entre todxs, facilitando enormemente la resoluci\u00f3n de conflictos de maneras m\u00e1s efectivas.<\/p>\n<p>La autora presenta un amplio abanico de din\u00e1micas a realizar en el aula, relacionadas con la inteligencia emocional y relacional. Ofrece herramientas para el autoconocimiento personal, el desarrollo de la autoestima y la gesti\u00f3n de los conflictos, aspectos cruciales en la convivencia escolar y social.<\/p>\n","protected":false},"excerpt":{"rendered":"<p>Este libro, basado en la Comunicaci\u00f3n No Violenta (CNV), ofrece a lxs profesorxs una serie de propuestas para trabajar con alumnxs. Recoge din\u00e1micas para trabajar las emociones, las necesidades, la empat\u00eda-asertividad, gesti\u00f3n de conflictos y autoestima para las diferentes etapas educativas.<\/p>\n<p>Un soporte imprescindible para el profesorado, basado en competencias educativas transversales, para profundizar en los valores necesarios para la vida.<\/p>\n","protected":false},"featured_media":2031,"template":"","meta":{"om_disable_all_campaigns":false},"product_brand":[],"product_cat":[94],"product_tag":[],"class_list":{"0":"post-2110","1":"product","2":"type-product","3":"status-publish","4":"has-post-thumbnail","6":"product_cat-libros","7":"product_shipping_class-envio-normal","9":"first","10":"instock","11":"taxable","12":"shipping-taxable","13":"purchasable","14":"product-type-variable"},"yoast_head":"<!-- This site is optimized with the Yoast SEO plugin v27.3 - https:\/\/yoast.com\/product\/yoast-seo-wordpress\/ -->\n<title>Libro Lenguaje Jirafa - Nerea Mendizabal<\/title>\n<meta name=\"description\" content=\"Este libro, basado en la Comunicaci\u00f3n No Violenta (CNV), ofrece a lxs profesorxs una serie de propuestas para trabajar con alumnos.\" \/>\n<meta name=\"robots\" content=\"index, follow, max-snippet:-1, max-image-preview:large, max-video-preview:-1\" \/>\n<link rel=\"canonical\" href=\"https:\/\/nereamendizabal.eus\/es\/producto\/libro-lenguaje-jirafa\/\" \/>\n<meta property=\"og:locale\" content=\"es_ES\" \/>\n<meta property=\"og:type\" content=\"article\" \/>\n<meta property=\"og:title\" content=\"Libro Lenguaje Jirafa - Nerea Mendizabal\" \/>\n<meta property=\"og:description\" content=\"Este libro, basado en la Comunicaci\u00f3n No Violenta (CNV), ofrece a lxs profesorxs una serie de propuestas para trabajar con alumnos.\" \/>\n<meta property=\"og:url\" content=\"https:\/\/nereamendizabal.eus\/es\/producto\/libro-lenguaje-jirafa\/\" \/>\n<meta property=\"og:site_name\" content=\"Nerea Mendizabal\" \/>\n<meta property=\"article:modified_time\" content=\"2022-04-25T13:49:37+00:00\" \/>\n<meta property=\"og:image\" content=\"https:\/\/nereamendizabal.eus\/wp-content\/uploads\/2021\/02\/libro-lenguaje-jirafa-comunicacio\u0301n-no-violenta-nerea-mendizabal.jpg\" \/>\n\t<meta property=\"og:image:width\" content=\"666\" \/>\n\t<meta property=\"og:image:height\" content=\"665\" \/>\n\t<meta property=\"og:image:type\" content=\"image\/jpeg\" \/>\n<meta name=\"twitter:card\" content=\"summary_large_image\" \/>\n<meta name=\"twitter:label1\" content=\"Tiempo de lectura\" \/>\n\t<meta name=\"twitter:data1\" content=\"1 minuto\" \/>\n<script type=\"application\/ld+json\" class=\"yoast-schema-graph\">{\"@context\":\"https:\\\/\\\/schema.org\",\"@graph\":[{\"@type\":\"WebPage\",\"@id\":\"https:\\\/\\\/nereamendizabal.eus\\\/es\\\/producto\\\/libro-lenguaje-jirafa\\\/\",\"url\":\"https:\\\/\\\/nereamendizabal.eus\\\/es\\\/producto\\\/libro-lenguaje-jirafa\\\/\",\"name\":\"Libro Lenguaje Jirafa - Nerea Mendizabal\",\"isPartOf\":{\"@id\":\"https:\\\/\\\/nereamendizabal.eus\\\/es\\\/#website\"},\"primaryImageOfPage\":{\"@id\":\"https:\\\/\\\/nereamendizabal.eus\\\/es\\\/producto\\\/libro-lenguaje-jirafa\\\/#primaryimage\"},\"image\":{\"@id\":\"https:\\\/\\\/nereamendizabal.eus\\\/es\\\/producto\\\/libro-lenguaje-jirafa\\\/#primaryimage\"},\"thumbnailUrl\":\"https:\\\/\\\/nereamendizabal.eus\\\/wp-content\\\/uploads\\\/2021\\\/02\\\/libro-lenguaje-jirafa-comunicacio\u0301n-no-violenta-nerea-mendizabal.jpg\",\"datePublished\":\"2021-04-09T11:01:05+00:00\",\"dateModified\":\"2022-04-25T13:49:37+00:00\",\"description\":\"Este libro, basado en la Comunicaci\u00f3n No Violenta (CNV), ofrece a lxs profesorxs una serie de propuestas para trabajar con alumnos.\",\"breadcrumb\":{\"@id\":\"https:\\\/\\\/nereamendizabal.eus\\\/es\\\/producto\\\/libro-lenguaje-jirafa\\\/#breadcrumb\"},\"inLanguage\":\"es\",\"potentialAction\":[{\"@type\":\"ReadAction\",\"target\":[\"https:\\\/\\\/nereamendizabal.eus\\\/es\\\/producto\\\/libro-lenguaje-jirafa\\\/\"]}]},{\"@type\":\"ImageObject\",\"inLanguage\":\"es\",\"@id\":\"https:\\\/\\\/nereamendizabal.eus\\\/es\\\/producto\\\/libro-lenguaje-jirafa\\\/#primaryimage\",\"url\":\"https:\\\/\\\/nereamendizabal.eus\\\/wp-content\\\/uploads\\\/2021\\\/02\\\/libro-lenguaje-jirafa-comunicacio\u0301n-no-violenta-nerea-mendizabal.jpg\",\"contentUrl\":\"https:\\\/\\\/nereamendizabal.eus\\\/wp-content\\\/uploads\\\/2021\\\/02\\\/libro-lenguaje-jirafa-comunicacio\u0301n-no-violenta-nerea-mendizabal.jpg\",\"width\":666,\"height\":665,\"caption\":\"libro-lenguaje-jirafa-comunicacio\u0301n-no-violenta-nerea-mendizabal\"},{\"@type\":\"BreadcrumbList\",\"@id\":\"https:\\\/\\\/nereamendizabal.eus\\\/es\\\/producto\\\/libro-lenguaje-jirafa\\\/#breadcrumb\",\"itemListElement\":[{\"@type\":\"ListItem\",\"position\":1,\"name\":\"Portada\",\"item\":\"https:\\\/\\\/nereamendizabal.eus\\\/es\\\/\"},{\"@type\":\"ListItem\",\"position\":2,\"name\":\"Tienda\",\"item\":\"https:\\\/\\\/nereamendizabal.eus\\\/es\\\/tienda\\\/\"},{\"@type\":\"ListItem\",\"position\":3,\"name\":\"Libro Lenguaje Jirafa\"}]},{\"@type\":\"WebSite\",\"@id\":\"https:\\\/\\\/nereamendizabal.eus\\\/es\\\/#website\",\"url\":\"https:\\\/\\\/nereamendizabal.eus\\\/es\\\/\",\"name\":\"Nerea Mendizabal\",\"description\":\"Comunicaci\u00f3n No Violenta\",\"publisher\":{\"@id\":\"https:\\\/\\\/nereamendizabal.eus\\\/es\\\/#\\\/schema\\\/person\\\/bd256c9b2004cb1f2b7810545da489b1\"},\"potentialAction\":[{\"@type\":\"SearchAction\",\"target\":{\"@type\":\"EntryPoint\",\"urlTemplate\":\"https:\\\/\\\/nereamendizabal.eus\\\/es\\\/?s={search_term_string}\"},\"query-input\":{\"@type\":\"PropertyValueSpecification\",\"valueRequired\":true,\"valueName\":\"search_term_string\"}}],\"inLanguage\":\"es\"},{\"@type\":[\"Person\",\"Organization\"],\"@id\":\"https:\\\/\\\/nereamendizabal.eus\\\/es\\\/#\\\/schema\\\/person\\\/bd256c9b2004cb1f2b7810545da489b1\",\"name\":\"Nerea Mendizabal (Zestoa, 1976)\",\"image\":{\"@type\":\"ImageObject\",\"inLanguage\":\"es\",\"@id\":\"https:\\\/\\\/nereamendizabal.eus\\\/wp-content\\\/uploads\\\/2019\\\/12\\\/Logo-Nerea-Mendizabal-movil-1x.png\",\"url\":\"https:\\\/\\\/nereamendizabal.eus\\\/wp-content\\\/uploads\\\/2019\\\/12\\\/Logo-Nerea-Mendizabal-movil-1x.png\",\"contentUrl\":\"https:\\\/\\\/nereamendizabal.eus\\\/wp-content\\\/uploads\\\/2019\\\/12\\\/Logo-Nerea-Mendizabal-movil-1x.png\",\"width\":237,\"height\":56,\"caption\":\"Nerea Mendizabal (Zestoa, 1976)\"},\"logo\":{\"@id\":\"https:\\\/\\\/nereamendizabal.eus\\\/wp-content\\\/uploads\\\/2019\\\/12\\\/Logo-Nerea-Mendizabal-movil-1x.png\"},\"description\":\"Psikopedagogia, Gizarte hezkuntza eta Komunikazio Ez Bortitzeko ikasketei urte batzuk eskaini nizkion. Nor naizen jakiteko bidean jarraitzen dut eta jarraituko dut, erlazioetan elikatu nahian eta besteen aurkikuntza prozesuetan bidelagun izatearekin batera. Pasioa eta ogibidea bat eginda bizitzearen pribilegioa bizi dut. Azken hamarkadan materialen sorkuntzak ere biziki harrapatu nau, \u201cZutani\u201d jolas didaktikoa, \u201cZutani, bizitzako altxor kutxa\u201d aplikazioa, \u201cElkarrekin hazi\u201d eta \u201cJirafa hizkuntza\u201d liburuak, \u201cKira jirafa eta haserrearen diamanteak\u201d ipuinekin formatu desberdinetan erlazioetarako euskarriak sortuz. Eta orain oharkabean, ahots eta musikaz baliatzeak, hitzez azaldu nahi dudana kodigo sentituagoetara eraman nau. Musikak, kantuak, gitarra jotzeak eta dantzak barruko espazioetara eramaten naute, gozamena eta bizitzeko gogoa nigan bizitu egiten direlarik. Dediqu\u00e9 unos cuantos a\u00f1os a los estudios de Psicopedagog\u00eda, Educaci\u00f3n Social y Comunicaci\u00f3n No Violenta. Sigo y seguir\u00e9 en el camino de saber qui\u00e9n soy, queriendo nutrirme de las relaciones que me rodean, a la vez que acompa\u00f1o a las personas que acuden a m\u00ed en sus procesos de descubrimiento. Vivo con toda mi entrega el privilegio de unir la pasi\u00f3n y el oficio. En la \u00faltima d\u00e9cada tambi\u00e9n me he volcado en la creaci\u00f3n de materiales, como el juego did\u00e1ctico Zutani, la aplicaci\u00f3n Zutani, bizitzako altxor kutxa, los libros Crecer juntos y Lenguaje jirafa y el cuento La jirafa Kira y los diamantes del enfado, a\u00f1adiendo, en diferentes formatos, soportes complementarios que mejoren el funcionamiento de las relaciones. Y ahora, me lanzo a expresar en otro registro, ya que la expresi\u00f3n a trav\u00e9s de la m\u00fasica, el canto, la guitarra y la danza me conducen a espacios interiores m\u00e1s amplios, donde pongo en valor el disfrute y las ganas de vivir que se apoderan de m\u00ed. \u2063\"}]}<\/script>\n<!-- \/ Yoast SEO plugin. -->","yoast_head_json":{"title":"Libro Lenguaje Jirafa - Nerea Mendizabal","description":"Este libro, basado en la Comunicaci\u00f3n No Violenta (CNV), ofrece a lxs profesorxs una serie de propuestas para trabajar con alumnos.","robots":{"index":"index","follow":"follow","max-snippet":"max-snippet:-1","max-image-preview":"max-image-preview:large","max-video-preview":"max-video-preview:-1"},"canonical":"https:\/\/nereamendizabal.eus\/es\/producto\/libro-lenguaje-jirafa\/","og_locale":"es_ES","og_type":"article","og_title":"Libro Lenguaje Jirafa - Nerea Mendizabal","og_description":"Este libro, basado en la Comunicaci\u00f3n No Violenta (CNV), ofrece a lxs profesorxs una serie de propuestas para trabajar con alumnos.","og_url":"https:\/\/nereamendizabal.eus\/es\/producto\/libro-lenguaje-jirafa\/","og_site_name":"Nerea Mendizabal","article_modified_time":"2022-04-25T13:49:37+00:00","og_image":[{"width":666,"height":665,"url":"https:\/\/nereamendizabal.eus\/wp-content\/uploads\/2021\/02\/libro-lenguaje-jirafa-comunicacio\u0301n-no-violenta-nerea-mendizabal.jpg","type":"image\/jpeg"}],"twitter_card":"summary_large_image","twitter_misc":{"Tiempo de lectura":"1 minuto"},"schema":{"@context":"https:\/\/schema.org","@graph":[{"@type":"WebPage","@id":"https:\/\/nereamendizabal.eus\/es\/producto\/libro-lenguaje-jirafa\/","url":"https:\/\/nereamendizabal.eus\/es\/producto\/libro-lenguaje-jirafa\/","name":"Libro Lenguaje Jirafa - Nerea Mendizabal","isPartOf":{"@id":"https:\/\/nereamendizabal.eus\/es\/#website"},"primaryImageOfPage":{"@id":"https:\/\/nereamendizabal.eus\/es\/producto\/libro-lenguaje-jirafa\/#primaryimage"},"image":{"@id":"https:\/\/nereamendizabal.eus\/es\/producto\/libro-lenguaje-jirafa\/#primaryimage"},"thumbnailUrl":"https:\/\/nereamendizabal.eus\/wp-content\/uploads\/2021\/02\/libro-lenguaje-jirafa-comunicacio\u0301n-no-violenta-nerea-mendizabal.jpg","datePublished":"2021-04-09T11:01:05+00:00","dateModified":"2022-04-25T13:49:37+00:00","description":"Este libro, basado en la Comunicaci\u00f3n No Violenta (CNV), ofrece a lxs profesorxs una serie de propuestas para trabajar con alumnos.","breadcrumb":{"@id":"https:\/\/nereamendizabal.eus\/es\/producto\/libro-lenguaje-jirafa\/#breadcrumb"},"inLanguage":"es","potentialAction":[{"@type":"ReadAction","target":["https:\/\/nereamendizabal.eus\/es\/producto\/libro-lenguaje-jirafa\/"]}]},{"@type":"ImageObject","inLanguage":"es","@id":"https:\/\/nereamendizabal.eus\/es\/producto\/libro-lenguaje-jirafa\/#primaryimage","url":"https:\/\/nereamendizabal.eus\/wp-content\/uploads\/2021\/02\/libro-lenguaje-jirafa-comunicacio\u0301n-no-violenta-nerea-mendizabal.jpg","contentUrl":"https:\/\/nereamendizabal.eus\/wp-content\/uploads\/2021\/02\/libro-lenguaje-jirafa-comunicacio\u0301n-no-violenta-nerea-mendizabal.jpg","width":666,"height":665,"caption":"libro-lenguaje-jirafa-comunicacio\u0301n-no-violenta-nerea-mendizabal"},{"@type":"BreadcrumbList","@id":"https:\/\/nereamendizabal.eus\/es\/producto\/libro-lenguaje-jirafa\/#breadcrumb","itemListElement":[{"@type":"ListItem","position":1,"name":"Portada","item":"https:\/\/nereamendizabal.eus\/es\/"},{"@type":"ListItem","position":2,"name":"Tienda","item":"https:\/\/nereamendizabal.eus\/es\/tienda\/"},{"@type":"ListItem","position":3,"name":"Libro Lenguaje Jirafa"}]},{"@type":"WebSite","@id":"https:\/\/nereamendizabal.eus\/es\/#website","url":"https:\/\/nereamendizabal.eus\/es\/","name":"Nerea Mendizabal","description":"Comunicaci\u00f3n No Violenta","publisher":{"@id":"https:\/\/nereamendizabal.eus\/es\/#\/schema\/person\/bd256c9b2004cb1f2b7810545da489b1"},"potentialAction":[{"@type":"SearchAction","target":{"@type":"EntryPoint","urlTemplate":"https:\/\/nereamendizabal.eus\/es\/?s={search_term_string}"},"query-input":{"@type":"PropertyValueSpecification","valueRequired":true,"valueName":"search_term_string"}}],"inLanguage":"es"},{"@type":["Person","Organization"],"@id":"https:\/\/nereamendizabal.eus\/es\/#\/schema\/person\/bd256c9b2004cb1f2b7810545da489b1","name":"Nerea Mendizabal (Zestoa, 1976)","image":{"@type":"ImageObject","inLanguage":"es","@id":"https:\/\/nereamendizabal.eus\/wp-content\/uploads\/2019\/12\/Logo-Nerea-Mendizabal-movil-1x.png","url":"https:\/\/nereamendizabal.eus\/wp-content\/uploads\/2019\/12\/Logo-Nerea-Mendizabal-movil-1x.png","contentUrl":"https:\/\/nereamendizabal.eus\/wp-content\/uploads\/2019\/12\/Logo-Nerea-Mendizabal-movil-1x.png","width":237,"height":56,"caption":"Nerea Mendizabal (Zestoa, 1976)"},"logo":{"@id":"https:\/\/nereamendizabal.eus\/wp-content\/uploads\/2019\/12\/Logo-Nerea-Mendizabal-movil-1x.png"},"description":"Psikopedagogia, Gizarte hezkuntza eta Komunikazio Ez Bortitzeko ikasketei urte batzuk eskaini nizkion. Nor naizen jakiteko bidean jarraitzen dut eta jarraituko dut, erlazioetan elikatu nahian eta besteen aurkikuntza prozesuetan bidelagun izatearekin batera. Pasioa eta ogibidea bat eginda bizitzearen pribilegioa bizi dut. Azken hamarkadan materialen sorkuntzak ere biziki harrapatu nau, \u201cZutani\u201d jolas didaktikoa, \u201cZutani, bizitzako altxor kutxa\u201d aplikazioa, \u201cElkarrekin hazi\u201d eta \u201cJirafa hizkuntza\u201d liburuak, \u201cKira jirafa eta haserrearen diamanteak\u201d ipuinekin formatu desberdinetan erlazioetarako euskarriak sortuz. Eta orain oharkabean, ahots eta musikaz baliatzeak, hitzez azaldu nahi dudana kodigo sentituagoetara eraman nau. Musikak, kantuak, gitarra jotzeak eta dantzak barruko espazioetara eramaten naute, gozamena eta bizitzeko gogoa nigan bizitu egiten direlarik. Dediqu\u00e9 unos cuantos a\u00f1os a los estudios de Psicopedagog\u00eda, Educaci\u00f3n Social y Comunicaci\u00f3n No Violenta. Sigo y seguir\u00e9 en el camino de saber qui\u00e9n soy, queriendo nutrirme de las relaciones que me rodean, a la vez que acompa\u00f1o a las personas que acuden a m\u00ed en sus procesos de descubrimiento. Vivo con toda mi entrega el privilegio de unir la pasi\u00f3n y el oficio. En la \u00faltima d\u00e9cada tambi\u00e9n me he volcado en la creaci\u00f3n de materiales, como el juego did\u00e1ctico Zutani, la aplicaci\u00f3n Zutani, bizitzako altxor kutxa, los libros Crecer juntos y Lenguaje jirafa y el cuento La jirafa Kira y los diamantes del enfado, a\u00f1adiendo, en diferentes formatos, soportes complementarios que mejoren el funcionamiento de las relaciones. Y ahora, me lanzo a expresar en otro registro, ya que la expresi\u00f3n a trav\u00e9s de la m\u00fasica, el canto, la guitarra y la danza me conducen a espacios interiores m\u00e1s amplios, donde pongo en valor el disfrute y las ganas de vivir que se apoderan de m\u00ed. \u2063"}]}},"publishpress_future_action":{"enabled":false,"date":"2026-04-15 14:38:28","action":"change-status","newStatus":"draft","terms":[],"taxonomy":"product_brand","extraData":[]},"publishpress_future_workflow_manual_trigger":{"enabledWorkflows":[]},"_links":{"self":[{"href":"https:\/\/nereamendizabal.eus\/es\/wp-json\/wp\/v2\/product\/2110","targetHints":{"allow":["GET"]}}],"collection":[{"href":"https:\/\/nereamendizabal.eus\/es\/wp-json\/wp\/v2\/product"}],"about":[{"href":"https:\/\/nereamendizabal.eus\/es\/wp-json\/wp\/v2\/types\/product"}],"wp:featuredmedia":[{"embeddable":true,"href":"https:\/\/nereamendizabal.eus\/es\/wp-json\/wp\/v2\/media\/2031"}],"wp:attachment":[{"href":"https:\/\/nereamendizabal.eus\/es\/wp-json\/wp\/v2\/media?parent=2110"}],"wp:term":[{"taxonomy":"product_brand","embeddable":true,"href":"https:\/\/nereamendizabal.eus\/es\/wp-json\/wp\/v2\/product_brand?post=2110"},{"taxonomy":"product_cat","embeddable":true,"href":"https:\/\/nereamendizabal.eus\/es\/wp-json\/wp\/v2\/product_cat?post=2110"},{"taxonomy":"product_tag","embeddable":true,"href":"https:\/\/nereamendizabal.eus\/es\/wp-json\/wp\/v2\/product_tag?post=2110"}],"curies":[{"name":"wp","href":"https:\/\/api.w.org\/{rel}","templated":true}]}}