{"id":2106,"date":"2021-04-09T13:57:11","date_gmt":"2021-04-09T11:57:11","guid":{"rendered":"https:\/\/nereamendizabal.eus\/producto\/libro-crecer-juntos\/"},"modified":"2022-09-13T15:20:17","modified_gmt":"2022-09-13T13:20:17","slug":"libro-crecer-juntos","status":"publish","type":"product","link":"https:\/\/nereamendizabal.eus\/es\/producto\/libro-crecer-juntos\/","title":{"rendered":"Libro Crecer Juntos"},"content":{"rendered":"<p>De forma sencilla y clara, combinando elementos te\u00f3ricos con ejercicios pr\u00e1cticos, nos brinda tambi\u00e9n soluciones abiertas, que impulsan a pensar y a encontrar las propias respuestas.<\/p>\n<p>\u201cCrecer juntos\u201d abre horizontes al deseo de adquirir recursos y de transformar el conflicto en una fuente de cooperaci\u00f3n y de encuentro interpersonal, en el que sea posible alcanzar el pleno potencial humano y lograr as\u00ed la mejor versi\u00f3n de cada uno. Adem\u00e1s estimula para que el cultivo de nuestras relaciones familiares fructifique en una sociedad m\u00e1s humana, donde los v\u00ednculos que nos unen contribuyan a crecer y aprender juntos.<\/p>\n","protected":false},"excerpt":{"rendered":"<p>Las herramientas de este libro, basado en la Comunicaci\u00f3n No Violenta, pretenden promover un ambiente emocionalmente seguro, a partir de la comunicaci\u00f3n aut\u00e9ntica con uno mismo y con los dem\u00e1s, para crear un ambiente familiar donde podamos confiar en que las necesidades de todos los miembros se toman en consideraci\u00f3n.<\/p>\n<p>&nbsp;<\/p>\n","protected":false},"featured_media":1414,"template":"","meta":{"om_disable_all_campaigns":false},"product_brand":[],"product_cat":[94],"product_tag":[],"class_list":{"0":"post-2106","1":"product","2":"type-product","3":"status-publish","4":"has-post-thumbnail","6":"product_cat-libros","7":"product_shipping_class-envio-normal","8":"pa_hizkuntza-castellano-es","9":"pa_hizkuntza-euskera-es","11":"first","12":"instock","13":"taxable","14":"shipping-taxable","15":"purchasable","16":"product-type-variable"},"yoast_head":"<!-- This site is optimized with the Yoast SEO plugin v27.4 - https:\/\/yoast.com\/product\/yoast-seo-wordpress\/ -->\n<title>Libro Crecer Juntos - Nerea Mendizabal<\/title>\n<meta name=\"description\" content=\"Las herramientas de este libro, basado en la Comunicaci\u00f3n No Violenta, pretenden promover un ambiente emocionalmente seguro.\" \/>\n<meta name=\"robots\" content=\"index, follow, max-snippet:-1, max-image-preview:large, max-video-preview:-1\" \/>\n<link rel=\"canonical\" href=\"https:\/\/nereamendizabal.eus\/es\/producto\/libro-crecer-juntos\/\" \/>\n<meta property=\"og:locale\" content=\"es_ES\" \/>\n<meta property=\"og:type\" content=\"article\" \/>\n<meta property=\"og:title\" content=\"Libro Crecer Juntos - Nerea Mendizabal\" \/>\n<meta property=\"og:description\" content=\"Las herramientas de este libro, basado en la Comunicaci\u00f3n No Violenta, pretenden promover un ambiente emocionalmente seguro.\" \/>\n<meta property=\"og:url\" content=\"https:\/\/nereamendizabal.eus\/es\/producto\/libro-crecer-juntos\/\" \/>\n<meta property=\"og:site_name\" content=\"Nerea Mendizabal\" \/>\n<meta property=\"article:modified_time\" content=\"2022-09-13T13:20:17+00:00\" \/>\n<meta property=\"og:image\" content=\"https:\/\/nereamendizabal.eus\/wp-content\/uploads\/2019\/12\/Nerea-Mendizabal-Libro-Comunicacion-no-violenta-1.jpg\" \/>\n\t<meta property=\"og:image:width\" content=\"666\" \/>\n\t<meta property=\"og:image:height\" content=\"666\" \/>\n\t<meta property=\"og:image:type\" content=\"image\/jpeg\" \/>\n<meta name=\"twitter:card\" content=\"summary_large_image\" \/>\n<meta name=\"twitter:label1\" content=\"Tiempo de lectura\" \/>\n\t<meta name=\"twitter:data1\" content=\"1 minuto\" \/>\n<script type=\"application\/ld+json\" class=\"yoast-schema-graph\">{\"@context\":\"https:\\\/\\\/schema.org\",\"@graph\":[{\"@type\":\"WebPage\",\"@id\":\"https:\\\/\\\/nereamendizabal.eus\\\/es\\\/producto\\\/libro-crecer-juntos\\\/\",\"url\":\"https:\\\/\\\/nereamendizabal.eus\\\/es\\\/producto\\\/libro-crecer-juntos\\\/\",\"name\":\"Libro Crecer Juntos - Nerea Mendizabal\",\"isPartOf\":{\"@id\":\"https:\\\/\\\/nereamendizabal.eus\\\/es\\\/#website\"},\"primaryImageOfPage\":{\"@id\":\"https:\\\/\\\/nereamendizabal.eus\\\/es\\\/producto\\\/libro-crecer-juntos\\\/#primaryimage\"},\"image\":{\"@id\":\"https:\\\/\\\/nereamendizabal.eus\\\/es\\\/producto\\\/libro-crecer-juntos\\\/#primaryimage\"},\"thumbnailUrl\":\"https:\\\/\\\/nereamendizabal.eus\\\/wp-content\\\/uploads\\\/2019\\\/12\\\/Nerea-Mendizabal-Libro-Comunicacion-no-violenta-1.jpg\",\"datePublished\":\"2021-04-09T11:57:11+00:00\",\"dateModified\":\"2022-09-13T13:20:17+00:00\",\"description\":\"Las herramientas de este libro, basado en la Comunicaci\u00f3n No Violenta, pretenden promover un ambiente emocionalmente seguro.\",\"breadcrumb\":{\"@id\":\"https:\\\/\\\/nereamendizabal.eus\\\/es\\\/producto\\\/libro-crecer-juntos\\\/#breadcrumb\"},\"inLanguage\":\"es\",\"potentialAction\":[{\"@type\":\"ReadAction\",\"target\":[\"https:\\\/\\\/nereamendizabal.eus\\\/es\\\/producto\\\/libro-crecer-juntos\\\/\"]}]},{\"@type\":\"ImageObject\",\"inLanguage\":\"es\",\"@id\":\"https:\\\/\\\/nereamendizabal.eus\\\/es\\\/producto\\\/libro-crecer-juntos\\\/#primaryimage\",\"url\":\"https:\\\/\\\/nereamendizabal.eus\\\/wp-content\\\/uploads\\\/2019\\\/12\\\/Nerea-Mendizabal-Libro-Comunicacion-no-violenta-1.jpg\",\"contentUrl\":\"https:\\\/\\\/nereamendizabal.eus\\\/wp-content\\\/uploads\\\/2019\\\/12\\\/Nerea-Mendizabal-Libro-Comunicacion-no-violenta-1.jpg\",\"width\":666,\"height\":666,\"caption\":\"Nerea-Mendizabal-Libro-Comunicacion-no-violenta\"},{\"@type\":\"BreadcrumbList\",\"@id\":\"https:\\\/\\\/nereamendizabal.eus\\\/es\\\/producto\\\/libro-crecer-juntos\\\/#breadcrumb\",\"itemListElement\":[{\"@type\":\"ListItem\",\"position\":1,\"name\":\"Portada\",\"item\":\"https:\\\/\\\/nereamendizabal.eus\\\/es\\\/\"},{\"@type\":\"ListItem\",\"position\":2,\"name\":\"Tienda\",\"item\":\"https:\\\/\\\/nereamendizabal.eus\\\/es\\\/tienda\\\/\"},{\"@type\":\"ListItem\",\"position\":3,\"name\":\"Libro Crecer Juntos\"}]},{\"@type\":\"WebSite\",\"@id\":\"https:\\\/\\\/nereamendizabal.eus\\\/es\\\/#website\",\"url\":\"https:\\\/\\\/nereamendizabal.eus\\\/es\\\/\",\"name\":\"Nerea Mendizabal\",\"description\":\"Comunicaci\u00f3n No Violenta\",\"publisher\":{\"@id\":\"https:\\\/\\\/nereamendizabal.eus\\\/es\\\/#\\\/schema\\\/person\\\/bd256c9b2004cb1f2b7810545da489b1\"},\"potentialAction\":[{\"@type\":\"SearchAction\",\"target\":{\"@type\":\"EntryPoint\",\"urlTemplate\":\"https:\\\/\\\/nereamendizabal.eus\\\/es\\\/?s={search_term_string}\"},\"query-input\":{\"@type\":\"PropertyValueSpecification\",\"valueRequired\":true,\"valueName\":\"search_term_string\"}}],\"inLanguage\":\"es\"},{\"@type\":[\"Person\",\"Organization\"],\"@id\":\"https:\\\/\\\/nereamendizabal.eus\\\/es\\\/#\\\/schema\\\/person\\\/bd256c9b2004cb1f2b7810545da489b1\",\"name\":\"Nerea Mendizabal (Zestoa, 1976)\",\"image\":{\"@type\":\"ImageObject\",\"inLanguage\":\"es\",\"@id\":\"https:\\\/\\\/nereamendizabal.eus\\\/wp-content\\\/uploads\\\/2019\\\/12\\\/Logo-Nerea-Mendizabal-movil-1x.png\",\"url\":\"https:\\\/\\\/nereamendizabal.eus\\\/wp-content\\\/uploads\\\/2019\\\/12\\\/Logo-Nerea-Mendizabal-movil-1x.png\",\"contentUrl\":\"https:\\\/\\\/nereamendizabal.eus\\\/wp-content\\\/uploads\\\/2019\\\/12\\\/Logo-Nerea-Mendizabal-movil-1x.png\",\"width\":237,\"height\":56,\"caption\":\"Nerea Mendizabal (Zestoa, 1976)\"},\"logo\":{\"@id\":\"https:\\\/\\\/nereamendizabal.eus\\\/wp-content\\\/uploads\\\/2019\\\/12\\\/Logo-Nerea-Mendizabal-movil-1x.png\"},\"description\":\"Psikopedagogia, Gizarte hezkuntza eta Komunikazio Ez Bortitzeko ikasketei urte batzuk eskaini nizkion. Nor naizen jakiteko bidean jarraitzen dut eta jarraituko dut, erlazioetan elikatu nahian eta besteen aurkikuntza prozesuetan bidelagun izatearekin batera. Pasioa eta ogibidea bat eginda bizitzearen pribilegioa bizi dut. Azken hamarkadan materialen sorkuntzak ere biziki harrapatu nau, \u201cZutani\u201d jolas didaktikoa, \u201cZutani, bizitzako altxor kutxa\u201d aplikazioa, \u201cElkarrekin hazi\u201d eta \u201cJirafa hizkuntza\u201d liburuak, \u201cKira jirafa eta haserrearen diamanteak\u201d ipuinekin formatu desberdinetan erlazioetarako euskarriak sortuz. Eta orain oharkabean, ahots eta musikaz baliatzeak, hitzez azaldu nahi dudana kodigo sentituagoetara eraman nau. Musikak, kantuak, gitarra jotzeak eta dantzak barruko espazioetara eramaten naute, gozamena eta bizitzeko gogoa nigan bizitu egiten direlarik. Dediqu\u00e9 unos cuantos a\u00f1os a los estudios de Psicopedagog\u00eda, Educaci\u00f3n Social y Comunicaci\u00f3n No Violenta. Sigo y seguir\u00e9 en el camino de saber qui\u00e9n soy, queriendo nutrirme de las relaciones que me rodean, a la vez que acompa\u00f1o a las personas que acuden a m\u00ed en sus procesos de descubrimiento. Vivo con toda mi entrega el privilegio de unir la pasi\u00f3n y el oficio. En la \u00faltima d\u00e9cada tambi\u00e9n me he volcado en la creaci\u00f3n de materiales, como el juego did\u00e1ctico Zutani, la aplicaci\u00f3n Zutani, bizitzako altxor kutxa, los libros Crecer juntos y Lenguaje jirafa y el cuento La jirafa Kira y los diamantes del enfado, a\u00f1adiendo, en diferentes formatos, soportes complementarios que mejoren el funcionamiento de las relaciones. Y ahora, me lanzo a expresar en otro registro, ya que la expresi\u00f3n a trav\u00e9s de la m\u00fasica, el canto, la guitarra y la danza me conducen a espacios interiores m\u00e1s amplios, donde pongo en valor el disfrute y las ganas de vivir que se apoderan de m\u00ed. \u2063\"}]}<\/script>\n<!-- \/ Yoast SEO plugin. -->","yoast_head_json":{"title":"Libro Crecer Juntos - Nerea Mendizabal","description":"Las herramientas de este libro, basado en la Comunicaci\u00f3n No Violenta, pretenden promover un ambiente emocionalmente seguro.","robots":{"index":"index","follow":"follow","max-snippet":"max-snippet:-1","max-image-preview":"max-image-preview:large","max-video-preview":"max-video-preview:-1"},"canonical":"https:\/\/nereamendizabal.eus\/es\/producto\/libro-crecer-juntos\/","og_locale":"es_ES","og_type":"article","og_title":"Libro Crecer Juntos - Nerea Mendizabal","og_description":"Las herramientas de este libro, basado en la Comunicaci\u00f3n No Violenta, pretenden promover un ambiente emocionalmente seguro.","og_url":"https:\/\/nereamendizabal.eus\/es\/producto\/libro-crecer-juntos\/","og_site_name":"Nerea Mendizabal","article_modified_time":"2022-09-13T13:20:17+00:00","og_image":[{"width":666,"height":666,"url":"https:\/\/nereamendizabal.eus\/wp-content\/uploads\/2019\/12\/Nerea-Mendizabal-Libro-Comunicacion-no-violenta-1.jpg","type":"image\/jpeg"}],"twitter_card":"summary_large_image","twitter_misc":{"Tiempo de lectura":"1 minuto"},"schema":{"@context":"https:\/\/schema.org","@graph":[{"@type":"WebPage","@id":"https:\/\/nereamendizabal.eus\/es\/producto\/libro-crecer-juntos\/","url":"https:\/\/nereamendizabal.eus\/es\/producto\/libro-crecer-juntos\/","name":"Libro Crecer Juntos - Nerea Mendizabal","isPartOf":{"@id":"https:\/\/nereamendizabal.eus\/es\/#website"},"primaryImageOfPage":{"@id":"https:\/\/nereamendizabal.eus\/es\/producto\/libro-crecer-juntos\/#primaryimage"},"image":{"@id":"https:\/\/nereamendizabal.eus\/es\/producto\/libro-crecer-juntos\/#primaryimage"},"thumbnailUrl":"https:\/\/nereamendizabal.eus\/wp-content\/uploads\/2019\/12\/Nerea-Mendizabal-Libro-Comunicacion-no-violenta-1.jpg","datePublished":"2021-04-09T11:57:11+00:00","dateModified":"2022-09-13T13:20:17+00:00","description":"Las herramientas de este libro, basado en la Comunicaci\u00f3n No Violenta, pretenden promover un ambiente emocionalmente seguro.","breadcrumb":{"@id":"https:\/\/nereamendizabal.eus\/es\/producto\/libro-crecer-juntos\/#breadcrumb"},"inLanguage":"es","potentialAction":[{"@type":"ReadAction","target":["https:\/\/nereamendizabal.eus\/es\/producto\/libro-crecer-juntos\/"]}]},{"@type":"ImageObject","inLanguage":"es","@id":"https:\/\/nereamendizabal.eus\/es\/producto\/libro-crecer-juntos\/#primaryimage","url":"https:\/\/nereamendizabal.eus\/wp-content\/uploads\/2019\/12\/Nerea-Mendizabal-Libro-Comunicacion-no-violenta-1.jpg","contentUrl":"https:\/\/nereamendizabal.eus\/wp-content\/uploads\/2019\/12\/Nerea-Mendizabal-Libro-Comunicacion-no-violenta-1.jpg","width":666,"height":666,"caption":"Nerea-Mendizabal-Libro-Comunicacion-no-violenta"},{"@type":"BreadcrumbList","@id":"https:\/\/nereamendizabal.eus\/es\/producto\/libro-crecer-juntos\/#breadcrumb","itemListElement":[{"@type":"ListItem","position":1,"name":"Portada","item":"https:\/\/nereamendizabal.eus\/es\/"},{"@type":"ListItem","position":2,"name":"Tienda","item":"https:\/\/nereamendizabal.eus\/es\/tienda\/"},{"@type":"ListItem","position":3,"name":"Libro Crecer Juntos"}]},{"@type":"WebSite","@id":"https:\/\/nereamendizabal.eus\/es\/#website","url":"https:\/\/nereamendizabal.eus\/es\/","name":"Nerea Mendizabal","description":"Comunicaci\u00f3n No Violenta","publisher":{"@id":"https:\/\/nereamendizabal.eus\/es\/#\/schema\/person\/bd256c9b2004cb1f2b7810545da489b1"},"potentialAction":[{"@type":"SearchAction","target":{"@type":"EntryPoint","urlTemplate":"https:\/\/nereamendizabal.eus\/es\/?s={search_term_string}"},"query-input":{"@type":"PropertyValueSpecification","valueRequired":true,"valueName":"search_term_string"}}],"inLanguage":"es"},{"@type":["Person","Organization"],"@id":"https:\/\/nereamendizabal.eus\/es\/#\/schema\/person\/bd256c9b2004cb1f2b7810545da489b1","name":"Nerea Mendizabal (Zestoa, 1976)","image":{"@type":"ImageObject","inLanguage":"es","@id":"https:\/\/nereamendizabal.eus\/wp-content\/uploads\/2019\/12\/Logo-Nerea-Mendizabal-movil-1x.png","url":"https:\/\/nereamendizabal.eus\/wp-content\/uploads\/2019\/12\/Logo-Nerea-Mendizabal-movil-1x.png","contentUrl":"https:\/\/nereamendizabal.eus\/wp-content\/uploads\/2019\/12\/Logo-Nerea-Mendizabal-movil-1x.png","width":237,"height":56,"caption":"Nerea Mendizabal (Zestoa, 1976)"},"logo":{"@id":"https:\/\/nereamendizabal.eus\/wp-content\/uploads\/2019\/12\/Logo-Nerea-Mendizabal-movil-1x.png"},"description":"Psikopedagogia, Gizarte hezkuntza eta Komunikazio Ez Bortitzeko ikasketei urte batzuk eskaini nizkion. Nor naizen jakiteko bidean jarraitzen dut eta jarraituko dut, erlazioetan elikatu nahian eta besteen aurkikuntza prozesuetan bidelagun izatearekin batera. Pasioa eta ogibidea bat eginda bizitzearen pribilegioa bizi dut. Azken hamarkadan materialen sorkuntzak ere biziki harrapatu nau, \u201cZutani\u201d jolas didaktikoa, \u201cZutani, bizitzako altxor kutxa\u201d aplikazioa, \u201cElkarrekin hazi\u201d eta \u201cJirafa hizkuntza\u201d liburuak, \u201cKira jirafa eta haserrearen diamanteak\u201d ipuinekin formatu desberdinetan erlazioetarako euskarriak sortuz. Eta orain oharkabean, ahots eta musikaz baliatzeak, hitzez azaldu nahi dudana kodigo sentituagoetara eraman nau. Musikak, kantuak, gitarra jotzeak eta dantzak barruko espazioetara eramaten naute, gozamena eta bizitzeko gogoa nigan bizitu egiten direlarik. Dediqu\u00e9 unos cuantos a\u00f1os a los estudios de Psicopedagog\u00eda, Educaci\u00f3n Social y Comunicaci\u00f3n No Violenta. Sigo y seguir\u00e9 en el camino de saber qui\u00e9n soy, queriendo nutrirme de las relaciones que me rodean, a la vez que acompa\u00f1o a las personas que acuden a m\u00ed en sus procesos de descubrimiento. Vivo con toda mi entrega el privilegio de unir la pasi\u00f3n y el oficio. En la \u00faltima d\u00e9cada tambi\u00e9n me he volcado en la creaci\u00f3n de materiales, como el juego did\u00e1ctico Zutani, la aplicaci\u00f3n Zutani, bizitzako altxor kutxa, los libros Crecer juntos y Lenguaje jirafa y el cuento La jirafa Kira y los diamantes del enfado, a\u00f1adiendo, en diferentes formatos, soportes complementarios que mejoren el funcionamiento de las relaciones. Y ahora, me lanzo a expresar en otro registro, ya que la expresi\u00f3n a trav\u00e9s de la m\u00fasica, el canto, la guitarra y la danza me conducen a espacios interiores m\u00e1s amplios, donde pongo en valor el disfrute y las ganas de vivir que se apoderan de m\u00ed. \u2063"}]}},"publishpress_future_action":{"enabled":false,"date":"2026-04-25 13:19:32","action":"change-status","newStatus":"draft","terms":[],"taxonomy":"product_brand","extraData":[]},"publishpress_future_workflow_manual_trigger":{"enabledWorkflows":[]},"_links":{"self":[{"href":"https:\/\/nereamendizabal.eus\/es\/wp-json\/wp\/v2\/product\/2106","targetHints":{"allow":["GET"]}}],"collection":[{"href":"https:\/\/nereamendizabal.eus\/es\/wp-json\/wp\/v2\/product"}],"about":[{"href":"https:\/\/nereamendizabal.eus\/es\/wp-json\/wp\/v2\/types\/product"}],"wp:featuredmedia":[{"embeddable":true,"href":"https:\/\/nereamendizabal.eus\/es\/wp-json\/wp\/v2\/media\/1414"}],"wp:attachment":[{"href":"https:\/\/nereamendizabal.eus\/es\/wp-json\/wp\/v2\/media?parent=2106"}],"wp:term":[{"taxonomy":"product_brand","embeddable":true,"href":"https:\/\/nereamendizabal.eus\/es\/wp-json\/wp\/v2\/product_brand?post=2106"},{"taxonomy":"product_cat","embeddable":true,"href":"https:\/\/nereamendizabal.eus\/es\/wp-json\/wp\/v2\/product_cat?post=2106"},{"taxonomy":"product_tag","embeddable":true,"href":"https:\/\/nereamendizabal.eus\/es\/wp-json\/wp\/v2\/product_tag?post=2106"}],"curies":[{"name":"wp","href":"https:\/\/api.w.org\/{rel}","templated":true}]}}