{"id":11082,"date":"2026-01-07T12:48:11","date_gmt":"2026-01-07T11:48:11","guid":{"rendered":"https:\/\/nereamendizabal.eus\/?post_type=product&#038;p=11082"},"modified":"2026-03-06T17:42:37","modified_gmt":"2026-03-06T16:42:37","slug":"baraja-cartas-sentimientos-necesidades","status":"publish","type":"product","link":"https:\/\/nereamendizabal.eus\/es\/producto\/baraja-cartas-sentimientos-necesidades\/","title":{"rendered":"Baraja de cartas de Sentimientos y Necesidades (en EUSKARA)"},"content":{"rendered":"<p>Esta baraja de cartas de sentimientos y necesidades est\u00e1 basada en el modelo de Comunicaci\u00f3n No Violenta (CNV) y nace como una invitaci\u00f3n a parar, escucharnos y conectar con lo que est\u00e1 vivo en nosotras y nosotros.<br \/>\nEl simple hecho de reconocer y honrar nuestros sentimientos y necesidades ya es en s\u00ed mismo un acto de cuidado. Nos ayuda a ampliar la mirada, a salir de los automatismos y a abrir nuevas posibilidades de elecci\u00f3n y de acci\u00f3n en nuestra vida cotidiana.<\/p>\n<p>En el plano pr\u00e1ctico, estas cartas facilitan:<\/p>\n<ul>\n<li>Poner nombre a lo que sentimos, m\u00e1s all\u00e1 del \u201cbien\u201d o \u201cmal\u201d.<\/li>\n<li>Identificar las necesidades que hay detr\u00e1s de nuestras emociones.<\/li>\n<li>Tomar decisiones m\u00e1s alineadas con nuestro bienestar.<\/li>\n<li>Enriquecer la comunicaci\u00f3n y la comprensi\u00f3n mutua.<\/li>\n<\/ul>\n<p>Es una herramienta \u00fatil, accesible y a la vez profunda, que permite trabajar de forma vivencial el vocabulario emocional y los valores que nos mueven.<br \/>\nAdem\u00e1s, su formato la convierte en una propuesta amena y flexible, perfecta para compartir en familia, en el aula, en grupos o en procesos de acompa\u00f1amiento, mediaci\u00f3n y crecimiento personal.<br \/>\nLas cartas pueden utilizarse en solitario o en grupo, adapt\u00e1ndose a diferentes edades y contextos. Un recurso para volver, una y otra vez, a lo esencial: escuchar lo que sentimos y cuidar lo que necesitamos.<\/p>\n","protected":false},"excerpt":{"rendered":"<p>Baraja de cartas de sentimientos y necesidades, inspirada en el modelo de Comunicaci\u00f3n No Violenta.<\/p>\n<p>Una herramienta sencilla y cuidada para poner palabras a lo que sentimos, conectar con lo que necesitamos y favorecer el bienestar, tanto a nivel personal como relacional.<\/p>\n<p>Apta para uso individual o en grupo, en casa, en el aula o en espacios de acompa\u00f1amiento.<\/p>\n<p>&nbsp;<\/p>\n","protected":false},"featured_media":11212,"template":"","meta":{"om_disable_all_campaigns":false},"product_brand":[],"product_cat":[99],"product_tag":[],"class_list":{"0":"post-11082","1":"product","2":"type-product","3":"status-publish","4":"has-post-thumbnail","6":"product_cat-juego","7":"product_shipping_class-envio-normal","8":"pa_hizkuntza-castellano-es","9":"pa_hizkuntza-euskera-es","11":"first","12":"instock","13":"taxable","14":"shipping-taxable","15":"purchasable","16":"product-type-simple"},"yoast_head":"<!-- This site is optimized with the Yoast SEO plugin v27.5 - https:\/\/yoast.com\/product\/yoast-seo-wordpress\/ -->\n<title>Baraja de cartas de Sentimientos y Necesidades (en EUSKARA) - Nerea Mendizabal<\/title>\n<meta name=\"description\" content=\"Zutani (tu y yo) es un juego did\u00e1ctico que se puede utilizar tanto en casa como en colegio, para trabajar la inteligencia emocional.\" \/>\n<meta name=\"robots\" content=\"index, follow, max-snippet:-1, max-image-preview:large, max-video-preview:-1\" \/>\n<link rel=\"canonical\" href=\"https:\/\/nereamendizabal.eus\/es\/producto\/baraja-cartas-sentimientos-necesidades\/\" \/>\n<meta property=\"og:locale\" content=\"es_ES\" \/>\n<meta property=\"og:type\" content=\"article\" \/>\n<meta property=\"og:title\" content=\"Baraja de cartas de Sentimientos y Necesidades (en EUSKARA) - Nerea Mendizabal\" \/>\n<meta property=\"og:description\" content=\"Zutani (tu y yo) es un juego did\u00e1ctico que se puede utilizar tanto en casa como en colegio, para trabajar la inteligencia emocional.\" \/>\n<meta property=\"og:url\" content=\"https:\/\/nereamendizabal.eus\/es\/producto\/baraja-cartas-sentimientos-necesidades\/\" \/>\n<meta property=\"og:site_name\" content=\"Nerea Mendizabal\" \/>\n<meta property=\"article:modified_time\" content=\"2026-03-06T16:42:37+00:00\" \/>\n<meta property=\"og:image\" content=\"https:\/\/nereamendizabal.eus\/wp-content\/uploads\/2026\/01\/kartak-kutsarekin.jpeg\" \/>\n\t<meta property=\"og:image:width\" content=\"1200\" \/>\n\t<meta property=\"og:image:height\" content=\"1600\" \/>\n\t<meta property=\"og:image:type\" content=\"image\/jpeg\" \/>\n<meta name=\"twitter:card\" content=\"summary_large_image\" \/>\n<meta name=\"twitter:label1\" content=\"Tiempo de lectura\" \/>\n\t<meta name=\"twitter:data1\" content=\"2 minutos\" \/>\n<script type=\"application\/ld+json\" class=\"yoast-schema-graph\">{\"@context\":\"https:\\\/\\\/schema.org\",\"@graph\":[{\"@type\":\"WebPage\",\"@id\":\"https:\\\/\\\/nereamendizabal.eus\\\/es\\\/producto\\\/baraja-cartas-sentimientos-necesidades\\\/\",\"url\":\"https:\\\/\\\/nereamendizabal.eus\\\/es\\\/producto\\\/baraja-cartas-sentimientos-necesidades\\\/\",\"name\":\"Baraja de cartas de Sentimientos y Necesidades (en EUSKARA) - Nerea Mendizabal\",\"isPartOf\":{\"@id\":\"https:\\\/\\\/nereamendizabal.eus\\\/es\\\/#website\"},\"primaryImageOfPage\":{\"@id\":\"https:\\\/\\\/nereamendizabal.eus\\\/es\\\/producto\\\/baraja-cartas-sentimientos-necesidades\\\/#primaryimage\"},\"image\":{\"@id\":\"https:\\\/\\\/nereamendizabal.eus\\\/es\\\/producto\\\/baraja-cartas-sentimientos-necesidades\\\/#primaryimage\"},\"thumbnailUrl\":\"https:\\\/\\\/nereamendizabal.eus\\\/wp-content\\\/uploads\\\/2026\\\/01\\\/kartak-kutsarekin.jpeg\",\"datePublished\":\"2026-01-07T11:48:11+00:00\",\"dateModified\":\"2026-03-06T16:42:37+00:00\",\"description\":\"Zutani (tu y yo) es un juego did\u00e1ctico que se puede utilizar tanto en casa como en colegio, para trabajar la inteligencia emocional.\",\"breadcrumb\":{\"@id\":\"https:\\\/\\\/nereamendizabal.eus\\\/es\\\/producto\\\/baraja-cartas-sentimientos-necesidades\\\/#breadcrumb\"},\"inLanguage\":\"es\",\"potentialAction\":[{\"@type\":\"ReadAction\",\"target\":[\"https:\\\/\\\/nereamendizabal.eus\\\/es\\\/producto\\\/baraja-cartas-sentimientos-necesidades\\\/\"]}]},{\"@type\":\"ImageObject\",\"inLanguage\":\"es\",\"@id\":\"https:\\\/\\\/nereamendizabal.eus\\\/es\\\/producto\\\/baraja-cartas-sentimientos-necesidades\\\/#primaryimage\",\"url\":\"https:\\\/\\\/nereamendizabal.eus\\\/wp-content\\\/uploads\\\/2026\\\/01\\\/kartak-kutsarekin.jpeg\",\"contentUrl\":\"https:\\\/\\\/nereamendizabal.eus\\\/wp-content\\\/uploads\\\/2026\\\/01\\\/kartak-kutsarekin.jpeg\",\"width\":1200,\"height\":1600},{\"@type\":\"BreadcrumbList\",\"@id\":\"https:\\\/\\\/nereamendizabal.eus\\\/es\\\/producto\\\/baraja-cartas-sentimientos-necesidades\\\/#breadcrumb\",\"itemListElement\":[{\"@type\":\"ListItem\",\"position\":1,\"name\":\"Portada\",\"item\":\"https:\\\/\\\/nereamendizabal.eus\\\/es\\\/\"},{\"@type\":\"ListItem\",\"position\":2,\"name\":\"Tienda\",\"item\":\"https:\\\/\\\/nereamendizabal.eus\\\/es\\\/tienda\\\/\"},{\"@type\":\"ListItem\",\"position\":3,\"name\":\"Baraja de cartas de Sentimientos y Necesidades (en EUSKARA)\"}]},{\"@type\":\"WebSite\",\"@id\":\"https:\\\/\\\/nereamendizabal.eus\\\/es\\\/#website\",\"url\":\"https:\\\/\\\/nereamendizabal.eus\\\/es\\\/\",\"name\":\"Nerea Mendizabal\",\"description\":\"Comunicaci\u00f3n No Violenta\",\"publisher\":{\"@id\":\"https:\\\/\\\/nereamendizabal.eus\\\/es\\\/#\\\/schema\\\/person\\\/bd256c9b2004cb1f2b7810545da489b1\"},\"potentialAction\":[{\"@type\":\"SearchAction\",\"target\":{\"@type\":\"EntryPoint\",\"urlTemplate\":\"https:\\\/\\\/nereamendizabal.eus\\\/es\\\/?s={search_term_string}\"},\"query-input\":{\"@type\":\"PropertyValueSpecification\",\"valueRequired\":true,\"valueName\":\"search_term_string\"}}],\"inLanguage\":\"es\"},{\"@type\":[\"Person\",\"Organization\"],\"@id\":\"https:\\\/\\\/nereamendizabal.eus\\\/es\\\/#\\\/schema\\\/person\\\/bd256c9b2004cb1f2b7810545da489b1\",\"name\":\"Nerea Mendizabal (Zestoa, 1976)\",\"image\":{\"@type\":\"ImageObject\",\"inLanguage\":\"es\",\"@id\":\"https:\\\/\\\/nereamendizabal.eus\\\/wp-content\\\/uploads\\\/2019\\\/12\\\/Logo-Nerea-Mendizabal-movil-1x.png\",\"url\":\"https:\\\/\\\/nereamendizabal.eus\\\/wp-content\\\/uploads\\\/2019\\\/12\\\/Logo-Nerea-Mendizabal-movil-1x.png\",\"contentUrl\":\"https:\\\/\\\/nereamendizabal.eus\\\/wp-content\\\/uploads\\\/2019\\\/12\\\/Logo-Nerea-Mendizabal-movil-1x.png\",\"width\":237,\"height\":56,\"caption\":\"Nerea Mendizabal (Zestoa, 1976)\"},\"logo\":{\"@id\":\"https:\\\/\\\/nereamendizabal.eus\\\/wp-content\\\/uploads\\\/2019\\\/12\\\/Logo-Nerea-Mendizabal-movil-1x.png\"},\"description\":\"Psikopedagogia, Gizarte hezkuntza eta Komunikazio Ez Bortitzeko ikasketei urte batzuk eskaini nizkion. Nor naizen jakiteko bidean jarraitzen dut eta jarraituko dut, erlazioetan elikatu nahian eta besteen aurkikuntza prozesuetan bidelagun izatearekin batera. Pasioa eta ogibidea bat eginda bizitzearen pribilegioa bizi dut. Azken hamarkadan materialen sorkuntzak ere biziki harrapatu nau, \u201cZutani\u201d jolas didaktikoa, \u201cZutani, bizitzako altxor kutxa\u201d aplikazioa, \u201cElkarrekin hazi\u201d eta \u201cJirafa hizkuntza\u201d liburuak, \u201cKira jirafa eta haserrearen diamanteak\u201d ipuinekin formatu desberdinetan erlazioetarako euskarriak sortuz. Eta orain oharkabean, ahots eta musikaz baliatzeak, hitzez azaldu nahi dudana kodigo sentituagoetara eraman nau. Musikak, kantuak, gitarra jotzeak eta dantzak barruko espazioetara eramaten naute, gozamena eta bizitzeko gogoa nigan bizitu egiten direlarik. Dediqu\u00e9 unos cuantos a\u00f1os a los estudios de Psicopedagog\u00eda, Educaci\u00f3n Social y Comunicaci\u00f3n No Violenta. Sigo y seguir\u00e9 en el camino de saber qui\u00e9n soy, queriendo nutrirme de las relaciones que me rodean, a la vez que acompa\u00f1o a las personas que acuden a m\u00ed en sus procesos de descubrimiento. Vivo con toda mi entrega el privilegio de unir la pasi\u00f3n y el oficio. En la \u00faltima d\u00e9cada tambi\u00e9n me he volcado en la creaci\u00f3n de materiales, como el juego did\u00e1ctico Zutani, la aplicaci\u00f3n Zutani, bizitzako altxor kutxa, los libros Crecer juntos y Lenguaje jirafa y el cuento La jirafa Kira y los diamantes del enfado, a\u00f1adiendo, en diferentes formatos, soportes complementarios que mejoren el funcionamiento de las relaciones. Y ahora, me lanzo a expresar en otro registro, ya que la expresi\u00f3n a trav\u00e9s de la m\u00fasica, el canto, la guitarra y la danza me conducen a espacios interiores m\u00e1s amplios, donde pongo en valor el disfrute y las ganas de vivir que se apoderan de m\u00ed. \u2063\"}]}<\/script>\n<!-- \/ Yoast SEO plugin. -->","yoast_head_json":{"title":"Baraja de cartas de Sentimientos y Necesidades (en EUSKARA) - Nerea Mendizabal","description":"Zutani (tu y yo) es un juego did\u00e1ctico que se puede utilizar tanto en casa como en colegio, para trabajar la inteligencia emocional.","robots":{"index":"index","follow":"follow","max-snippet":"max-snippet:-1","max-image-preview":"max-image-preview:large","max-video-preview":"max-video-preview:-1"},"canonical":"https:\/\/nereamendizabal.eus\/es\/producto\/baraja-cartas-sentimientos-necesidades\/","og_locale":"es_ES","og_type":"article","og_title":"Baraja de cartas de Sentimientos y Necesidades (en EUSKARA) - Nerea Mendizabal","og_description":"Zutani (tu y yo) es un juego did\u00e1ctico que se puede utilizar tanto en casa como en colegio, para trabajar la inteligencia emocional.","og_url":"https:\/\/nereamendizabal.eus\/es\/producto\/baraja-cartas-sentimientos-necesidades\/","og_site_name":"Nerea Mendizabal","article_modified_time":"2026-03-06T16:42:37+00:00","og_image":[{"width":1200,"height":1600,"url":"https:\/\/nereamendizabal.eus\/wp-content\/uploads\/2026\/01\/kartak-kutsarekin.jpeg","type":"image\/jpeg"}],"twitter_card":"summary_large_image","twitter_misc":{"Tiempo de lectura":"2 minutos"},"schema":{"@context":"https:\/\/schema.org","@graph":[{"@type":"WebPage","@id":"https:\/\/nereamendizabal.eus\/es\/producto\/baraja-cartas-sentimientos-necesidades\/","url":"https:\/\/nereamendizabal.eus\/es\/producto\/baraja-cartas-sentimientos-necesidades\/","name":"Baraja de cartas de Sentimientos y Necesidades (en EUSKARA) - Nerea Mendizabal","isPartOf":{"@id":"https:\/\/nereamendizabal.eus\/es\/#website"},"primaryImageOfPage":{"@id":"https:\/\/nereamendizabal.eus\/es\/producto\/baraja-cartas-sentimientos-necesidades\/#primaryimage"},"image":{"@id":"https:\/\/nereamendizabal.eus\/es\/producto\/baraja-cartas-sentimientos-necesidades\/#primaryimage"},"thumbnailUrl":"https:\/\/nereamendizabal.eus\/wp-content\/uploads\/2026\/01\/kartak-kutsarekin.jpeg","datePublished":"2026-01-07T11:48:11+00:00","dateModified":"2026-03-06T16:42:37+00:00","description":"Zutani (tu y yo) es un juego did\u00e1ctico que se puede utilizar tanto en casa como en colegio, para trabajar la inteligencia emocional.","breadcrumb":{"@id":"https:\/\/nereamendizabal.eus\/es\/producto\/baraja-cartas-sentimientos-necesidades\/#breadcrumb"},"inLanguage":"es","potentialAction":[{"@type":"ReadAction","target":["https:\/\/nereamendizabal.eus\/es\/producto\/baraja-cartas-sentimientos-necesidades\/"]}]},{"@type":"ImageObject","inLanguage":"es","@id":"https:\/\/nereamendizabal.eus\/es\/producto\/baraja-cartas-sentimientos-necesidades\/#primaryimage","url":"https:\/\/nereamendizabal.eus\/wp-content\/uploads\/2026\/01\/kartak-kutsarekin.jpeg","contentUrl":"https:\/\/nereamendizabal.eus\/wp-content\/uploads\/2026\/01\/kartak-kutsarekin.jpeg","width":1200,"height":1600},{"@type":"BreadcrumbList","@id":"https:\/\/nereamendizabal.eus\/es\/producto\/baraja-cartas-sentimientos-necesidades\/#breadcrumb","itemListElement":[{"@type":"ListItem","position":1,"name":"Portada","item":"https:\/\/nereamendizabal.eus\/es\/"},{"@type":"ListItem","position":2,"name":"Tienda","item":"https:\/\/nereamendizabal.eus\/es\/tienda\/"},{"@type":"ListItem","position":3,"name":"Baraja de cartas de Sentimientos y Necesidades (en EUSKARA)"}]},{"@type":"WebSite","@id":"https:\/\/nereamendizabal.eus\/es\/#website","url":"https:\/\/nereamendizabal.eus\/es\/","name":"Nerea Mendizabal","description":"Comunicaci\u00f3n No Violenta","publisher":{"@id":"https:\/\/nereamendizabal.eus\/es\/#\/schema\/person\/bd256c9b2004cb1f2b7810545da489b1"},"potentialAction":[{"@type":"SearchAction","target":{"@type":"EntryPoint","urlTemplate":"https:\/\/nereamendizabal.eus\/es\/?s={search_term_string}"},"query-input":{"@type":"PropertyValueSpecification","valueRequired":true,"valueName":"search_term_string"}}],"inLanguage":"es"},{"@type":["Person","Organization"],"@id":"https:\/\/nereamendizabal.eus\/es\/#\/schema\/person\/bd256c9b2004cb1f2b7810545da489b1","name":"Nerea Mendizabal (Zestoa, 1976)","image":{"@type":"ImageObject","inLanguage":"es","@id":"https:\/\/nereamendizabal.eus\/wp-content\/uploads\/2019\/12\/Logo-Nerea-Mendizabal-movil-1x.png","url":"https:\/\/nereamendizabal.eus\/wp-content\/uploads\/2019\/12\/Logo-Nerea-Mendizabal-movil-1x.png","contentUrl":"https:\/\/nereamendizabal.eus\/wp-content\/uploads\/2019\/12\/Logo-Nerea-Mendizabal-movil-1x.png","width":237,"height":56,"caption":"Nerea Mendizabal (Zestoa, 1976)"},"logo":{"@id":"https:\/\/nereamendizabal.eus\/wp-content\/uploads\/2019\/12\/Logo-Nerea-Mendizabal-movil-1x.png"},"description":"Psikopedagogia, Gizarte hezkuntza eta Komunikazio Ez Bortitzeko ikasketei urte batzuk eskaini nizkion. Nor naizen jakiteko bidean jarraitzen dut eta jarraituko dut, erlazioetan elikatu nahian eta besteen aurkikuntza prozesuetan bidelagun izatearekin batera. Pasioa eta ogibidea bat eginda bizitzearen pribilegioa bizi dut. Azken hamarkadan materialen sorkuntzak ere biziki harrapatu nau, \u201cZutani\u201d jolas didaktikoa, \u201cZutani, bizitzako altxor kutxa\u201d aplikazioa, \u201cElkarrekin hazi\u201d eta \u201cJirafa hizkuntza\u201d liburuak, \u201cKira jirafa eta haserrearen diamanteak\u201d ipuinekin formatu desberdinetan erlazioetarako euskarriak sortuz. Eta orain oharkabean, ahots eta musikaz baliatzeak, hitzez azaldu nahi dudana kodigo sentituagoetara eraman nau. Musikak, kantuak, gitarra jotzeak eta dantzak barruko espazioetara eramaten naute, gozamena eta bizitzeko gogoa nigan bizitu egiten direlarik. Dediqu\u00e9 unos cuantos a\u00f1os a los estudios de Psicopedagog\u00eda, Educaci\u00f3n Social y Comunicaci\u00f3n No Violenta. Sigo y seguir\u00e9 en el camino de saber qui\u00e9n soy, queriendo nutrirme de las relaciones que me rodean, a la vez que acompa\u00f1o a las personas que acuden a m\u00ed en sus procesos de descubrimiento. Vivo con toda mi entrega el privilegio de unir la pasi\u00f3n y el oficio. En la \u00faltima d\u00e9cada tambi\u00e9n me he volcado en la creaci\u00f3n de materiales, como el juego did\u00e1ctico Zutani, la aplicaci\u00f3n Zutani, bizitzako altxor kutxa, los libros Crecer juntos y Lenguaje jirafa y el cuento La jirafa Kira y los diamantes del enfado, a\u00f1adiendo, en diferentes formatos, soportes complementarios que mejoren el funcionamiento de las relaciones. Y ahora, me lanzo a expresar en otro registro, ya que la expresi\u00f3n a trav\u00e9s de la m\u00fasica, el canto, la guitarra y la danza me conducen a espacios interiores m\u00e1s amplios, donde pongo en valor el disfrute y las ganas de vivir que se apoderan de m\u00ed. \u2063"}]}},"publishpress_future_action":{"enabled":false,"date":"2026-05-06 05:40:20","action":"change-status","newStatus":"draft","terms":[],"taxonomy":"product_brand","extraData":[]},"publishpress_future_workflow_manual_trigger":{"enabledWorkflows":[]},"_links":{"self":[{"href":"https:\/\/nereamendizabal.eus\/es\/wp-json\/wp\/v2\/product\/11082","targetHints":{"allow":["GET"]}}],"collection":[{"href":"https:\/\/nereamendizabal.eus\/es\/wp-json\/wp\/v2\/product"}],"about":[{"href":"https:\/\/nereamendizabal.eus\/es\/wp-json\/wp\/v2\/types\/product"}],"wp:featuredmedia":[{"embeddable":true,"href":"https:\/\/nereamendizabal.eus\/es\/wp-json\/wp\/v2\/media\/11212"}],"wp:attachment":[{"href":"https:\/\/nereamendizabal.eus\/es\/wp-json\/wp\/v2\/media?parent=11082"}],"wp:term":[{"taxonomy":"product_brand","embeddable":true,"href":"https:\/\/nereamendizabal.eus\/es\/wp-json\/wp\/v2\/product_brand?post=11082"},{"taxonomy":"product_cat","embeddable":true,"href":"https:\/\/nereamendizabal.eus\/es\/wp-json\/wp\/v2\/product_cat?post=11082"},{"taxonomy":"product_tag","embeddable":true,"href":"https:\/\/nereamendizabal.eus\/es\/wp-json\/wp\/v2\/product_tag?post=11082"}],"curies":[{"name":"wp","href":"https:\/\/api.w.org\/{rel}","templated":true}]}}