{"id":2163,"date":"2021-04-13T20:02:37","date_gmt":"2021-04-13T18:02:37","guid":{"rendered":"https:\/\/nereamendizabal.eus\/?page_id=2163"},"modified":"2021-04-13T20:16:48","modified_gmt":"2021-04-13T18:16:48","slug":"condiciones-venta","status":"publish","type":"page","link":"https:\/\/nereamendizabal.eus\/es\/condiciones-venta\/","title":{"rendered":"Condiciones de venta"},"content":{"rendered":"<h1>POL\u00cdTICA DE PRIVACIDAD<\/h1>\n<h3>1. C\u00d3MO REALIZAR UN PEDIDO Y FORMAS DE PAGO<\/h3>\n<p>El cliente podr\u00e1 realizar el pedido de las siguientes maneras:<br \/>\n\u2013 A trav\u00e9s de nuestra p\u00e1gina web: <a href=\"http:\/\/www.nereamendizabal.eus\">www.nereamendizabal.eus<\/a>, disponible las 24 horas del d\u00eda los 7 d\u00edas de la semana.<br \/>\n\u2013 Por email <a href=\"mailto:info@nereamendizabal.eus\">info@nereamendizabal.eus<\/a><\/p>\n<p>Una vez validado y confirmado el pedido, le enviaremos un correo electr\u00f3nico\/mensaje de confirmaci\u00f3n de pedido para notificarle que su pedido se ha recibido correctamente.<\/p>\n<p><strong>Pagos<\/strong><br \/>\nEl cliente podr\u00e1 hacer efectivo el pago de su pedido mediante tarjeta de cr\u00e9dito\/d\u00e9bito, paypal o bizum, a trav\u00e9s de la pasarela de pago en nuestra web.<\/p>\n<h4>CON TARJETA DE CREDITO O DE DEBITO<\/h4>\n<p>Cuenta Corriente kutxabank: ES57 2095 5033121062739098<br \/>\nPaypal: <a href=\"mailto:nereamendi@gmail.com\"><b>nereamendi@gmail.com<\/b><\/a><br \/>\nBizum: 611156636<\/p>\n<h3>2. PRECIOS Y TRANSPORTE<\/h3>\n<p>Los precios indicados en nuestra p\u00e1gina web www.nereamendizabal.eus tienen el IVA incluido. Nerea Mendizabal se reserva el derecho a modificar sus precios en cualquier momento. No obstante, una vez confirmado el pedido, aunque se produzca una variaci\u00f3n posterior de los mismos, se facturar\u00e1n los precios existentes durante la confirmaci\u00f3n del pedido.<\/p>\n<p>El usuario podr\u00e1 solicitar si lo desea, a trav\u00e9s del mail info@nereamendizabal.eus, la factura de su pedido que ser\u00e1 enviada por mail.<\/p>\n<p><strong>Entrega de pedidos:<\/strong><br \/>\nSe realiza a trav\u00e9s de Correos y por el volumen de los paquetes es posible que le dejen un aviso para ir a recoger los mismos a la oficina de Correos m\u00e1s cercana a su domicilio.<\/p>\n<p>Los gastos de env\u00edo correspondientes siempre se indican en el pedido. En los env\u00edos realizados a pa\u00edses no pertenecientes a la Uni\u00f3n Europea, Nerea Menidizabal no asumir\u00e1 los gastos correspondientes a impuestos y aranceles aduaneros propios de cada pa\u00eds.<\/p>\n<p>Para pedidos fuera de Espa\u00f1a se ajustar\u00e1n los gastos de env\u00edo, comunic\u00e1ndoselo al consumidor y siendo este quien los asuma.<\/p>\n<h3>3. PLAZOS DE ENTREGA<\/h3>\n<p>El plazo de entrega ser\u00e1 de una semana aproximadamente.<\/p>\n<h3>4. CAMBIOS, DEVOLUCIONES Y CANCELACIONES<\/h3>\n<p>Las incidencias, devoluciones y cancelaciones de compras realizadas a trav\u00e9s de la p\u00e1gina web <a href=\"http:\/\/www.nereamendizabal.eus\">www.nereamendizabal.eus<\/a> o email, deber\u00e1n comunicarse y gestionarse a trav\u00e9s de <a href=\"mailto:info@nereamendizabal.eus\">info@nereamendizabal.eus<\/a><\/p>\n<p>En caso de no estar satisfecho con la elecci\u00f3n: podr\u00e1s devolver o cambiar por otro un producto de tu pedido en un plazo de 14 d\u00edas naturales desde la recepci\u00f3n del mismo. Todos los gastos de env\u00edo derivados de la devoluci\u00f3n o cambio ser\u00e1n a cargo del cliente.<br \/>\nPara devolver o cambiar cualquier art\u00edculo, se comunicar\u00e1 al correo electr\u00f3nico <a href=\"http:\/\/www.nereamendizabal.eus\">www.nereamendizabal.eus<\/a> que se quiere devolver o cambiar, una vez recibido el correo, se indicar\u00e1 c\u00f3mo hacer el env\u00edo.<\/p>\n<p>El cambio del producto o la devoluci\u00f3n del importe se har\u00e1 una vez recibido y comprobado que se encuentra en perfectas condiciones.<br \/>\nNo se cambiar\u00e1 ning\u00fan producto que haya sido usado o sacado de su embalaje original, a excepci\u00f3n que presente un defecto de fabricaci\u00f3n.<br \/>\nEn el caso de producto defectuoso o error en el env\u00edo del pedido: nosotros asumimos todos los costes derivados del cambio o devoluci\u00f3n del producto.<\/p>\n<p>Pero solo en el caso de producto defectuoso o error de producto se devolver\u00e1 el importe integro, en caso contrario solo se devolver\u00e1 el valor del producto menos el importe de portes de env\u00edo.<\/p>\n<h3>5. JURISDICCI\u00d3N Y LEY APLICABLE:<\/h3>\n<p>Las presentes condiciones se regir\u00e1n e interpretar\u00e1n de conformidad con las leyes del Reino de Espa\u00f1a (a excepci\u00f3n de sus disposiciones sobre conflicto de leyes), excluy\u00e9ndose expresamente la aplicaci\u00f3n de la Convenci\u00f3n de las Naciones Unidas sobre los Contratos de Compraventa Internacional de Mercader\u00edas. Si eres un consumidor y tienes tu residencia habitual en la Uni\u00f3n Europea, tambi\u00e9n contar\u00e1s con la protecci\u00f3n que pueda ofrecerte cualquier disposici\u00f3n imperativa de la legislaci\u00f3n de tu pa\u00eds de residencia. Ambas partes acordamos someternos a la jurisdicci\u00f3n no exclusiva de los tribunales de distrito de la ciudad de Donostia \u2013 San Sebasti\u00e1n (Gipuzkoa), lo que significa que podr\u00e1s reclamar tus derechos como consumidor en relaci\u00f3n con las presentes Condiciones de Uso tanto en Donostia \u2013 San Sebasti\u00e1n (Espa\u00f1a) como en tu Estado Miembro de residencia en la Uni\u00f3n Europea.<\/p>\n<p>La Comisi\u00f3n Europea ofrece una plataforma para la resoluci\u00f3n alternativa de conflictos.<\/p>\n","protected":false},"excerpt":{"rendered":"<p>POL\u00cdTICA DE PRIVACIDAD 1. C\u00d3MO REALIZAR UN PEDIDO Y FORMAS DE PAGO El cliente podr\u00e1 realizar el pedido de las siguientes maneras: \u2013 A trav\u00e9s de nuestra p\u00e1gina web: www.nereamendizabal.eus, disponible las 24 horas del d\u00eda los 7 d\u00edas de la semana. \u2013 Por email info@nereamendizabal.eus Una vez validado y confirmado el pedido, le enviaremos [&hellip;]<\/p>\n","protected":false},"author":1,"featured_media":0,"parent":0,"menu_order":0,"comment_status":"closed","ping_status":"open","template":"","meta":{"om_disable_all_campaigns":false,"footnotes":""},"class_list":["post-2163","page","type-page","status-publish","hentry"],"yoast_head":"<!-- This site is optimized with the Yoast SEO plugin v27.5 - https:\/\/yoast.com\/product\/yoast-seo-wordpress\/ -->\n<title>Condiciones de venta - Nerea Mendizabal<\/title>\n<meta name=\"robots\" content=\"noindex, nofollow\" \/>\n<meta property=\"og:locale\" content=\"es_ES\" \/>\n<meta property=\"og:type\" content=\"article\" \/>\n<meta property=\"og:title\" content=\"Condiciones de venta - Nerea Mendizabal\" \/>\n<meta property=\"og:description\" content=\"POL\u00cdTICA DE PRIVACIDAD 1. C\u00d3MO REALIZAR UN PEDIDO Y FORMAS DE PAGO El cliente podr\u00e1 realizar el pedido de las siguientes maneras: \u2013 A trav\u00e9s de nuestra p\u00e1gina web: www.nereamendizabal.eus, disponible las 24 horas del d\u00eda los 7 d\u00edas de la semana. \u2013 Por email info@nereamendizabal.eus Una vez validado y confirmado el pedido, le enviaremos [&hellip;]\" \/>\n<meta property=\"og:url\" content=\"https:\/\/nereamendizabal.eus\/es\/condiciones-venta\/\" \/>\n<meta property=\"og:site_name\" content=\"Nerea Mendizabal\" \/>\n<meta property=\"article:modified_time\" content=\"2021-04-13T18:16:48+00:00\" \/>\n<meta name=\"twitter:card\" content=\"summary_large_image\" \/>\n<meta name=\"twitter:label1\" content=\"Tiempo de lectura\" \/>\n\t<meta name=\"twitter:data1\" content=\"3 minutos\" \/>\n<script type=\"application\/ld+json\" class=\"yoast-schema-graph\">{\"@context\":\"https:\\\/\\\/schema.org\",\"@graph\":[{\"@type\":\"WebPage\",\"@id\":\"https:\\\/\\\/nereamendizabal.eus\\\/es\\\/condiciones-venta\\\/\",\"url\":\"https:\\\/\\\/nereamendizabal.eus\\\/es\\\/condiciones-venta\\\/\",\"name\":\"Condiciones de venta - Nerea Mendizabal\",\"isPartOf\":{\"@id\":\"https:\\\/\\\/nereamendizabal.eus\\\/es\\\/#website\"},\"datePublished\":\"2021-04-13T18:02:37+00:00\",\"dateModified\":\"2021-04-13T18:16:48+00:00\",\"breadcrumb\":{\"@id\":\"https:\\\/\\\/nereamendizabal.eus\\\/es\\\/condiciones-venta\\\/#breadcrumb\"},\"inLanguage\":\"es\",\"potentialAction\":[{\"@type\":\"ReadAction\",\"target\":[\"https:\\\/\\\/nereamendizabal.eus\\\/es\\\/condiciones-venta\\\/\"]}]},{\"@type\":\"BreadcrumbList\",\"@id\":\"https:\\\/\\\/nereamendizabal.eus\\\/es\\\/condiciones-venta\\\/#breadcrumb\",\"itemListElement\":[{\"@type\":\"ListItem\",\"position\":1,\"name\":\"Portada\",\"item\":\"https:\\\/\\\/nereamendizabal.eus\\\/es\\\/\"},{\"@type\":\"ListItem\",\"position\":2,\"name\":\"Condiciones de venta\"}]},{\"@type\":\"WebSite\",\"@id\":\"https:\\\/\\\/nereamendizabal.eus\\\/es\\\/#website\",\"url\":\"https:\\\/\\\/nereamendizabal.eus\\\/es\\\/\",\"name\":\"Nerea Mendizabal\",\"description\":\"Comunicaci\u00f3n No Violenta\",\"publisher\":{\"@id\":\"https:\\\/\\\/nereamendizabal.eus\\\/es\\\/#\\\/schema\\\/person\\\/bd256c9b2004cb1f2b7810545da489b1\"},\"potentialAction\":[{\"@type\":\"SearchAction\",\"target\":{\"@type\":\"EntryPoint\",\"urlTemplate\":\"https:\\\/\\\/nereamendizabal.eus\\\/es\\\/?s={search_term_string}\"},\"query-input\":{\"@type\":\"PropertyValueSpecification\",\"valueRequired\":true,\"valueName\":\"search_term_string\"}}],\"inLanguage\":\"es\"},{\"@type\":[\"Person\",\"Organization\"],\"@id\":\"https:\\\/\\\/nereamendizabal.eus\\\/es\\\/#\\\/schema\\\/person\\\/bd256c9b2004cb1f2b7810545da489b1\",\"name\":\"Nerea Mendizabal (Zestoa, 1976)\",\"image\":{\"@type\":\"ImageObject\",\"inLanguage\":\"es\",\"@id\":\"https:\\\/\\\/nereamendizabal.eus\\\/wp-content\\\/uploads\\\/2019\\\/12\\\/Logo-Nerea-Mendizabal-movil-1x.png\",\"url\":\"https:\\\/\\\/nereamendizabal.eus\\\/wp-content\\\/uploads\\\/2019\\\/12\\\/Logo-Nerea-Mendizabal-movil-1x.png\",\"contentUrl\":\"https:\\\/\\\/nereamendizabal.eus\\\/wp-content\\\/uploads\\\/2019\\\/12\\\/Logo-Nerea-Mendizabal-movil-1x.png\",\"width\":237,\"height\":56,\"caption\":\"Nerea Mendizabal (Zestoa, 1976)\"},\"logo\":{\"@id\":\"https:\\\/\\\/nereamendizabal.eus\\\/wp-content\\\/uploads\\\/2019\\\/12\\\/Logo-Nerea-Mendizabal-movil-1x.png\"},\"description\":\"Psikopedagogia, Gizarte hezkuntza eta Komunikazio Ez Bortitzeko ikasketei urte batzuk eskaini nizkion. Nor naizen jakiteko bidean jarraitzen dut eta jarraituko dut, erlazioetan elikatu nahian eta besteen aurkikuntza prozesuetan bidelagun izatearekin batera. Pasioa eta ogibidea bat eginda bizitzearen pribilegioa bizi dut. Azken hamarkadan materialen sorkuntzak ere biziki harrapatu nau, \u201cZutani\u201d jolas didaktikoa, \u201cZutani, bizitzako altxor kutxa\u201d aplikazioa, \u201cElkarrekin hazi\u201d eta \u201cJirafa hizkuntza\u201d liburuak, \u201cKira jirafa eta haserrearen diamanteak\u201d ipuinekin formatu desberdinetan erlazioetarako euskarriak sortuz. Eta orain oharkabean, ahots eta musikaz baliatzeak, hitzez azaldu nahi dudana kodigo sentituagoetara eraman nau. Musikak, kantuak, gitarra jotzeak eta dantzak barruko espazioetara eramaten naute, gozamena eta bizitzeko gogoa nigan bizitu egiten direlarik. Dediqu\u00e9 unos cuantos a\u00f1os a los estudios de Psicopedagog\u00eda, Educaci\u00f3n Social y Comunicaci\u00f3n No Violenta. Sigo y seguir\u00e9 en el camino de saber qui\u00e9n soy, queriendo nutrirme de las relaciones que me rodean, a la vez que acompa\u00f1o a las personas que acuden a m\u00ed en sus procesos de descubrimiento. Vivo con toda mi entrega el privilegio de unir la pasi\u00f3n y el oficio. En la \u00faltima d\u00e9cada tambi\u00e9n me he volcado en la creaci\u00f3n de materiales, como el juego did\u00e1ctico Zutani, la aplicaci\u00f3n Zutani, bizitzako altxor kutxa, los libros Crecer juntos y Lenguaje jirafa y el cuento La jirafa Kira y los diamantes del enfado, a\u00f1adiendo, en diferentes formatos, soportes complementarios que mejoren el funcionamiento de las relaciones. Y ahora, me lanzo a expresar en otro registro, ya que la expresi\u00f3n a trav\u00e9s de la m\u00fasica, el canto, la guitarra y la danza me conducen a espacios interiores m\u00e1s amplios, donde pongo en valor el disfrute y las ganas de vivir que se apoderan de m\u00ed. \u2063\"}]}<\/script>\n<!-- \/ Yoast SEO plugin. -->","yoast_head_json":{"title":"Condiciones de venta - Nerea Mendizabal","robots":{"index":"noindex","follow":"nofollow"},"og_locale":"es_ES","og_type":"article","og_title":"Condiciones de venta - Nerea Mendizabal","og_description":"POL\u00cdTICA DE PRIVACIDAD 1. C\u00d3MO REALIZAR UN PEDIDO Y FORMAS DE PAGO El cliente podr\u00e1 realizar el pedido de las siguientes maneras: \u2013 A trav\u00e9s de nuestra p\u00e1gina web: www.nereamendizabal.eus, disponible las 24 horas del d\u00eda los 7 d\u00edas de la semana. \u2013 Por email info@nereamendizabal.eus Una vez validado y confirmado el pedido, le enviaremos [&hellip;]","og_url":"https:\/\/nereamendizabal.eus\/es\/condiciones-venta\/","og_site_name":"Nerea Mendizabal","article_modified_time":"2021-04-13T18:16:48+00:00","twitter_card":"summary_large_image","twitter_misc":{"Tiempo de lectura":"3 minutos"},"schema":{"@context":"https:\/\/schema.org","@graph":[{"@type":"WebPage","@id":"https:\/\/nereamendizabal.eus\/es\/condiciones-venta\/","url":"https:\/\/nereamendizabal.eus\/es\/condiciones-venta\/","name":"Condiciones de venta - Nerea Mendizabal","isPartOf":{"@id":"https:\/\/nereamendizabal.eus\/es\/#website"},"datePublished":"2021-04-13T18:02:37+00:00","dateModified":"2021-04-13T18:16:48+00:00","breadcrumb":{"@id":"https:\/\/nereamendizabal.eus\/es\/condiciones-venta\/#breadcrumb"},"inLanguage":"es","potentialAction":[{"@type":"ReadAction","target":["https:\/\/nereamendizabal.eus\/es\/condiciones-venta\/"]}]},{"@type":"BreadcrumbList","@id":"https:\/\/nereamendizabal.eus\/es\/condiciones-venta\/#breadcrumb","itemListElement":[{"@type":"ListItem","position":1,"name":"Portada","item":"https:\/\/nereamendizabal.eus\/es\/"},{"@type":"ListItem","position":2,"name":"Condiciones de venta"}]},{"@type":"WebSite","@id":"https:\/\/nereamendizabal.eus\/es\/#website","url":"https:\/\/nereamendizabal.eus\/es\/","name":"Nerea Mendizabal","description":"Comunicaci\u00f3n No Violenta","publisher":{"@id":"https:\/\/nereamendizabal.eus\/es\/#\/schema\/person\/bd256c9b2004cb1f2b7810545da489b1"},"potentialAction":[{"@type":"SearchAction","target":{"@type":"EntryPoint","urlTemplate":"https:\/\/nereamendizabal.eus\/es\/?s={search_term_string}"},"query-input":{"@type":"PropertyValueSpecification","valueRequired":true,"valueName":"search_term_string"}}],"inLanguage":"es"},{"@type":["Person","Organization"],"@id":"https:\/\/nereamendizabal.eus\/es\/#\/schema\/person\/bd256c9b2004cb1f2b7810545da489b1","name":"Nerea Mendizabal (Zestoa, 1976)","image":{"@type":"ImageObject","inLanguage":"es","@id":"https:\/\/nereamendizabal.eus\/wp-content\/uploads\/2019\/12\/Logo-Nerea-Mendizabal-movil-1x.png","url":"https:\/\/nereamendizabal.eus\/wp-content\/uploads\/2019\/12\/Logo-Nerea-Mendizabal-movil-1x.png","contentUrl":"https:\/\/nereamendizabal.eus\/wp-content\/uploads\/2019\/12\/Logo-Nerea-Mendizabal-movil-1x.png","width":237,"height":56,"caption":"Nerea Mendizabal (Zestoa, 1976)"},"logo":{"@id":"https:\/\/nereamendizabal.eus\/wp-content\/uploads\/2019\/12\/Logo-Nerea-Mendizabal-movil-1x.png"},"description":"Psikopedagogia, Gizarte hezkuntza eta Komunikazio Ez Bortitzeko ikasketei urte batzuk eskaini nizkion. Nor naizen jakiteko bidean jarraitzen dut eta jarraituko dut, erlazioetan elikatu nahian eta besteen aurkikuntza prozesuetan bidelagun izatearekin batera. Pasioa eta ogibidea bat eginda bizitzearen pribilegioa bizi dut. Azken hamarkadan materialen sorkuntzak ere biziki harrapatu nau, \u201cZutani\u201d jolas didaktikoa, \u201cZutani, bizitzako altxor kutxa\u201d aplikazioa, \u201cElkarrekin hazi\u201d eta \u201cJirafa hizkuntza\u201d liburuak, \u201cKira jirafa eta haserrearen diamanteak\u201d ipuinekin formatu desberdinetan erlazioetarako euskarriak sortuz. Eta orain oharkabean, ahots eta musikaz baliatzeak, hitzez azaldu nahi dudana kodigo sentituagoetara eraman nau. Musikak, kantuak, gitarra jotzeak eta dantzak barruko espazioetara eramaten naute, gozamena eta bizitzeko gogoa nigan bizitu egiten direlarik. Dediqu\u00e9 unos cuantos a\u00f1os a los estudios de Psicopedagog\u00eda, Educaci\u00f3n Social y Comunicaci\u00f3n No Violenta. Sigo y seguir\u00e9 en el camino de saber qui\u00e9n soy, queriendo nutrirme de las relaciones que me rodean, a la vez que acompa\u00f1o a las personas que acuden a m\u00ed en sus procesos de descubrimiento. Vivo con toda mi entrega el privilegio de unir la pasi\u00f3n y el oficio. En la \u00faltima d\u00e9cada tambi\u00e9n me he volcado en la creaci\u00f3n de materiales, como el juego did\u00e1ctico Zutani, la aplicaci\u00f3n Zutani, bizitzako altxor kutxa, los libros Crecer juntos y Lenguaje jirafa y el cuento La jirafa Kira y los diamantes del enfado, a\u00f1adiendo, en diferentes formatos, soportes complementarios que mejoren el funcionamiento de las relaciones. Y ahora, me lanzo a expresar en otro registro, ya que la expresi\u00f3n a trav\u00e9s de la m\u00fasica, el canto, la guitarra y la danza me conducen a espacios interiores m\u00e1s amplios, donde pongo en valor el disfrute y las ganas de vivir que se apoderan de m\u00ed. \u2063"}]}},"publishpress_future_workflow_manual_trigger":{"enabledWorkflows":[]},"_links":{"self":[{"href":"https:\/\/nereamendizabal.eus\/es\/wp-json\/wp\/v2\/pages\/2163","targetHints":{"allow":["GET"]}}],"collection":[{"href":"https:\/\/nereamendizabal.eus\/es\/wp-json\/wp\/v2\/pages"}],"about":[{"href":"https:\/\/nereamendizabal.eus\/es\/wp-json\/wp\/v2\/types\/page"}],"author":[{"embeddable":true,"href":"https:\/\/nereamendizabal.eus\/es\/wp-json\/wp\/v2\/users\/1"}],"replies":[{"embeddable":true,"href":"https:\/\/nereamendizabal.eus\/es\/wp-json\/wp\/v2\/comments?post=2163"}],"version-history":[{"count":0,"href":"https:\/\/nereamendizabal.eus\/es\/wp-json\/wp\/v2\/pages\/2163\/revisions"}],"wp:attachment":[{"href":"https:\/\/nereamendizabal.eus\/es\/wp-json\/wp\/v2\/media?parent=2163"}],"curies":[{"name":"wp","href":"https:\/\/api.w.org\/{rel}","templated":true}]}}