{"id":1693,"date":"2019-12-30T15:48:38","date_gmt":"2019-12-30T14:48:38","guid":{"rendered":"https:\/\/nereamendizabal.eus\/politica-de-privacidad\/"},"modified":"2023-02-14T16:19:22","modified_gmt":"2023-02-14T15:19:22","slug":"politica-privacidad","status":"publish","type":"page","link":"https:\/\/nereamendizabal.eus\/es\/politica-privacidad\/","title":{"rendered":"Pol\u00edtica de Privacidad"},"content":{"rendered":"<h1>POL\u00cdTICA DE PRIVACIDAD<\/h1>\n<h3>1. Responsable del tratamiento<\/h3>\n<p>NEREA MENDIZABAL _Plaza uztapide, 3-4\u00ba izq. 20740 Zestoa, Guipuzcoa<br \/>\nDatos de contacto sobre Protecci\u00f3n de Datos: <a href=\"mailto:info@nereamendizabal.eus\">info@nereamendizabal.eus<\/a><\/p>\n<h3>2. \u00bfQu\u00e9 datos tratamos y durante cu\u00e1nto tiempo?<\/h3>\n<p>NEREA MENDIZABAL tratar\u00e1:<br \/>\n(i) los datos de car\u00e1cter personal facilitados con ocasi\u00f3n del registro, en general; identificativos, caracter\u00edsticas personales, y de contacto electr\u00f3nico, en particular;<br \/>\n(ii) Los datos autorizados en caso de registro por medio del login de redes sociales;<br \/>\n(iii) datos derivados de la relaci\u00f3n comercial con NEREA MENDIZABAL, esto es, los procedentes del uso de los distintos Servicios;<br \/>\n(iv) en su caso, aquellos que se faciliten en el proceso de compra o contrataci\u00f3n, en general.<br \/>\n(v) los resultantes de procesos inform\u00e1ticos (h\u00e1bitos de navegaci\u00f3n o uso del MEDIO Y\/O ENTORNO DIGITAL), Direcci\u00f3n IP e informaci\u00f3n recopilada a trav\u00e9s de cookies, etiquetas de p\u00edxel y otras tecnolog\u00edas;<br \/>\n(vi) aquellos que NEREA MENDIZABAL pueda inferir a partir de datos l\u00edcitamente obtenidos.<br \/>\nNEREA MENDIZABAL tratar\u00e1 y almacenar\u00e1 los datos mientras el usuario est\u00e9 activo en el MEDIO Y\/O ENTORNO DIGITA, y sea cliente, as\u00ed como durante el plazo de prescripci\u00f3n de obligaciones legales, que pudieran nacer de posibles responsabilidades vinculadas al tratamiento de los datos de cliente.<\/p>\n<h3>3. \u00bfEn qu\u00e9 consiente el Usuario cuando facilita sus datos?<\/h3>\n<p>NEREA MENDIZABAL, propietaria del medio y\/o entorno digital, almacenar\u00e1 en un fichero los datos de car\u00e1cter personal necesarios, enumerados en el apartado precedente, con la finalidad de:<br \/>\n(i) Prestar el servicio demandado por el usuario y que ofrece el MEDIO Y\/O ENTORNO DIGITAL, su mantenimiento y mejora, a base de estudios, elaboraci\u00f3n de perfiles, segmentaciones sobre sus datos y\/o cruces con otros ficheros responsabilidad de NEREA MENDIZABAL.<br \/>\n(ii) Ofrecer promociones ligadas a la condici\u00f3n de Cliente, a trav\u00e9s de medios de comunicaci\u00f3n electr\u00f3nica o no, referentes a productos o servicios del sector donde \u00e9sta desarrolla su actividad.<br \/>\nEl usuario puede oponerse al tratamiento de sus datos con fines promocionales y a la recepci\u00f3n de este tipo de env\u00edos, en el proceso de registro o en un momento posterior, siguiendo el procedimiento para el ejercicio de derechos descrito en el apartado 4.<br \/>\n(iii) Facilitar el proceso de alta en el MEDIO Y\/O ENTORNO DIGITAL, a trav\u00e9s de distintos canales. NEREA MENDIZABAL, para efectuar el registro podr\u00e1 desarrollar un proceso que permita aprovechar los datos ya existentes del Usuario en otros ficheros de NEREA MENDIZABAL y que resulten \u00fatiles para efectuar el alta; en ese caso, se informar\u00e1 debidamente al Usuario, para obtener su consentimiento.<\/p>\n<h3>4. \u00bfA qu\u00e9 destinatarios se comunicar\u00e1n tus datos?<\/h3>\n<p>No cedemos tus datos, salvo obligaci\u00f3n legal. A\u00fan as\u00ed debes saber que trabajamos con empresas que se encargan de ciertos tratamientos y que, como tales, tienen acceso a ciertos datos. Por ejemplo, si hemos firmado un contrato, tus datos ser\u00e1n comunicados a nuestra asesor\u00eda fiscal y contable.<br \/>\nTambi\u00e9n trabajamos con una empresa encargada del alojamiento web. Para ello hemos elegido una empresa espa\u00f1ola, asegurando as\u00ed que tus datos est\u00e9n amparados por la normativa estatal y europea.<br \/>\nComo ya comunicamos en la Pol\u00edtica de cookies, trabajamos con Google tanto para las comunicaciones electr\u00f3nicas (Gmail) como para la anal\u00edtica web (Google Analitycs). Esta empresa estadounidense cumple los est\u00e1ndares de privacidad establecidos por la Uni\u00f3n Europea, hall\u00e1ndose dentro del acuerdo Privacy Shield.<br \/>\nPara el env\u00edo del email marketing, contamos con la empresa titular de Mailrelay.com (en adelante, el Site) es CPC SERVICIOS INFORMATICOS SL, con domicilio en C\/ Nardo, 12 28250 \u2013 Torrelodones \u2013 Madrid \u2013 Espa\u00f1a, con n\u00famero de C.I.F: ESB83964601, inscrita en el Registro Mercantil de Madrid. Tomo 19.999. Libro 0. Folio 182 (en adelante, Mailrelay).<br \/>\nDisponemos de un contrato de confidencialidad con nuestros colaboradores encargados del tratamiento, quienes se comprometen a garantizar la seguridad de tus datos y a cumplir con la legislaci\u00f3n vigente en dicha materia<\/p>\n<h3>5. \u00bfPuede el usuario oponerse a recibir comunicaciones comerciales o al tratamiento con fines promocionales?<\/h3>\n<p>El Usuario puede oponerse en cualquier momento a recibir comunicaciones y al tratamiento de sus datos para fines comerciales y promocionales, conect\u00e1ndonos a trav\u00e9s de <a href=\"mailto:info@nereamendizabal.eus\">info@nereamendizabal.eus<\/a>;<\/p>\n<h3>6. \u00bfLos datos son comunicados a terceros?<\/h3>\n<p>Administraci\u00f3n P\u00fablica, Juzgados y Tribunales<br \/>\nSi las autoridades gubernamentales, tales como los cuerpos de seguridad del estado, Jueces y\/o Tribunales, solicitan o requieren informaci\u00f3n o si es necesario presentarla para cumplir alguna Ley, NEREA MENDIZABAL comunicar\u00e1 a dichos terceros los datos que \u00e9stos formalmente soliciten.<\/p>\n<h3>7. \u00bfC\u00f3mo puede el cliente ejercer sus derechos de revocaci\u00f3n, acceso, supresi\u00f3n, oposici\u00f3n, rectificaci\u00f3n, limitaci\u00f3n, portabilidad?<\/h3>\n<p>Todo cliente podr\u00e1 ejercitar los derechos de acceso, rectificaci\u00f3n, supresi\u00f3n, revocar su consentimiento, oponerse a su tratamiento, limitar el mismo y\/o solicitar la portabilidad de sus datos, a trav\u00e9s de <a href=\"mailto:info@nereamendizabal.eus\">info@nereamendizabal.eus<\/a>; contactando con a trav\u00e9s de 628859282 o por escrito a NEREA MENDIZABAL, plaza uztapide 3-4\u00ba izq, ZESTOA, Guip\u00fazcoa.<\/p>\n<h3>8. Medidas de Seguridad y Confidencialidad de la informaci\u00f3n.<\/h3>\n<p>NEREA MENDIZABAL ha adoptado las medidas oportunas de seguridad en sus instalaciones, sistemas y ficheros. Ha establecido todos los medios t\u00e9cnicos a su alcance para evitar la p\u00e9rdida, mal uso, alteraci\u00f3n, acceso no autorizado y robo de los datos que el cliente facilite, velando as\u00ed por su integridad, disponibilidad y confidencialidad.<\/p>\n<h3>9. Pol\u00edtica de Cookies<\/h3>\n<p>NEREA MENDIZABAL utiliza cookies. Toda la informaci\u00f3n al respecto en la <a href=\"https:\/\/nereamendizabal.eus\/es\/politica-cookies\/\" target=\"_blank\" rel=\"noopener noreferrer\">Pol\u00edtica de Cookies<\/a>.<\/p>\n<h3>10. Cambios en la Pol\u00edtica de Privacidad<\/h3>\n<p>NEREA MENDIZABAL cumple escrupulosamente con las leyes aplicables a la protecci\u00f3n de datos y la privacidad de los usuarios. Para ello, se reserva el derecho a modificar unilateralmente, en cualquier momento y sin aviso previo, las condiciones de la presente Pol\u00edtica de protecci\u00f3n de datos para adecuarla a cualquier cambio normativo o a cualquier modificaci\u00f3n en la presentaci\u00f3n y configuraci\u00f3n del Portal.<\/p>\n","protected":false},"excerpt":{"rendered":"<p>POL\u00cdTICA DE PRIVACIDAD 1. Responsable del tratamiento NEREA MENDIZABAL _Plaza uztapide, 3-4\u00ba izq. 20740 Zestoa, Guipuzcoa Datos de contacto sobre Protecci\u00f3n de Datos: info@nereamendizabal.eus 2. \u00bfQu\u00e9 datos tratamos y durante cu\u00e1nto tiempo? NEREA MENDIZABAL tratar\u00e1: (i) los datos de car\u00e1cter personal facilitados con ocasi\u00f3n del registro, en general; identificativos, caracter\u00edsticas personales, y de contacto electr\u00f3nico, [&hellip;]<\/p>\n","protected":false},"author":1,"featured_media":0,"parent":0,"menu_order":0,"comment_status":"closed","ping_status":"open","template":"","meta":{"om_disable_all_campaigns":false,"footnotes":""},"class_list":["post-1693","page","type-page","status-publish","hentry"],"yoast_head":"<!-- This site is optimized with the Yoast SEO plugin v27.4 - https:\/\/yoast.com\/product\/yoast-seo-wordpress\/ -->\n<title>Pol\u00edtica de Privacidad - Nerea Mendizabal<\/title>\n<meta name=\"robots\" content=\"noindex, nofollow\" \/>\n<meta property=\"og:locale\" content=\"es_ES\" \/>\n<meta property=\"og:type\" content=\"article\" \/>\n<meta property=\"og:title\" content=\"Pol\u00edtica de Privacidad - Nerea Mendizabal\" \/>\n<meta property=\"og:description\" content=\"POL\u00cdTICA DE PRIVACIDAD 1. Responsable del tratamiento NEREA MENDIZABAL _Plaza uztapide, 3-4\u00ba izq. 20740 Zestoa, Guipuzcoa Datos de contacto sobre Protecci\u00f3n de Datos: info@nereamendizabal.eus 2. \u00bfQu\u00e9 datos tratamos y durante cu\u00e1nto tiempo? NEREA MENDIZABAL tratar\u00e1: (i) los datos de car\u00e1cter personal facilitados con ocasi\u00f3n del registro, en general; identificativos, caracter\u00edsticas personales, y de contacto electr\u00f3nico, [&hellip;]\" \/>\n<meta property=\"og:url\" content=\"https:\/\/nereamendizabal.eus\/es\/politica-privacidad\/\" \/>\n<meta property=\"og:site_name\" content=\"Nerea Mendizabal\" \/>\n<meta property=\"article:modified_time\" content=\"2023-02-14T15:19:22+00:00\" \/>\n<meta name=\"twitter:card\" content=\"summary_large_image\" \/>\n<meta name=\"twitter:label1\" content=\"Tiempo de lectura\" \/>\n\t<meta name=\"twitter:data1\" content=\"6 minutos\" \/>\n<script type=\"application\/ld+json\" class=\"yoast-schema-graph\">{\"@context\":\"https:\\\/\\\/schema.org\",\"@graph\":[{\"@type\":\"WebPage\",\"@id\":\"https:\\\/\\\/nereamendizabal.eus\\\/es\\\/politica-privacidad\\\/\",\"url\":\"https:\\\/\\\/nereamendizabal.eus\\\/es\\\/politica-privacidad\\\/\",\"name\":\"Pol\u00edtica de Privacidad - Nerea Mendizabal\",\"isPartOf\":{\"@id\":\"https:\\\/\\\/nereamendizabal.eus\\\/es\\\/#website\"},\"datePublished\":\"2019-12-30T14:48:38+00:00\",\"dateModified\":\"2023-02-14T15:19:22+00:00\",\"breadcrumb\":{\"@id\":\"https:\\\/\\\/nereamendizabal.eus\\\/es\\\/politica-privacidad\\\/#breadcrumb\"},\"inLanguage\":\"es\",\"potentialAction\":[{\"@type\":\"ReadAction\",\"target\":[\"https:\\\/\\\/nereamendizabal.eus\\\/es\\\/politica-privacidad\\\/\"]}]},{\"@type\":\"BreadcrumbList\",\"@id\":\"https:\\\/\\\/nereamendizabal.eus\\\/es\\\/politica-privacidad\\\/#breadcrumb\",\"itemListElement\":[{\"@type\":\"ListItem\",\"position\":1,\"name\":\"Portada\",\"item\":\"https:\\\/\\\/nereamendizabal.eus\\\/es\\\/\"},{\"@type\":\"ListItem\",\"position\":2,\"name\":\"Pol\u00edtica de Privacidad\"}]},{\"@type\":\"WebSite\",\"@id\":\"https:\\\/\\\/nereamendizabal.eus\\\/es\\\/#website\",\"url\":\"https:\\\/\\\/nereamendizabal.eus\\\/es\\\/\",\"name\":\"Nerea Mendizabal\",\"description\":\"Comunicaci\u00f3n No Violenta\",\"publisher\":{\"@id\":\"https:\\\/\\\/nereamendizabal.eus\\\/es\\\/#\\\/schema\\\/person\\\/bd256c9b2004cb1f2b7810545da489b1\"},\"potentialAction\":[{\"@type\":\"SearchAction\",\"target\":{\"@type\":\"EntryPoint\",\"urlTemplate\":\"https:\\\/\\\/nereamendizabal.eus\\\/es\\\/?s={search_term_string}\"},\"query-input\":{\"@type\":\"PropertyValueSpecification\",\"valueRequired\":true,\"valueName\":\"search_term_string\"}}],\"inLanguage\":\"es\"},{\"@type\":[\"Person\",\"Organization\"],\"@id\":\"https:\\\/\\\/nereamendizabal.eus\\\/es\\\/#\\\/schema\\\/person\\\/bd256c9b2004cb1f2b7810545da489b1\",\"name\":\"Nerea Mendizabal (Zestoa, 1976)\",\"image\":{\"@type\":\"ImageObject\",\"inLanguage\":\"es\",\"@id\":\"https:\\\/\\\/nereamendizabal.eus\\\/wp-content\\\/uploads\\\/2019\\\/12\\\/Logo-Nerea-Mendizabal-movil-1x.png\",\"url\":\"https:\\\/\\\/nereamendizabal.eus\\\/wp-content\\\/uploads\\\/2019\\\/12\\\/Logo-Nerea-Mendizabal-movil-1x.png\",\"contentUrl\":\"https:\\\/\\\/nereamendizabal.eus\\\/wp-content\\\/uploads\\\/2019\\\/12\\\/Logo-Nerea-Mendizabal-movil-1x.png\",\"width\":237,\"height\":56,\"caption\":\"Nerea Mendizabal (Zestoa, 1976)\"},\"logo\":{\"@id\":\"https:\\\/\\\/nereamendizabal.eus\\\/wp-content\\\/uploads\\\/2019\\\/12\\\/Logo-Nerea-Mendizabal-movil-1x.png\"},\"description\":\"Psikopedagogia, Gizarte hezkuntza eta Komunikazio Ez Bortitzeko ikasketei urte batzuk eskaini nizkion. Nor naizen jakiteko bidean jarraitzen dut eta jarraituko dut, erlazioetan elikatu nahian eta besteen aurkikuntza prozesuetan bidelagun izatearekin batera. Pasioa eta ogibidea bat eginda bizitzearen pribilegioa bizi dut. Azken hamarkadan materialen sorkuntzak ere biziki harrapatu nau, \u201cZutani\u201d jolas didaktikoa, \u201cZutani, bizitzako altxor kutxa\u201d aplikazioa, \u201cElkarrekin hazi\u201d eta \u201cJirafa hizkuntza\u201d liburuak, \u201cKira jirafa eta haserrearen diamanteak\u201d ipuinekin formatu desberdinetan erlazioetarako euskarriak sortuz. Eta orain oharkabean, ahots eta musikaz baliatzeak, hitzez azaldu nahi dudana kodigo sentituagoetara eraman nau. Musikak, kantuak, gitarra jotzeak eta dantzak barruko espazioetara eramaten naute, gozamena eta bizitzeko gogoa nigan bizitu egiten direlarik. Dediqu\u00e9 unos cuantos a\u00f1os a los estudios de Psicopedagog\u00eda, Educaci\u00f3n Social y Comunicaci\u00f3n No Violenta. Sigo y seguir\u00e9 en el camino de saber qui\u00e9n soy, queriendo nutrirme de las relaciones que me rodean, a la vez que acompa\u00f1o a las personas que acuden a m\u00ed en sus procesos de descubrimiento. Vivo con toda mi entrega el privilegio de unir la pasi\u00f3n y el oficio. En la \u00faltima d\u00e9cada tambi\u00e9n me he volcado en la creaci\u00f3n de materiales, como el juego did\u00e1ctico Zutani, la aplicaci\u00f3n Zutani, bizitzako altxor kutxa, los libros Crecer juntos y Lenguaje jirafa y el cuento La jirafa Kira y los diamantes del enfado, a\u00f1adiendo, en diferentes formatos, soportes complementarios que mejoren el funcionamiento de las relaciones. Y ahora, me lanzo a expresar en otro registro, ya que la expresi\u00f3n a trav\u00e9s de la m\u00fasica, el canto, la guitarra y la danza me conducen a espacios interiores m\u00e1s amplios, donde pongo en valor el disfrute y las ganas de vivir que se apoderan de m\u00ed. \u2063\"}]}<\/script>\n<!-- \/ Yoast SEO plugin. -->","yoast_head_json":{"title":"Pol\u00edtica de Privacidad - Nerea Mendizabal","robots":{"index":"noindex","follow":"nofollow"},"og_locale":"es_ES","og_type":"article","og_title":"Pol\u00edtica de Privacidad - Nerea Mendizabal","og_description":"POL\u00cdTICA DE PRIVACIDAD 1. Responsable del tratamiento NEREA MENDIZABAL _Plaza uztapide, 3-4\u00ba izq. 20740 Zestoa, Guipuzcoa Datos de contacto sobre Protecci\u00f3n de Datos: info@nereamendizabal.eus 2. \u00bfQu\u00e9 datos tratamos y durante cu\u00e1nto tiempo? NEREA MENDIZABAL tratar\u00e1: (i) los datos de car\u00e1cter personal facilitados con ocasi\u00f3n del registro, en general; identificativos, caracter\u00edsticas personales, y de contacto electr\u00f3nico, [&hellip;]","og_url":"https:\/\/nereamendizabal.eus\/es\/politica-privacidad\/","og_site_name":"Nerea Mendizabal","article_modified_time":"2023-02-14T15:19:22+00:00","twitter_card":"summary_large_image","twitter_misc":{"Tiempo de lectura":"6 minutos"},"schema":{"@context":"https:\/\/schema.org","@graph":[{"@type":"WebPage","@id":"https:\/\/nereamendizabal.eus\/es\/politica-privacidad\/","url":"https:\/\/nereamendizabal.eus\/es\/politica-privacidad\/","name":"Pol\u00edtica de Privacidad - Nerea Mendizabal","isPartOf":{"@id":"https:\/\/nereamendizabal.eus\/es\/#website"},"datePublished":"2019-12-30T14:48:38+00:00","dateModified":"2023-02-14T15:19:22+00:00","breadcrumb":{"@id":"https:\/\/nereamendizabal.eus\/es\/politica-privacidad\/#breadcrumb"},"inLanguage":"es","potentialAction":[{"@type":"ReadAction","target":["https:\/\/nereamendizabal.eus\/es\/politica-privacidad\/"]}]},{"@type":"BreadcrumbList","@id":"https:\/\/nereamendizabal.eus\/es\/politica-privacidad\/#breadcrumb","itemListElement":[{"@type":"ListItem","position":1,"name":"Portada","item":"https:\/\/nereamendizabal.eus\/es\/"},{"@type":"ListItem","position":2,"name":"Pol\u00edtica de Privacidad"}]},{"@type":"WebSite","@id":"https:\/\/nereamendizabal.eus\/es\/#website","url":"https:\/\/nereamendizabal.eus\/es\/","name":"Nerea Mendizabal","description":"Comunicaci\u00f3n No Violenta","publisher":{"@id":"https:\/\/nereamendizabal.eus\/es\/#\/schema\/person\/bd256c9b2004cb1f2b7810545da489b1"},"potentialAction":[{"@type":"SearchAction","target":{"@type":"EntryPoint","urlTemplate":"https:\/\/nereamendizabal.eus\/es\/?s={search_term_string}"},"query-input":{"@type":"PropertyValueSpecification","valueRequired":true,"valueName":"search_term_string"}}],"inLanguage":"es"},{"@type":["Person","Organization"],"@id":"https:\/\/nereamendizabal.eus\/es\/#\/schema\/person\/bd256c9b2004cb1f2b7810545da489b1","name":"Nerea Mendizabal (Zestoa, 1976)","image":{"@type":"ImageObject","inLanguage":"es","@id":"https:\/\/nereamendizabal.eus\/wp-content\/uploads\/2019\/12\/Logo-Nerea-Mendizabal-movil-1x.png","url":"https:\/\/nereamendizabal.eus\/wp-content\/uploads\/2019\/12\/Logo-Nerea-Mendizabal-movil-1x.png","contentUrl":"https:\/\/nereamendizabal.eus\/wp-content\/uploads\/2019\/12\/Logo-Nerea-Mendizabal-movil-1x.png","width":237,"height":56,"caption":"Nerea Mendizabal (Zestoa, 1976)"},"logo":{"@id":"https:\/\/nereamendizabal.eus\/wp-content\/uploads\/2019\/12\/Logo-Nerea-Mendizabal-movil-1x.png"},"description":"Psikopedagogia, Gizarte hezkuntza eta Komunikazio Ez Bortitzeko ikasketei urte batzuk eskaini nizkion. Nor naizen jakiteko bidean jarraitzen dut eta jarraituko dut, erlazioetan elikatu nahian eta besteen aurkikuntza prozesuetan bidelagun izatearekin batera. Pasioa eta ogibidea bat eginda bizitzearen pribilegioa bizi dut. Azken hamarkadan materialen sorkuntzak ere biziki harrapatu nau, \u201cZutani\u201d jolas didaktikoa, \u201cZutani, bizitzako altxor kutxa\u201d aplikazioa, \u201cElkarrekin hazi\u201d eta \u201cJirafa hizkuntza\u201d liburuak, \u201cKira jirafa eta haserrearen diamanteak\u201d ipuinekin formatu desberdinetan erlazioetarako euskarriak sortuz. Eta orain oharkabean, ahots eta musikaz baliatzeak, hitzez azaldu nahi dudana kodigo sentituagoetara eraman nau. Musikak, kantuak, gitarra jotzeak eta dantzak barruko espazioetara eramaten naute, gozamena eta bizitzeko gogoa nigan bizitu egiten direlarik. Dediqu\u00e9 unos cuantos a\u00f1os a los estudios de Psicopedagog\u00eda, Educaci\u00f3n Social y Comunicaci\u00f3n No Violenta. Sigo y seguir\u00e9 en el camino de saber qui\u00e9n soy, queriendo nutrirme de las relaciones que me rodean, a la vez que acompa\u00f1o a las personas que acuden a m\u00ed en sus procesos de descubrimiento. Vivo con toda mi entrega el privilegio de unir la pasi\u00f3n y el oficio. En la \u00faltima d\u00e9cada tambi\u00e9n me he volcado en la creaci\u00f3n de materiales, como el juego did\u00e1ctico Zutani, la aplicaci\u00f3n Zutani, bizitzako altxor kutxa, los libros Crecer juntos y Lenguaje jirafa y el cuento La jirafa Kira y los diamantes del enfado, a\u00f1adiendo, en diferentes formatos, soportes complementarios que mejoren el funcionamiento de las relaciones. Y ahora, me lanzo a expresar en otro registro, ya que la expresi\u00f3n a trav\u00e9s de la m\u00fasica, el canto, la guitarra y la danza me conducen a espacios interiores m\u00e1s amplios, donde pongo en valor el disfrute y las ganas de vivir que se apoderan de m\u00ed. \u2063"}]}},"publishpress_future_workflow_manual_trigger":{"enabledWorkflows":[]},"_links":{"self":[{"href":"https:\/\/nereamendizabal.eus\/es\/wp-json\/wp\/v2\/pages\/1693","targetHints":{"allow":["GET"]}}],"collection":[{"href":"https:\/\/nereamendizabal.eus\/es\/wp-json\/wp\/v2\/pages"}],"about":[{"href":"https:\/\/nereamendizabal.eus\/es\/wp-json\/wp\/v2\/types\/page"}],"author":[{"embeddable":true,"href":"https:\/\/nereamendizabal.eus\/es\/wp-json\/wp\/v2\/users\/1"}],"replies":[{"embeddable":true,"href":"https:\/\/nereamendizabal.eus\/es\/wp-json\/wp\/v2\/comments?post=1693"}],"version-history":[{"count":2,"href":"https:\/\/nereamendizabal.eus\/es\/wp-json\/wp\/v2\/pages\/1693\/revisions"}],"predecessor-version":[{"id":4593,"href":"https:\/\/nereamendizabal.eus\/es\/wp-json\/wp\/v2\/pages\/1693\/revisions\/4593"}],"wp:attachment":[{"href":"https:\/\/nereamendizabal.eus\/es\/wp-json\/wp\/v2\/media?parent=1693"}],"curies":[{"name":"wp","href":"https:\/\/api.w.org\/{rel}","templated":true}]}}